{"id":64615,"date":"2025-10-03T10:58:36","date_gmt":"2025-10-03T08:58:36","guid":{"rendered":"https:\/\/elissa-yachting.fr\/produit\/philip-and-son-of-darthmout-bateau-phare-light-vessel-1939"},"modified":"2026-04-09T02:02:35","modified_gmt":"2026-04-09T00:02:35","slug":"philip-and-son-of-darthmout-bateau-phare-light-vessel-1939","status":"publish","type":"product","link":"https:\/\/elissa-yachting.fr\/en\/produit\/philip-and-son-of-darthmout-bateau-phare-light-vessel-1939","title":{"rendered":"Philip and Son of Darthmout Bateau Phare &#8211; Light Vessel <br>1939"},"content":{"rendered":"<h1>Philip and Son of Darthmout Bateau Phare &#8211; Light Vessel -1939<\/h1>\n<p>Philip and Son of Darthmout Bateau Phare &#8211; Light Vessel<\/p>\n<p>Bateau phare (Light Vessel LV94 de 1939 \u2013 initialement au Port d\u2019Amsterdam), transform\u00e9 en ERP (Etablissement recevant du public \u2013 de 4eme cat (300 pax) et en standby sur le Port de SETE (France)<\/p>\n<p>Le bateau a \u00e9t\u00e9 enti\u00e8rement restaur\u00e9 en 2018 \u2013 2020 (conformit\u00e9 s\u00e9curit\u00e9 publique) et a d\u00e9j\u00e0 particip\u00e9 au centenaire Georges BRASSENS en 2021 sur la ville de SETE \/ France .<\/p>\n<p>Le dernier sondage coque a \u00e9t\u00e9 r\u00e9alis\u00e9 en D\u00e9cembre 2016 par la COMEX nucl\u00e9aire.<\/p>\n<p>Support am\u00e9nagement int\u00e9rieur \u00e9lectricit\u00e9 Neuf et SSI 4\u00e8me Cat\u00e9gorie ( 300 Pax)<\/p>\n<p>Un restaurant 70 places int\u00e9rieures + surpont bar \u00e9v\u00e8nementiel et restauration 80 pers + Salle de concert 150 places debout et un bar,<br \/>\nterrasse avant bar desserte.<\/p>\n<p>Le Bateau RAZZLE est vendu hors \u00e9quipement cuisine, lumi\u00e8res et son (en loc).<\/p>\n<p>Phare, m\u00e2ts et superstructure terrasse pont d\u00e9montable<\/p>\n<p>Les papiers de conformit\u00e9 sont Fran\u00e7ais (europ\u00e9en) ; le bateau phare est visitable sur le Port de SETE, mais en cas d\u2019acquisition, devra quitter le Port.<\/p>\n<p>Le bateau a d\u00e9j\u00e0 \u00e9t\u00e9 remorqu\u00e9 d\u2019Amsterdam \u00e0 Marseille en 2017.<\/p>\n<p>Le bateau est toujours sous immatriculation des pays bas et poss\u00e8de tous les papiers r\u00e8glementaires fran\u00e7ais pour recevoir du public.<\/p>\n<p>Attention \u00e0 Pr\u00e9voir sur la partie ext\u00e9rieur de la coque ( serrurerie, porte, et sous marine )<\/p>\n","protected":false},"excerpt":{"rendered":"<p>Philip and Son of Darthmout Bateau Phare &#8211; Light Vessel -1939 Philip and Son of Darthmout Bateau Phare &#8211; Light [&hellip;]<\/p>\n","protected":false},"featured_media":64616,"template":"","meta":{"_acf_changed":false,"_uag_custom_page_level_css":"","site-sidebar-layout":"default","site-content-layout":"","ast-site-content-layout":"default","site-content-style":"default","site-sidebar-style":"default","ast-global-header-display":"","ast-banner-title-visibility":"","ast-main-header-display":"","ast-hfb-above-header-display":"","ast-hfb-below-header-display":"","ast-hfb-mobile-header-display":"","site-post-title":"","ast-breadcrumbs-content":"","ast-featured-img":"","footer-sml-layout":"","ast-disable-related-posts":"","theme-transparent-header-meta":"","adv-header-id-meta":"","stick-header-meta":"","header-above-stick-meta":"","header-main-stick-meta":"","header-below-stick-meta":"","astra-migrate-meta-layouts":"default","ast-page-background-enabled":"default","ast-page-background-meta":{"desktop":{"background-color":"var(--ast-global-color-5)","background-image":"","background-repeat":"repeat","background-position":"center center","background-size":"auto","background-attachment":"scroll","background-type":"","background-media":"","overlay-type":"","overlay-color":"","overlay-opacity":"","overlay-gradient":""},"tablet":{"background-color":"","background-image":"","background-repeat":"repeat","background-position":"center center","background-size":"auto","background-attachment":"scroll","background-type":"","background-media":"","overlay-type":"","overlay-color":"","overlay-opacity":"","overlay-gradient":""},"mobile":{"background-color":"","background-image":"","background-repeat":"repeat","background-position":"center center","background-size":"auto","background-attachment":"scroll","background-type":"","background-media":"","overlay-type":"","overlay-color":"","overlay-opacity":"","overlay-gradient":""}},"ast-content-background-meta":{"desktop":{"background-color":"var(--ast-global-color-4)","background-image":"","background-repeat":"repeat","background-position":"center center","background-size":"auto","background-attachment":"scroll","background-type":"","background-media":"","overlay-type":"","overlay-color":"","overlay-opacity":"","overlay-gradient":""},"tablet":{"background-color":"var(--ast-global-color-4)","background-image":"","background-repeat":"repeat","background-position":"center center","background-size":"auto","background-attachment":"scroll","background-type":"","background-media":"","overlay-type":"","overlay-color":"","overlay-opacity":"","overlay-gradient":""},"mobile":{"background-color":"var(--ast-global-color-4)","background-image":"","background-repeat":"repeat","background-position":"center center","background-size":"auto","background-attachment":"scroll","background-type":"","background-media":"","overlay-type":"","overlay-color":"","overlay-opacity":"","overlay-gradient":""}}},"product_brand":[46],"product_cat":[123,133],"product_tag":[],"broker":[109],"class_list":{"0":"post-64615","1":"product","2":"type-product","3":"status-publish","4":"has-post-thumbnail","6":"product_brand-philip-and-son-of-darthmout","7":"product_cat-flybridge-motor-yacht","8":"product_cat-moteur","9":"broker-laurent","10":"desktop-align-left","11":"tablet-align-left","12":"mobile-align-left","13":"ast-product-gallery-layout-horizontal-slider","14":"ast-magnify-disabled","15":"ast-product-tabs-layout-horizontal","17":"first","18":"instock","19":"purchasable","20":"product-type-simple"},"acf":[],"spectra_custom_meta":{"total_sales":["0"],"_tax_status":["none"],"_tax_class":[""],"_manage_stock":["no"],"_backorders":["no"],"_sold_individually":["no"],"_virtual":["no"],"_downloadable":["no"],"_download_limit":["-1"],"_download_expiry":["-1"],"_stock":[null],"_stock_status":["instock"],"_thumbnail_id":["64616"],"_product_image_gallery":["64618,64620,64622,64624,64626,64628,64630,64632,64634,64636,64638,64640,64642,64644,64646,64648,64650,64652,64654,64656,64658,64660,64662,"],"_wc_review_count":["0"],"_wc_rating_count":["0"],"_wc_average_rating":["0"],"_sku":["8935548"],"_regular_price":["825000"],"_product_version":["10.6.1"],"_price":["825000"],"_wc_gla_sync_status":["synced"],"loa":["40.82"],"lod":[""],"lwl":[""],"beam":["7.2"],"draft":["4.6"],"min_draft":[""],"air_draft":[""],"year":["1939"],"acf_manufacturer":["Philip and Son of Darthmout"],"acf_model":["Bateau Phare - Light Vessel"],"acf_boat_type":[""],"keel_type":[""],"displacement":[""],"ballast":[""],"designer":[""],"tank":[""],"tank_unit":[""],"freshwater_capacity":[""],"engine_quantity":["1"],"engin_type":[""],"engine_manufacturer":[""],"engin_model":[""],"drive_type":[""],"horse_power":[""],"engine_hours":[""],"propeller_type":[""],"propeller_material":[""],"joystick":["false"],"fuel":[""],"cabins":[""],"berths":["0"],"toilet":["0"],"furling_mainsail":["false"],"genoa":["false"],"furling_genoa":["false"],"storm_jib":[""],"asymetric_spinnaker":[""],"gennaker":[""],"battened_mainsail":[""],"symetric_spinnaker_brand":[""],"depthounder":[""],"log_speedometer":[""],"wind_speed_direction":[""],"navigation_center":[""],"autopilot":[""],"compass":[""],"gps":[""],"ais":[""],"radar":[""],"radar_detector":[""],"radio":[""],"repeater":[""],"flat_screen_tv":[""],"cockpit_speaker":[""],"plotter":["false"],"4_5_G":[""],"steering_wheel":[""],"tiller":[""],"spinnaker_pole":[""],"electric_winch":[""],"battery_charger":["false"],"deep_freezer":["true"],"refrigerator":["true"],"chemical_head":["false"],"marine_head":["false"],"electric_head":["false"],"fresh_water_maker":[""],"hot_water":[""],"bow_thruster":[""],"dishwasher":[""],"manual_bilge_pump":[""],"washing_machine":[""],"microwave_oven":[""],"electric_bilge_pump":[""],"oven":[""],"sea_water_pump":[""],"heating":["true"],"air_compressor":[""],"air_conditioning":["true"],"stern_thruster":[""],"bimini_top":["false"],"spray_hood":["false"],"cockpit_cover":["false"],"lazyjacks":["false"],"lazy_bag":[""],"genoa_cover":[""],"davits":["false"],"windlass":["false"],"solar_panel":[""],"swimming_ladder":["false"],"tender":[""],"gangway":[""],"teak_cockpit":[""],"hydraulic_gangway":[""],"solar_panel_details":[""],"outboard_engine_brackets":[""],"wind_generator":[""],"inverter":[""],"generator":[""],"shore_power_inlet":["true"],"forename":["Laurent"],"surname":["Rouxel"],"phone":["+33 6 79 86 39 83","+33 6 79 86 39 83"],"liferaft":[""],"safety_equipment_firefigting":[""],"safety_equipment_pump":[""],"acf_new_or_used":["Used"],"acf_vessel_lying":["S\u00e8te"],"acf_vat_included":["false"],"acf_boat_category":[""],"pays_visible":["France"],"_yoast_wpseo_title":["A vendre Philip and Son of Darthmout Bateau Phare - Light Vessel <br>1939"],"_yoast_wpseo_focuskw":["motor occasion"],"_yoast_wpseo_metadesc":["Philip and Son of Darthmout Bateau Phare - Light Vessel\n\nBateau phare (Light Vessel LV94 de 1939 \u2013 initialement au Port d\u2019Amsterdam), transform\u00e9 en ERP (Etablissement recevant du public \u2013 de 4eme cat (300 pax) et en standby sur le Port de SETE (France)\n\nLe bateau a \u00e9t\u00e9 enti\u00e8rement restaur\u00e9 en 2018 \u2013 2020 (conformit\u00e9 s\u00e9curit\u00e9 publique) et a d\u00e9j\u00e0 particip\u00e9 au centenaire Georges BRASSENS en 2021 sur la ville de SETE \/ France .\n\nLe dernier sondage coque a \u00e9t\u00e9 r\u00e9alis\u00e9 en D\u00e9cembre 2016 par la COMEX nucl\u00e9aire.\n\nSupport am\u00e9nagement int\u00e9rieur \u00e9lectricit\u00e9 Neuf et SSI 4\u00e8me Cat\u00e9gorie ( 300 Pax)\n\nUn restaurant 70 places int\u00e9rieures + surpont bar \u00e9v\u00e8nementiel et restauration 80 pers + Salle de concert 150 places debout et un bar,\nterrasse avant bar desserte.\n\nLe Bateau RAZZLE est vendu hors \u00e9quipement cuisine, lumi\u00e8res et son (en loc).\n\nPhare, m\u00e2ts et superstructure terrasse pont d\u00e9montable\n\nLes papiers de conformit\u00e9 sont Fran\u00e7ais (europ\u00e9en) ; le bateau phare est visitable sur le Port de SETE, mais en cas d\u2019acquisition, devra quitter le Port.\n\nLe bateau a d\u00e9j\u00e0 \u00e9t\u00e9 remorqu\u00e9 d\u2019Amsterdam \u00e0 Marseille en 2017.\n\nLe bateau est toujours sous immatriculation des pays bas et poss\u00e8de tous les papiers r\u00e8glementaires fran\u00e7ais pour recevoir du public.\n\nAttention \u00e0 Pr\u00e9voir sur la partie ext\u00e9rieur de la coque ( serrurerie, porte, et sous marine )"],"acf_description_en":["Philip and Son of Darthmout Bateau Phare - Light Vessel\n\n&lt;translation&gt;\nThe former lighthouse ship (Light Vessel LV94 from 1939 - originally in the Port of Amsterdam), converted into a public establishment (4th category (300 pax) and on standby at the Port of SETE (France)\n\nThe boat was completely restored in 2018 - 2020 (public safety compliance) and has already participated in the centenary of Georges BRASSENS in 2021 in the city of SETE \/ France.\n\nThe last hull survey was carried out in December 2016 by COMEX nuclear.\n\nNew interior fit-out, electrics and 4th Category SSI (300 Pax)\n\nA 70-seat indoor restaurant + event bar and catering area on the upper deck for 80 people + a 150-seat concert hall and a bar, front deck bar service.\n\nThe RAZZLE boat is sold without kitchen equipment, lighting and sound (for rent).\n\nLighthouse, masts and demountable terrace deck superstructure\n\nThe compliance documents are French (European); the lighthouse ship can be visited at the Port of SETE, but in case of acquisition, it will have to leave the Port.\n\nThe boat has already been towed from Amsterdam to Marseille in 2017.\n\nThe boat is still registered in the Netherlands and has all the French regulatory documents for public access.\n\nAttention should be paid to the exterior part of the hull (locksmithing, doors, and underwater)\n&lt;\/translation&gt;"],"_wp_page_template":["default"],"_alp_processed":["1775692955"],"_wpml_word_count":["243"],"_wc_gla_synced_at":["1775693004"],"_wc_gla_visibility":["sync-and-show"],"_wc_gla_google_ids":["a:1:{s:2:\"FR\";s:22:\"online:fr:FR:gla_64615\";}"],"_uag_page_assets":["a:9:{s:3:\"css\";s:263:\".uag-blocks-common-selector{z-index:var(--z-index-desktop) !important}@media (max-width: 976px){.uag-blocks-common-selector{z-index:var(--z-index-tablet) !important}}@media (max-width: 767px){.uag-blocks-common-selector{z-index:var(--z-index-mobile) !important}}\n\";s:2:\"js\";s:0:\"\";s:18:\"current_block_list\";a:11:{i:0;s:11:\"core\/search\";i:1;s:10:\"core\/group\";i:2;s:12:\"core\/heading\";i:3;s:17:\"core\/latest-posts\";i:4;s:20:\"core\/latest-comments\";i:5;s:13:\"core\/archives\";i:6;s:15:\"core\/categories\";i:7;s:27:\"woocommerce\/product-filters\";i:8;s:32:\"woocommerce\/product-filter-price\";i:9;s:39:\"woocommerce\/product-filter-price-slider\";i:10;s:11:\"core\/spacer\";}s:8:\"uag_flag\";b:0;s:11:\"uag_version\";s:10:\"1775692999\";s:6:\"gfonts\";a:1:{s:7:\"Default\";a:2:{s:10:\"fontfamily\";s:7:\"Default\";s:12:\"fontvariants\";a:0:{}}}s:10:\"gfonts_url\";s:77:\"https:\/\/fonts.googleapis.com\/css?family=Default&subset=latin&display=fallback\";s:12:\"gfonts_files\";a:0:{}s:14:\"uag_faq_layout\";b:0;}"],"_uag_css_file_name":["uag-css-64615.css"]},"uagb_featured_image_src":{"full":["https:\/\/elissa-yachting.fr\/wp-content\/uploads\/2025\/10\/201842143_110927594560294_3447403181032505350_n_xpD1QcV.jpeg",1024,683,false],"thumbnail":["https:\/\/elissa-yachting.fr\/wp-content\/uploads\/2025\/10\/201842143_110927594560294_3447403181032505350_n_xpD1QcV-150x150.jpeg",150,150,true],"medium":["https:\/\/elissa-yachting.fr\/wp-content\/uploads\/2025\/10\/201842143_110927594560294_3447403181032505350_n_xpD1QcV-300x200.jpeg",300,200,true],"medium_large":["https:\/\/elissa-yachting.fr\/wp-content\/uploads\/2025\/10\/201842143_110927594560294_3447403181032505350_n_xpD1QcV-768x512.jpeg",768,512,true],"large":["https:\/\/elissa-yachting.fr\/wp-content\/uploads\/2025\/10\/201842143_110927594560294_3447403181032505350_n_xpD1QcV.jpeg",1024,683,false],"1536x1536":["https:\/\/elissa-yachting.fr\/wp-content\/uploads\/2025\/10\/201842143_110927594560294_3447403181032505350_n_xpD1QcV.jpeg",1024,683,false],"2048x2048":["https:\/\/elissa-yachting.fr\/wp-content\/uploads\/2025\/10\/201842143_110927594560294_3447403181032505350_n_xpD1QcV.jpeg",1024,683,false],"woocommerce_thumbnail":["https:\/\/elissa-yachting.fr\/wp-content\/uploads\/2025\/10\/201842143_110927594560294_3447403181032505350_n_xpD1QcV-400x267.jpeg",400,267,true],"woocommerce_single":["https:\/\/elissa-yachting.fr\/wp-content\/uploads\/2025\/10\/201842143_110927594560294_3447403181032505350_n_xpD1QcV-612x408.jpeg",612,408,true],"woocommerce_gallery_thumbnail":["https:\/\/elissa-yachting.fr\/wp-content\/uploads\/2025\/10\/201842143_110927594560294_3447403181032505350_n_xpD1QcV-100x100.jpeg",100,100,true]},"uagb_author_info":{"display_name":"admin","author_link":"https:\/\/elissa-yachting.fr\/en\/author"},"uagb_comment_info":0,"uagb_excerpt":"Philip and Son of Darthmout Bateau Phare &#8211; Light Vessel -1939 Philip and Son of Darthmout Bateau Phare &#8211; Light [&hellip;]","_links":{"self":[{"href":"https:\/\/elissa-yachting.fr\/en\/wp-json\/wp\/v2\/product\/64615","targetHints":{"allow":["GET"]}}],"collection":[{"href":"https:\/\/elissa-yachting.fr\/en\/wp-json\/wp\/v2\/product"}],"about":[{"href":"https:\/\/elissa-yachting.fr\/en\/wp-json\/wp\/v2\/types\/product"}],"wp:featuredmedia":[{"embeddable":true,"href":"https:\/\/elissa-yachting.fr\/en\/wp-json\/wp\/v2\/media\/64616"}],"wp:attachment":[{"href":"https:\/\/elissa-yachting.fr\/en\/wp-json\/wp\/v2\/media?parent=64615"}],"wp:term":[{"taxonomy":"product_brand","embeddable":true,"href":"https:\/\/elissa-yachting.fr\/en\/wp-json\/wp\/v2\/product_brand?post=64615"},{"taxonomy":"product_cat","embeddable":true,"href":"https:\/\/elissa-yachting.fr\/en\/wp-json\/wp\/v2\/product_cat?post=64615"},{"taxonomy":"product_tag","embeddable":true,"href":"https:\/\/elissa-yachting.fr\/en\/wp-json\/wp\/v2\/product_tag?post=64615"},{"taxonomy":"broker","embeddable":true,"href":"https:\/\/elissa-yachting.fr\/en\/wp-json\/wp\/v2\/broker?post=64615"}],"curies":[{"name":"wp","href":"https:\/\/api.w.org\/{rel}","templated":true}]}}