{"id":64703,"date":"2025-10-03T10:58:36","date_gmt":"2025-10-03T08:58:36","guid":{"rendered":"https:\/\/elissa-yachting.fr\/produit\/cranchi-e26-classic-2019"},"modified":"2026-04-07T02:03:25","modified_gmt":"2026-04-07T00:03:25","slug":"cranchi-e26-classic-2019","status":"publish","type":"product","link":"https:\/\/elissa-yachting.fr\/en\/produit\/cranchi-e26-classic-2019","title":{"rendered":"Cranchi E26 Classic <br>2019"},"content":{"rendered":"<h1>Cranchi E26 Classic -2019<\/h1>\n<p>Cranchi E26 Classic<\/p>\n<p>Cranchi E26 Classic &#8211; 1 cabine \/ 1 WC &#8211; 1 x Volvo Penta V6 280cv en Z-drive (108h d\u2019utilisation) et propulseur d&apos;\u00e9trave &#8211; 2019<\/p>\n<p>Cette unit\u00e9 de 2019 au design intemporel est propos\u00e9e \u00e0 la vente. \u00c0 la fois day-cruiser et tender raffin\u00e9, elle combine \u00e9l\u00e9gance et confort \u00e0 son bord.<\/p>\n<p>Elle est \u00e9quip\u00e9e d\u2019un moteur inboard Volvo Penta V6 de 280cv en Z-drive, totalisant seulement 108 heures d\u2019utilisation. Fiable et l\u00e9ger, il offre une vitesse de pointe d\u2019environ 38 n\u0153uds et une consommation ma\u00eetris\u00e9e en vitesse de croisi\u00e8re autour de 25 n\u0153uds. Un propulseur d\u2019\u00e9trave vient faciliter les man\u0153uvres.<\/p>\n<p>Le bateau dispose d\u2019une petite cabine avant avec couchage d\u2019appoint, toilettes et r\u00e9frig\u00e9rateur. Le cockpit, spacieux et convivial, est pens\u00e9 pour le confort avec ses assises pivotantes, sa table r\u00e9tractable, ses banquettes (actuellement en cours de r\u00e9paration) et son taud de soleil qui se dissimule \u00e9l\u00e9gamment sous la banquette.<\/p>\n<p>Toujours entretenu par des professionnels et hivern\u00e9 \u00e0 sec chaque hiver, ce Cranchi E26 Classic ayant une taxe annuelle tr\u00e8s faible se pr\u00e9sente en tr\u00e8s bon \u00e9tat et est pr\u00eat \u00e0 prendre la mer.<\/p>\n<p>Brochure et visites disponibles sur demande.<\/p>\n","protected":false},"excerpt":{"rendered":"<p>Cranchi E26 Classic -2019 Cranchi E26 Classic Cranchi E26 Classic &#8211; 1 cabine \/ 1 WC &#8211; 1 x Volvo [&hellip;]<\/p>\n","protected":false},"featured_media":64704,"template":"","meta":{"_acf_changed":false,"_uag_custom_page_level_css":"","site-sidebar-layout":"default","site-content-layout":"","ast-site-content-layout":"default","site-content-style":"default","site-sidebar-style":"default","ast-global-header-display":"","ast-banner-title-visibility":"","ast-main-header-display":"","ast-hfb-above-header-display":"","ast-hfb-below-header-display":"","ast-hfb-mobile-header-display":"","site-post-title":"","ast-breadcrumbs-content":"","ast-featured-img":"","footer-sml-layout":"","ast-disable-related-posts":"","theme-transparent-header-meta":"","adv-header-id-meta":"","stick-header-meta":"","header-above-stick-meta":"","header-main-stick-meta":"","header-below-stick-meta":"","astra-migrate-meta-layouts":"default","ast-page-background-enabled":"default","ast-page-background-meta":{"desktop":{"background-color":"var(--ast-global-color-5)","background-image":"","background-repeat":"repeat","background-position":"center center","background-size":"auto","background-attachment":"scroll","background-type":"","background-media":"","overlay-type":"","overlay-color":"","overlay-opacity":"","overlay-gradient":""},"tablet":{"background-color":"","background-image":"","background-repeat":"repeat","background-position":"center center","background-size":"auto","background-attachment":"scroll","background-type":"","background-media":"","overlay-type":"","overlay-color":"","overlay-opacity":"","overlay-gradient":""},"mobile":{"background-color":"","background-image":"","background-repeat":"repeat","background-position":"center center","background-size":"auto","background-attachment":"scroll","background-type":"","background-media":"","overlay-type":"","overlay-color":"","overlay-opacity":"","overlay-gradient":""}},"ast-content-background-meta":{"desktop":{"background-color":"var(--ast-global-color-4)","background-image":"","background-repeat":"repeat","background-position":"center center","background-size":"auto","background-attachment":"scroll","background-type":"","background-media":"","overlay-type":"","overlay-color":"","overlay-opacity":"","overlay-gradient":""},"tablet":{"background-color":"var(--ast-global-color-4)","background-image":"","background-repeat":"repeat","background-position":"center center","background-size":"auto","background-attachment":"scroll","background-type":"","background-media":"","overlay-type":"","overlay-color":"","overlay-opacity":"","overlay-gradient":""},"mobile":{"background-color":"var(--ast-global-color-4)","background-image":"","background-repeat":"repeat","background-position":"center center","background-size":"auto","background-attachment":"scroll","background-type":"","background-media":"","overlay-type":"","overlay-color":"","overlay-opacity":"","overlay-gradient":""}}},"product_brand":[103],"product_cat":[133,125],"product_tag":[],"broker":[110],"class_list":{"0":"post-64703","1":"product","2":"type-product","3":"status-publish","4":"has-post-thumbnail","6":"product_brand-cranchi","7":"product_cat-moteur","8":"product_cat-motor-yacht","9":"broker-victor","10":"desktop-align-left","11":"tablet-align-left","12":"mobile-align-left","13":"ast-product-gallery-layout-horizontal-slider","14":"ast-magnify-disabled","15":"ast-product-tabs-layout-horizontal","17":"first","18":"instock","19":"purchasable","20":"product-type-simple"},"acf":[],"spectra_custom_meta":{"total_sales":["0"],"_tax_status":["none"],"_tax_class":[""],"_manage_stock":["no"],"_backorders":["no"],"_sold_individually":["no"],"_virtual":["no"],"_downloadable":["no"],"_download_limit":["-1"],"_download_expiry":["-1"],"_stock":[null],"_stock_status":["instock"],"_thumbnail_id":["64704"],"_product_image_gallery":["64706,64708,64710,64712,64714,64716,64718,64720,64722,64724,64726,64728,64730,64732,64734,64736,64738,64740,"],"_wc_review_count":["0"],"_wc_rating_count":["0"],"_wc_average_rating":["0"],"_sku":["9950020"],"_regular_price":["139000"],"_product_version":["10.6.1"],"_price":["139000"],"_wc_gla_sync_status":["synced"],"loa":["7.8"],"lod":[""],"lwl":[""],"beam":["2.49"],"draft":["0.9"],"min_draft":[""],"air_draft":[""],"year":["2019"],"acf_manufacturer":["Cranchi"],"acf_model":["E26 Classic"],"acf_boat_type":[""],"keel_type":[""],"displacement":[""],"ballast":[""],"designer":[""],"tank":["270"],"tank_unit":["Litres"],"freshwater_capacity":[""],"engine_quantity":["1"],"engin_type":[""],"engine_manufacturer":["Volvo Penta"],"engin_model":["5.7L V6"],"drive_type":["Z-drive"],"horse_power":["280"],"engine_hours":["108"],"propeller_type":["3 pales"],"propeller_material":["Inox"],"joystick":["false"],"fuel":["Essence"],"cabins":["1"],"berths":["2"],"toilet":["0"],"furling_mainsail":["false"],"genoa":["false"],"furling_genoa":["false"],"storm_jib":[""],"asymetric_spinnaker":[""],"gennaker":[""],"battened_mainsail":[""],"symetric_spinnaker_brand":[""],"depthounder":["Garmin Echomap UHD, 2019"],"log_speedometer":[""],"wind_speed_direction":[""],"navigation_center":["Garmin Echomap UHD, 2019"],"autopilot":[""],"compass":["Ritchie, 2019"],"gps":[""],"ais":[""],"radar":[""],"radar_detector":[""],"radio":["Fusion, 2019"],"repeater":[""],"flat_screen_tv":[""],"cockpit_speaker":["true"],"plotter":["true"],"4_5_G":[""],"steering_wheel":[""],"tiller":[""],"spinnaker_pole":[""],"electric_winch":[""],"battery_charger":["false"],"deep_freezer":["false"],"refrigerator":["true"],"chemical_head":["false"],"marine_head":["false"],"electric_head":["false"],"fresh_water_maker":[""],"hot_water":[""],"bow_thruster":["Tunnel (0 Hp)"],"dishwasher":[""],"manual_bilge_pump":["true"],"washing_machine":[""],"microwave_oven":[""],"electric_bilge_pump":["true"],"oven":[""],"sea_water_pump":[""],"heating":[""],"air_compressor":[""],"air_conditioning":[""],"stern_thruster":[""],"bimini_top":["true"],"spray_hood":["true"],"cockpit_cover":["true"],"lazyjacks":["false"],"lazy_bag":[""],"genoa_cover":[""],"davits":["false"],"windlass":["true"],"solar_panel":[""],"swimming_ladder":["true"],"tender":[""],"gangway":[""],"teak_cockpit":["true"],"hydraulic_gangway":[""],"solar_panel_details":[""],"outboard_engine_brackets":[""],"wind_generator":[""],"inverter":[""],"generator":[""],"shore_power_inlet":["Furrion, 220V, 16A"],"forename":["Victor"],"surname":["L\u00e9v\u00eaque"],"phone":["+33 6 43 27 16 01","+33 6 43 27 16 01"],"liferaft":[""],"safety_equipment_firefigting":[""],"safety_equipment_pump":[""],"acf_new_or_used":["Used"],"acf_vessel_lying":["Port Grimaud"],"acf_vat_included":["true"],"acf_boat_category":[""],"pays_visible":["France"],"_yoast_wpseo_title":["A vendre Cranchi E26 Classic <br>2019"],"_yoast_wpseo_focuskw":["motor occasion"],"_yoast_wpseo_metadesc":["Cranchi E26 Classic\n\nCranchi E26 Classic - 1 cabine \/ 1 WC - 1 x Volvo Penta V6 280cv en Z-drive (108h d\u2019utilisation) et propulseur d&apos;\u00e9trave - 2019\n\nCette unit\u00e9 de 2019 au design intemporel est propos\u00e9e \u00e0 la vente. \u00c0 la fois day-cruiser et tender raffin\u00e9, elle combine \u00e9l\u00e9gance et confort \u00e0 son bord.\n\nElle est \u00e9quip\u00e9e d\u2019un moteur inboard Volvo Penta V6 de 280cv en Z-drive, totalisant seulement 108 heures d\u2019utilisation. Fiable et l\u00e9ger, il offre une vitesse de pointe d\u2019environ 38 n\u0153uds et une consommation ma\u00eetris\u00e9e en vitesse de croisi\u00e8re autour de 25 n\u0153uds. Un propulseur d\u2019\u00e9trave vient faciliter les man\u0153uvres.\n\nLe bateau dispose d\u2019une petite cabine avant avec couchage d\u2019appoint, toilettes et r\u00e9frig\u00e9rateur. Le cockpit, spacieux et convivial, est pens\u00e9 pour le confort avec ses assises pivotantes, sa table r\u00e9tractable, ses banquettes (actuellement en cours de r\u00e9paration) et son taud de soleil qui se dissimule \u00e9l\u00e9gamment sous la banquette.\n\nToujours entretenu par des professionnels et hivern\u00e9 \u00e0 sec chaque hiver, ce Cranchi E26 Classic ayant une taxe annuelle tr\u00e8s faible se pr\u00e9sente en tr\u00e8s bon \u00e9tat et est pr\u00eat \u00e0 prendre la mer.\n\nBrochure et visites disponibles sur demande."],"acf_description_en":["Cranchi E26 Classic\n\nCranchi E26 Classic - 1 cabin \/ 1 head - 1 x Volvo Penta V6 280hp Z-drive (108h of use) and bow thruster - 2019\n\nThis 2019 unit with a timeless design is for sale. Both a day-cruiser and a refined tender, it combines elegance and comfort on board.\n\nIt is equipped with a Volvo Penta V6 280hp inboard engine in a Z-drive configuration, with only 108 hours of use. Reliable and lightweight, it offers a top speed of around 38 knots and a controlled fuel consumption at a cruising speed of around 25 knots. A bow thruster facilitates maneuvering.\n\nThe boat has a small forward cabin with an extra berth, a toilet, and a refrigerator. The spacious and friendly cockpit is designed for comfort with its swiveling seats, retractable table, benches (currently undergoing repair) and a sunshade that elegantly hides under the bench.\n\nAlways maintained by professionals and stored ashore every winter, this Cranchi E26 Classic with a very low annual tax is in excellent condition and ready to take to the water.\n\nBrochure and viewings available upon request."],"_wp_page_template":["default"],"_alp_processed":["1775520205"],"_wpml_word_count":["207"],"_wc_gla_synced_at":["1775520353"],"_wc_gla_visibility":["sync-and-show"],"_wc_gla_google_ids":["a:1:{s:2:\"FR\";s:22:\"online:fr:FR:gla_64703\";}"],"_uag_page_assets":["a:9:{s:3:\"css\";s:263:\".uag-blocks-common-selector{z-index:var(--z-index-desktop) !important}@media (max-width: 976px){.uag-blocks-common-selector{z-index:var(--z-index-tablet) !important}}@media (max-width: 767px){.uag-blocks-common-selector{z-index:var(--z-index-mobile) !important}}\n\";s:2:\"js\";s:0:\"\";s:18:\"current_block_list\";a:11:{i:0;s:11:\"core\/search\";i:1;s:10:\"core\/group\";i:2;s:12:\"core\/heading\";i:3;s:17:\"core\/latest-posts\";i:4;s:20:\"core\/latest-comments\";i:5;s:13:\"core\/archives\";i:6;s:15:\"core\/categories\";i:7;s:27:\"woocommerce\/product-filters\";i:8;s:32:\"woocommerce\/product-filter-price\";i:9;s:39:\"woocommerce\/product-filter-price-slider\";i:10;s:11:\"core\/spacer\";}s:8:\"uag_flag\";b:0;s:11:\"uag_version\";s:10:\"1775520207\";s:6:\"gfonts\";a:1:{s:7:\"Default\";a:2:{s:10:\"fontfamily\";s:7:\"Default\";s:12:\"fontvariants\";a:0:{}}}s:10:\"gfonts_url\";s:77:\"https:\/\/fonts.googleapis.com\/css?family=Default&subset=latin&display=fallback\";s:12:\"gfonts_files\";a:0:{}s:14:\"uag_faq_layout\";b:0;}"],"_uag_css_file_name":["uag-css-64703.css"]},"uagb_featured_image_src":{"full":["https:\/\/elissa-yachting.fr\/wp-content\/uploads\/2025\/10\/Cranchy-E26-10_xmgsShL.jpeg",1024,683,false],"thumbnail":["https:\/\/elissa-yachting.fr\/wp-content\/uploads\/2025\/10\/Cranchy-E26-10_xmgsShL-150x150.jpeg",150,150,true],"medium":["https:\/\/elissa-yachting.fr\/wp-content\/uploads\/2025\/10\/Cranchy-E26-10_xmgsShL-300x200.jpeg",300,200,true],"medium_large":["https:\/\/elissa-yachting.fr\/wp-content\/uploads\/2025\/10\/Cranchy-E26-10_xmgsShL-768x512.jpeg",768,512,true],"large":["https:\/\/elissa-yachting.fr\/wp-content\/uploads\/2025\/10\/Cranchy-E26-10_xmgsShL.jpeg",1024,683,false],"1536x1536":["https:\/\/elissa-yachting.fr\/wp-content\/uploads\/2025\/10\/Cranchy-E26-10_xmgsShL.jpeg",1024,683,false],"2048x2048":["https:\/\/elissa-yachting.fr\/wp-content\/uploads\/2025\/10\/Cranchy-E26-10_xmgsShL.jpeg",1024,683,false],"woocommerce_thumbnail":["https:\/\/elissa-yachting.fr\/wp-content\/uploads\/2025\/10\/Cranchy-E26-10_xmgsShL-400x267.jpeg",400,267,true],"woocommerce_single":["https:\/\/elissa-yachting.fr\/wp-content\/uploads\/2025\/10\/Cranchy-E26-10_xmgsShL-612x408.jpeg",612,408,true],"woocommerce_gallery_thumbnail":["https:\/\/elissa-yachting.fr\/wp-content\/uploads\/2025\/10\/Cranchy-E26-10_xmgsShL-100x100.jpeg",100,100,true]},"uagb_author_info":{"display_name":"admin","author_link":"https:\/\/elissa-yachting.fr\/en\/author"},"uagb_comment_info":0,"uagb_excerpt":"Cranchi E26 Classic -2019 Cranchi E26 Classic Cranchi E26 Classic &#8211; 1 cabine \/ 1 WC &#8211; 1 x Volvo [&hellip;]","_links":{"self":[{"href":"https:\/\/elissa-yachting.fr\/en\/wp-json\/wp\/v2\/product\/64703","targetHints":{"allow":["GET"]}}],"collection":[{"href":"https:\/\/elissa-yachting.fr\/en\/wp-json\/wp\/v2\/product"}],"about":[{"href":"https:\/\/elissa-yachting.fr\/en\/wp-json\/wp\/v2\/types\/product"}],"wp:featuredmedia":[{"embeddable":true,"href":"https:\/\/elissa-yachting.fr\/en\/wp-json\/wp\/v2\/media\/64704"}],"wp:attachment":[{"href":"https:\/\/elissa-yachting.fr\/en\/wp-json\/wp\/v2\/media?parent=64703"}],"wp:term":[{"taxonomy":"product_brand","embeddable":true,"href":"https:\/\/elissa-yachting.fr\/en\/wp-json\/wp\/v2\/product_brand?post=64703"},{"taxonomy":"product_cat","embeddable":true,"href":"https:\/\/elissa-yachting.fr\/en\/wp-json\/wp\/v2\/product_cat?post=64703"},{"taxonomy":"product_tag","embeddable":true,"href":"https:\/\/elissa-yachting.fr\/en\/wp-json\/wp\/v2\/product_tag?post=64703"},{"taxonomy":"broker","embeddable":true,"href":"https:\/\/elissa-yachting.fr\/en\/wp-json\/wp\/v2\/broker?post=64703"}],"curies":[{"name":"wp","href":"https:\/\/api.w.org\/{rel}","templated":true}]}}