{"id":65586,"date":"2025-10-03T11:02:44","date_gmt":"2025-10-03T09:02:44","guid":{"rendered":"https:\/\/elissa-yachting.fr\/produit\/lagoon-52-2014"},"modified":"2026-04-07T02:02:53","modified_gmt":"2026-04-07T00:02:53","slug":"lagoon-52-2014","status":"publish","type":"product","link":"https:\/\/elissa-yachting.fr\/en\/produit\/lagoon-52-2014","title":{"rendered":"Lagoon 52 <br>2014"},"content":{"rendered":"<h1>Lagoon 52 -2014<\/h1>\n<p>Lagoon 52<\/p>\n<p>Bateau ayant servi en charter qui n&apos;attends que vous pour repartir sur les flots.<br \/>\nA compl\u00e9ter ou \u00e0 r\u00e9viser<br \/>\nAnnexe + moteur<br \/>\nMoteurs<br \/>\nGr\u00e9\u00e9ment dormant<br \/>\nVoiles<br \/>\nCosm\u00e9tique int\u00e9rieur<br \/>\nElectronique<br \/>\nRefeet marbrage coque<br \/>\nMatelas sellerie<br \/>\nArmement de s\u00e9curit\u00e9<br \/>\nD\u00e9ssalanisateur<br \/>\nGroupe \u00e9lectrog\u00e8ne<\/p>\n<p>Bateau vendu en l&apos;\u00e9tat<\/p>\n","protected":false},"excerpt":{"rendered":"<p>Lagoon 52 -2014 Lagoon 52 Bateau ayant servi en charter qui n&apos;attends que vous pour repartir sur les flots. A [&hellip;]<\/p>\n","protected":false},"featured_media":65587,"template":"","meta":{"_acf_changed":false,"_uag_custom_page_level_css":"","site-sidebar-layout":"default","site-content-layout":"","ast-site-content-layout":"default","site-content-style":"default","site-sidebar-style":"default","ast-global-header-display":"","ast-banner-title-visibility":"","ast-main-header-display":"","ast-hfb-above-header-display":"","ast-hfb-below-header-display":"","ast-hfb-mobile-header-display":"","site-post-title":"","ast-breadcrumbs-content":"","ast-featured-img":"","footer-sml-layout":"","ast-disable-related-posts":"","theme-transparent-header-meta":"","adv-header-id-meta":"","stick-header-meta":"","header-above-stick-meta":"","header-main-stick-meta":"","header-below-stick-meta":"","astra-migrate-meta-layouts":"default","ast-page-background-enabled":"default","ast-page-background-meta":{"desktop":{"background-color":"var(--ast-global-color-5)","background-image":"","background-repeat":"repeat","background-position":"center center","background-size":"auto","background-attachment":"scroll","background-type":"","background-media":"","overlay-type":"","overlay-color":"","overlay-opacity":"","overlay-gradient":""},"tablet":{"background-color":"","background-image":"","background-repeat":"repeat","background-position":"center center","background-size":"auto","background-attachment":"scroll","background-type":"","background-media":"","overlay-type":"","overlay-color":"","overlay-opacity":"","overlay-gradient":""},"mobile":{"background-color":"","background-image":"","background-repeat":"repeat","background-position":"center center","background-size":"auto","background-attachment":"scroll","background-type":"","background-media":"","overlay-type":"","overlay-color":"","overlay-opacity":"","overlay-gradient":""}},"ast-content-background-meta":{"desktop":{"background-color":"var(--ast-global-color-4)","background-image":"","background-repeat":"repeat","background-position":"center center","background-size":"auto","background-attachment":"scroll","background-type":"","background-media":"","overlay-type":"","overlay-color":"","overlay-opacity":"","overlay-gradient":""},"tablet":{"background-color":"var(--ast-global-color-4)","background-image":"","background-repeat":"repeat","background-position":"center center","background-size":"auto","background-attachment":"scroll","background-type":"","background-media":"","overlay-type":"","overlay-color":"","overlay-opacity":"","overlay-gradient":""},"mobile":{"background-color":"var(--ast-global-color-4)","background-image":"","background-repeat":"repeat","background-position":"center center","background-size":"auto","background-attachment":"scroll","background-type":"","background-media":"","overlay-type":"","overlay-color":"","overlay-opacity":"","overlay-gradient":""}}},"product_brand":[58],"product_cat":[127,130],"product_tag":[],"broker":[109],"class_list":{"0":"post-65586","1":"product","2":"type-product","3":"status-publish","4":"has-post-thumbnail","6":"product_brand-lagoon","7":"product_cat-catamaran","8":"product_cat-multicoque","9":"broker-laurent","10":"desktop-align-left","11":"tablet-align-left","12":"mobile-align-left","13":"ast-product-gallery-layout-horizontal-slider","14":"ast-magnify-disabled","15":"ast-product-tabs-layout-horizontal","17":"first","18":"instock","19":"purchasable","20":"product-type-simple"},"acf":[],"spectra_custom_meta":{"total_sales":["0"],"_tax_status":["none"],"_tax_class":[""],"_manage_stock":["no"],"_backorders":["no"],"_sold_individually":["no"],"_virtual":["no"],"_downloadable":["no"],"_download_limit":["-1"],"_download_expiry":["-1"],"_stock":[null],"_stock_status":["instock"],"_thumbnail_id":["65587"],"_product_image_gallery":["65589,65591,65593,65595,65597,65599,"],"_wc_review_count":["0"],"_wc_rating_count":["0"],"_wc_average_rating":["0"],"_sku":["9619677"],"_regular_price":["380000"],"_product_version":["10.6.1"],"_price":["380000"],"_wc_gla_sync_status":["synced"],"loa":["15.85"],"lod":["8.6"],"lwl":[""],"beam":[""],"draft":["1.5"],"min_draft":[""],"air_draft":[""],"year":["2014"],"acf_manufacturer":["Lagoon"],"acf_model":["52"],"acf_boat_type":[""],"keel_type":[""],"displacement":[""],"ballast":[""],"designer":[""],"tank":["1000"],"tank_unit":["Litres"],"freshwater_capacity":[""],"engine_quantity":["1"],"engin_type":[""],"engine_manufacturer":[""],"engin_model":["85CV"],"drive_type":["Sail-drive"],"horse_power":["85"],"engine_hours":[""],"propeller_type":["3 pales"],"propeller_material":[""],"joystick":["false"],"fuel":["Diesel"],"cabins":["6"],"berths":["14"],"toilet":["6"],"furling_mainsail":["false"],"genoa":["true"],"furling_genoa":["true"],"storm_jib":[""],"asymetric_spinnaker":[""],"gennaker":[""],"battened_mainsail":["true"],"symetric_spinnaker_brand":[""],"depthounder":["true"],"log_speedometer":["true"],"wind_speed_direction":["true"],"navigation_center":[""],"autopilot":[""],"compass":["true"],"gps":[""],"ais":[""],"radar":[""],"radar_detector":[""],"radio":[""],"repeater":[""],"flat_screen_tv":[""],"cockpit_speaker":[""],"plotter":["false"],"4_5_G":[""],"steering_wheel":[""],"tiller":[""],"spinnaker_pole":[""],"electric_winch":[""],"battery_charger":["true"],"deep_freezer":["true"],"refrigerator":["true"],"chemical_head":["false"],"marine_head":["false"],"electric_head":["false"],"fresh_water_maker":[""],"hot_water":[""],"bow_thruster":[""],"dishwasher":[""],"manual_bilge_pump":[""],"washing_machine":[""],"microwave_oven":[""],"electric_bilge_pump":[""],"oven":[""],"sea_water_pump":[""],"heating":[""],"air_compressor":[""],"air_conditioning":["Domotic"],"stern_thruster":[""],"bimini_top":["false"],"spray_hood":["false"],"cockpit_cover":["false"],"lazyjacks":["true"],"lazy_bag":["true"],"genoa_cover":[""],"davits":["true"],"windlass":["true"],"solar_panel":[""],"swimming_ladder":["true"],"tender":[""],"gangway":[""],"teak_cockpit":[""],"hydraulic_gangway":[""],"solar_panel_details":[""],"outboard_engine_brackets":[""],"wind_generator":[""],"inverter":["0 VA ()"],"generator":["() 0 W"],"shore_power_inlet":["true"],"forename":["Laurent"],"surname":["Rouxel"],"phone":["+33 6 79 86 39 83","+33 6 79 86 39 83"],"liferaft":[""],"safety_equipment_firefigting":[""],"safety_equipment_pump":[""],"acf_new_or_used":["Used"],"acf_vessel_lying":["Port Saint louis du Rh\u00f4ne"],"acf_vat_included":["false"],"acf_boat_category":[""],"pays_visible":["France"],"_yoast_wpseo_title":["A vendre Lagoon 52 <br>2014"],"_yoast_wpseo_focuskw":["Catamaran Occasion"],"_yoast_wpseo_metadesc":["Lagoon 52\n\nBateau ayant servi en charter qui n&apos;attends que vous pour repartir sur les flots.\nA compl\u00e9ter ou \u00e0 r\u00e9viser\nAnnexe + moteur\nMoteurs\nGr\u00e9\u00e9ment dormant\nVoiles\nCosm\u00e9tique int\u00e9rieur\nElectronique\nRefeet marbrage coque\nMatelas sellerie\nArmement de s\u00e9curit\u00e9\nD\u00e9ssalanisateur\nGroupe \u00e9lectrog\u00e8ne\n\nBateau vendu en l&apos;\u00e9tat"],"acf_description_en":["Lagoon 52\n\nCharter boat ready to set sail again.\n\nTo complete or revise\nTender + engine\nEngines\nStanding rigging\nSails\nInterior cosmetics\nElectronics\nHull gelcoat refurbished\nUpholstery mattresses\nSafety equipment\nWatermaker\nGenerator\n\nBoat sold as is"],"_wp_page_template":["default"],"_alp_processed":["1775520173"],"_wpml_word_count":["61"],"_wc_gla_synced_at":["1775520213"],"_wc_gla_visibility":["sync-and-show"],"_wc_gla_google_ids":["a:1:{s:2:\"FR\";s:22:\"online:fr:FR:gla_65586\";}"],"_uag_page_assets":["a:9:{s:3:\"css\";s:263:\".uag-blocks-common-selector{z-index:var(--z-index-desktop) !important}@media (max-width: 976px){.uag-blocks-common-selector{z-index:var(--z-index-tablet) !important}}@media (max-width: 767px){.uag-blocks-common-selector{z-index:var(--z-index-mobile) !important}}\n\";s:2:\"js\";s:0:\"\";s:18:\"current_block_list\";a:11:{i:0;s:11:\"core\/search\";i:1;s:10:\"core\/group\";i:2;s:12:\"core\/heading\";i:3;s:17:\"core\/latest-posts\";i:4;s:20:\"core\/latest-comments\";i:5;s:13:\"core\/archives\";i:6;s:15:\"core\/categories\";i:7;s:27:\"woocommerce\/product-filters\";i:8;s:32:\"woocommerce\/product-filter-price\";i:9;s:39:\"woocommerce\/product-filter-price-slider\";i:10;s:11:\"core\/spacer\";}s:8:\"uag_flag\";b:0;s:11:\"uag_version\";s:10:\"1775520207\";s:6:\"gfonts\";a:1:{s:7:\"Default\";a:2:{s:10:\"fontfamily\";s:7:\"Default\";s:12:\"fontvariants\";a:0:{}}}s:10:\"gfonts_url\";s:77:\"https:\/\/fonts.googleapis.com\/css?family=Default&subset=latin&display=fallback\";s:12:\"gfonts_files\";a:0:{}s:14:\"uag_faq_layout\";b:0;}"],"_uag_css_file_name":["uag-css-65586.css"]},"uagb_featured_image_src":{"full":["https:\/\/elissa-yachting.fr\/wp-content\/uploads\/2025\/10\/Lagoon-52_100_71mShBk.jpeg",1024,683,false],"thumbnail":["https:\/\/elissa-yachting.fr\/wp-content\/uploads\/2025\/10\/Lagoon-52_100_71mShBk-150x150.jpeg",150,150,true],"medium":["https:\/\/elissa-yachting.fr\/wp-content\/uploads\/2025\/10\/Lagoon-52_100_71mShBk-300x200.jpeg",300,200,true],"medium_large":["https:\/\/elissa-yachting.fr\/wp-content\/uploads\/2025\/10\/Lagoon-52_100_71mShBk-768x512.jpeg",768,512,true],"large":["https:\/\/elissa-yachting.fr\/wp-content\/uploads\/2025\/10\/Lagoon-52_100_71mShBk.jpeg",1024,683,false],"1536x1536":["https:\/\/elissa-yachting.fr\/wp-content\/uploads\/2025\/10\/Lagoon-52_100_71mShBk.jpeg",1024,683,false],"2048x2048":["https:\/\/elissa-yachting.fr\/wp-content\/uploads\/2025\/10\/Lagoon-52_100_71mShBk.jpeg",1024,683,false],"woocommerce_thumbnail":["https:\/\/elissa-yachting.fr\/wp-content\/uploads\/2025\/10\/Lagoon-52_100_71mShBk-400x267.jpeg",400,267,true],"woocommerce_single":["https:\/\/elissa-yachting.fr\/wp-content\/uploads\/2025\/10\/Lagoon-52_100_71mShBk-612x408.jpeg",612,408,true],"woocommerce_gallery_thumbnail":["https:\/\/elissa-yachting.fr\/wp-content\/uploads\/2025\/10\/Lagoon-52_100_71mShBk-100x100.jpeg",100,100,true]},"uagb_author_info":{"display_name":"admin","author_link":"https:\/\/elissa-yachting.fr\/en\/author"},"uagb_comment_info":0,"uagb_excerpt":"Lagoon 52 -2014 Lagoon 52 Bateau ayant servi en charter qui n&apos;attends que vous pour repartir sur les flots. A [&hellip;]","_links":{"self":[{"href":"https:\/\/elissa-yachting.fr\/en\/wp-json\/wp\/v2\/product\/65586","targetHints":{"allow":["GET"]}}],"collection":[{"href":"https:\/\/elissa-yachting.fr\/en\/wp-json\/wp\/v2\/product"}],"about":[{"href":"https:\/\/elissa-yachting.fr\/en\/wp-json\/wp\/v2\/types\/product"}],"wp:featuredmedia":[{"embeddable":true,"href":"https:\/\/elissa-yachting.fr\/en\/wp-json\/wp\/v2\/media\/65587"}],"wp:attachment":[{"href":"https:\/\/elissa-yachting.fr\/en\/wp-json\/wp\/v2\/media?parent=65586"}],"wp:term":[{"taxonomy":"product_brand","embeddable":true,"href":"https:\/\/elissa-yachting.fr\/en\/wp-json\/wp\/v2\/product_brand?post=65586"},{"taxonomy":"product_cat","embeddable":true,"href":"https:\/\/elissa-yachting.fr\/en\/wp-json\/wp\/v2\/product_cat?post=65586"},{"taxonomy":"product_tag","embeddable":true,"href":"https:\/\/elissa-yachting.fr\/en\/wp-json\/wp\/v2\/product_tag?post=65586"},{"taxonomy":"broker","embeddable":true,"href":"https:\/\/elissa-yachting.fr\/en\/wp-json\/wp\/v2\/broker?post=65586"}],"curies":[{"name":"wp","href":"https:\/\/api.w.org\/{rel}","templated":true}]}}