{"id":66741,"date":"2025-10-03T11:07:19","date_gmt":"2025-10-03T09:07:19","guid":{"rendered":"https:\/\/elissa-yachting.fr\/produit\/plyms-sloop-1905"},"modified":"2026-04-07T02:03:26","modified_gmt":"2026-04-07T00:03:26","slug":"plyms-sloop-1905","status":"publish","type":"product","link":"https:\/\/elissa-yachting.fr\/en\/produit\/plyms-sloop-1905","title":{"rendered":"Plyms Prototype Sloop <br>1905"},"content":{"rendered":"<h1>Plyms Prototype Sloop -1905<\/h1>\n<p>Plyms Prototype Sloop<\/p>\n<p>Le Plym\u2019s Mignon, construit en 1905, est un voilier classique au charme intemporel. T\u00e9moignage vivant de l\u2019\u00e9l\u00e9gance nautique du d\u00e9but du XXe si\u00e8cle, il s\u00e9duit par ses lignes raffin\u00e9es et son histoire unique, faisant de chaque sortie en mer une exp\u00e9rience authentique et prestigieuse. Enti\u00e9rement reffit\u00e9 et renforc\u00e9 pour naviguer sur la mer ach\u00e9e de M\u00e9diterran\u00e9e.<br \/>\nCe bateau d\u2019une \u00e9l\u00e9gance rare est un fleuron de l\u2019histoire du Nautisme.<\/p>\n","protected":false},"excerpt":{"rendered":"<p>Plyms Prototype Sloop -1905 Plyms Prototype Sloop Le Plym\u2019s Mignon, construit en 1905, est un voilier classique au charme intemporel. [&hellip;]<\/p>\n","protected":false},"featured_media":66742,"template":"","meta":{"_acf_changed":false,"_uag_custom_page_level_css":"","site-sidebar-layout":"default","site-content-layout":"","ast-site-content-layout":"default","site-content-style":"default","site-sidebar-style":"default","ast-global-header-display":"","ast-banner-title-visibility":"","ast-main-header-display":"","ast-hfb-above-header-display":"","ast-hfb-below-header-display":"","ast-hfb-mobile-header-display":"","site-post-title":"","ast-breadcrumbs-content":"","ast-featured-img":"","footer-sml-layout":"","ast-disable-related-posts":"","theme-transparent-header-meta":"","adv-header-id-meta":"","stick-header-meta":"","header-above-stick-meta":"","header-main-stick-meta":"","header-below-stick-meta":"","astra-migrate-meta-layouts":"default","ast-page-background-enabled":"default","ast-page-background-meta":{"desktop":{"background-color":"var(--ast-global-color-5)","background-image":"","background-repeat":"repeat","background-position":"center center","background-size":"auto","background-attachment":"scroll","background-type":"","background-media":"","overlay-type":"","overlay-color":"","overlay-opacity":"","overlay-gradient":""},"tablet":{"background-color":"","background-image":"","background-repeat":"repeat","background-position":"center center","background-size":"auto","background-attachment":"scroll","background-type":"","background-media":"","overlay-type":"","overlay-color":"","overlay-opacity":"","overlay-gradient":""},"mobile":{"background-color":"","background-image":"","background-repeat":"repeat","background-position":"center center","background-size":"auto","background-attachment":"scroll","background-type":"","background-media":"","overlay-type":"","overlay-color":"","overlay-opacity":"","overlay-gradient":""}},"ast-content-background-meta":{"desktop":{"background-color":"var(--ast-global-color-4)","background-image":"","background-repeat":"repeat","background-position":"center center","background-size":"auto","background-attachment":"scroll","background-type":"","background-media":"","overlay-type":"","overlay-color":"","overlay-opacity":"","overlay-gradient":""},"tablet":{"background-color":"var(--ast-global-color-4)","background-image":"","background-repeat":"repeat","background-position":"center center","background-size":"auto","background-attachment":"scroll","background-type":"","background-media":"","overlay-type":"","overlay-color":"","overlay-opacity":"","overlay-gradient":""},"mobile":{"background-color":"var(--ast-global-color-4)","background-image":"","background-repeat":"repeat","background-position":"center center","background-size":"auto","background-attachment":"scroll","background-type":"","background-media":"","overlay-type":"","overlay-color":"","overlay-opacity":"","overlay-gradient":""}}},"product_brand":[172],"product_cat":[175],"product_tag":[],"broker":[109],"class_list":{"0":"post-66741","1":"product","2":"type-product","3":"status-publish","4":"has-post-thumbnail","6":"product_brand-plyms","7":"product_cat-traditional-sailing-yacht","8":"broker-laurent","9":"desktop-align-left","10":"tablet-align-left","11":"mobile-align-left","12":"ast-product-gallery-layout-horizontal-slider","13":"ast-magnify-disabled","14":"ast-product-tabs-layout-horizontal","16":"first","17":"instock","18":"purchasable","19":"product-type-simple"},"acf":[],"spectra_custom_meta":{"total_sales":["0"],"_tax_status":["none"],"_tax_class":[""],"_manage_stock":["no"],"_backorders":["no"],"_sold_individually":["no"],"_virtual":["no"],"_downloadable":["no"],"_download_limit":["-1"],"_download_expiry":["-1"],"_stock":[null],"_stock_status":["instock"],"_thumbnail_id":["66742"],"_product_image_gallery":["66744,66746,66748,66750,66752,66754,66756,66758,66760,66762,66764,66766,66768,66770,66772,"],"_wc_review_count":["0"],"_wc_rating_count":["0"],"_wc_average_rating":["0"],"_sku":["8909374"],"_regular_price":["150000"],"_product_version":["10.6.1"],"_price":["150000"],"_wc_gla_sync_status":["synced"],"loa":["17"],"lod":[""],"lwl":[""],"beam":["3.6"],"draft":["2.4"],"min_draft":[""],"air_draft":[""],"year":["1905"],"acf_manufacturer":["Plyms"],"acf_model":["Prototype Sloop"],"acf_boat_type":[""],"keel_type":["Quille longue"],"displacement":[""],"ballast":[""],"designer":[""],"tank":[""],"tank_unit":[""],"freshwater_capacity":[""],"engine_quantity":["1"],"engin_type":[""],"engine_manufacturer":["KUBOTA"],"engin_model":["1B"],"drive_type":["Arbre d&apos;h\u00e9lice"],"horse_power":["29"],"engine_hours":[""],"propeller_type":[""],"propeller_material":[""],"joystick":["false"],"fuel":["Diesel"],"cabins":[""],"berths":["0"],"toilet":["0"],"furling_mainsail":["false"],"genoa":["true"],"furling_genoa":["true"],"storm_jib":[""],"asymetric_spinnaker":["true"],"gennaker":[""],"battened_mainsail":[""],"symetric_spinnaker_brand":[""],"depthounder":["true"],"log_speedometer":["true"],"wind_speed_direction":["true"],"navigation_center":[""],"autopilot":[""],"compass":[""],"gps":[""],"ais":[""],"radar":[""],"radar_detector":[""],"radio":["true"],"repeater":[""],"flat_screen_tv":[""],"cockpit_speaker":[""],"plotter":["false"],"4_5_G":[""],"steering_wheel":[""],"tiller":[""],"spinnaker_pole":[""],"electric_winch":[""],"battery_charger":["true"],"deep_freezer":["false"],"refrigerator":["false"],"chemical_head":["false"],"marine_head":["false"],"electric_head":["false"],"fresh_water_maker":[""],"hot_water":[""],"bow_thruster":[""],"dishwasher":[""],"manual_bilge_pump":["true"],"washing_machine":[""],"microwave_oven":[""],"electric_bilge_pump":["true"],"oven":[""],"sea_water_pump":[""],"heating":[""],"air_compressor":[""],"air_conditioning":[""],"stern_thruster":[""],"bimini_top":["false"],"spray_hood":["false"],"cockpit_cover":["false"],"lazyjacks":["true"],"lazy_bag":["true"],"genoa_cover":[""],"davits":["false"],"windlass":["true"],"solar_panel":[""],"swimming_ladder":["true"],"tender":["true"],"gangway":[""],"teak_cockpit":["true"],"hydraulic_gangway":[""],"solar_panel_details":[""],"outboard_engine_brackets":[""],"wind_generator":[""],"inverter":[""],"generator":[""],"shore_power_inlet":["true"],"forename":["Laurent"],"surname":["Rouxel"],"phone":["+33 6 79 86 39 83","+33 6 79 86 39 83"],"liferaft":[""],"safety_equipment_firefigting":[""],"safety_equipment_pump":[""],"acf_new_or_used":["Used"],"acf_vessel_lying":["Marseille"],"acf_vat_included":["true"],"acf_boat_category":[""],"pays_visible":["France"],"_yoast_wpseo_title":["A vendre Plyms Prototype Sloop <br>1905"],"_yoast_wpseo_focuskw":["sail occasion"],"_yoast_wpseo_metadesc":["Plyms Prototype Sloop\n\nLe Plym\u2019s Mignon, construit en 1905, est un voilier classique au charme intemporel. T\u00e9moignage vivant de l\u2019\u00e9l\u00e9gance nautique du d\u00e9but du XXe si\u00e8cle, il s\u00e9duit par ses lignes raffin\u00e9es et son histoire unique, faisant de chaque sortie en mer une exp\u00e9rience authentique et prestigieuse. Enti\u00e9rement reffit\u00e9 et renforc\u00e9 pour naviguer sur la mer ach\u00e9e de M\u00e9diterran\u00e9e.\nCe bateau d\u2019une \u00e9l\u00e9gance rare est un fleuron de l\u2019histoire du Nautisme."],"acf_description_en":["Plyms Prototype Sloop\n\nThe Plym&apos;s Mignon, built in 1905, is a classic sailing yacht with timeless charm. A living testament to the nautical elegance of the early 20th century, it captivates with its refined lines and unique history, making each voyage at sea an authentic and prestigious experience. Fully refitted and reinforced to navigate the choppy waters of the Mediterranean.\nThis boat of rare elegance is a flagship of the history of Yachting."],"_wp_page_template":["default"],"_alp_processed":["1775520206"],"_wpml_word_count":["89"],"_wc_gla_synced_at":["1775520355"],"_wc_gla_visibility":["sync-and-show"],"_wc_gla_google_ids":["a:1:{s:2:\"FR\";s:22:\"online:fr:FR:gla_66741\";}"],"_uag_page_assets":["a:9:{s:3:\"css\";s:263:\".uag-blocks-common-selector{z-index:var(--z-index-desktop) !important}@media (max-width: 976px){.uag-blocks-common-selector{z-index:var(--z-index-tablet) !important}}@media (max-width: 767px){.uag-blocks-common-selector{z-index:var(--z-index-mobile) !important}}\n\";s:2:\"js\";s:0:\"\";s:18:\"current_block_list\";a:11:{i:0;s:11:\"core\/search\";i:1;s:10:\"core\/group\";i:2;s:12:\"core\/heading\";i:3;s:17:\"core\/latest-posts\";i:4;s:20:\"core\/latest-comments\";i:5;s:13:\"core\/archives\";i:6;s:15:\"core\/categories\";i:7;s:27:\"woocommerce\/product-filters\";i:8;s:32:\"woocommerce\/product-filter-price\";i:9;s:39:\"woocommerce\/product-filter-price-slider\";i:10;s:11:\"core\/spacer\";}s:8:\"uag_flag\";b:0;s:11:\"uag_version\";s:10:\"1775520207\";s:6:\"gfonts\";a:1:{s:7:\"Default\";a:2:{s:10:\"fontfamily\";s:7:\"Default\";s:12:\"fontvariants\";a:0:{}}}s:10:\"gfonts_url\";s:77:\"https:\/\/fonts.googleapis.com\/css?family=Default&subset=latin&display=fallback\";s:12:\"gfonts_files\";a:0:{}s:14:\"uag_faq_layout\";b:0;}"],"_uag_css_file_name":["uag-css-66741.css"]},"uagb_featured_image_src":{"full":["https:\/\/elissa-yachting.fr\/wp-content\/uploads\/2025\/10\/000_en_course_xnij6Kn.jpeg",1024,683,false],"thumbnail":["https:\/\/elissa-yachting.fr\/wp-content\/uploads\/2025\/10\/000_en_course_xnij6Kn-150x150.jpeg",150,150,true],"medium":["https:\/\/elissa-yachting.fr\/wp-content\/uploads\/2025\/10\/000_en_course_xnij6Kn-300x200.jpeg",300,200,true],"medium_large":["https:\/\/elissa-yachting.fr\/wp-content\/uploads\/2025\/10\/000_en_course_xnij6Kn-768x512.jpeg",768,512,true],"large":["https:\/\/elissa-yachting.fr\/wp-content\/uploads\/2025\/10\/000_en_course_xnij6Kn.jpeg",1024,683,false],"1536x1536":["https:\/\/elissa-yachting.fr\/wp-content\/uploads\/2025\/10\/000_en_course_xnij6Kn.jpeg",1024,683,false],"2048x2048":["https:\/\/elissa-yachting.fr\/wp-content\/uploads\/2025\/10\/000_en_course_xnij6Kn.jpeg",1024,683,false],"woocommerce_thumbnail":["https:\/\/elissa-yachting.fr\/wp-content\/uploads\/2025\/10\/000_en_course_xnij6Kn-400x267.jpeg",400,267,true],"woocommerce_single":["https:\/\/elissa-yachting.fr\/wp-content\/uploads\/2025\/10\/000_en_course_xnij6Kn-612x408.jpeg",612,408,true],"woocommerce_gallery_thumbnail":["https:\/\/elissa-yachting.fr\/wp-content\/uploads\/2025\/10\/000_en_course_xnij6Kn-100x100.jpeg",100,100,true]},"uagb_author_info":{"display_name":"admin","author_link":"https:\/\/elissa-yachting.fr\/en\/author"},"uagb_comment_info":0,"uagb_excerpt":"Plyms Prototype Sloop -1905 Plyms Prototype Sloop Le Plym\u2019s Mignon, construit en 1905, est un voilier classique au charme intemporel. [&hellip;]","_links":{"self":[{"href":"https:\/\/elissa-yachting.fr\/en\/wp-json\/wp\/v2\/product\/66741","targetHints":{"allow":["GET"]}}],"collection":[{"href":"https:\/\/elissa-yachting.fr\/en\/wp-json\/wp\/v2\/product"}],"about":[{"href":"https:\/\/elissa-yachting.fr\/en\/wp-json\/wp\/v2\/types\/product"}],"wp:featuredmedia":[{"embeddable":true,"href":"https:\/\/elissa-yachting.fr\/en\/wp-json\/wp\/v2\/media\/66742"}],"wp:attachment":[{"href":"https:\/\/elissa-yachting.fr\/en\/wp-json\/wp\/v2\/media?parent=66741"}],"wp:term":[{"taxonomy":"product_brand","embeddable":true,"href":"https:\/\/elissa-yachting.fr\/en\/wp-json\/wp\/v2\/product_brand?post=66741"},{"taxonomy":"product_cat","embeddable":true,"href":"https:\/\/elissa-yachting.fr\/en\/wp-json\/wp\/v2\/product_cat?post=66741"},{"taxonomy":"product_tag","embeddable":true,"href":"https:\/\/elissa-yachting.fr\/en\/wp-json\/wp\/v2\/product_tag?post=66741"},{"taxonomy":"broker","embeddable":true,"href":"https:\/\/elissa-yachting.fr\/en\/wp-json\/wp\/v2\/broker?post=66741"}],"curies":[{"name":"wp","href":"https:\/\/api.w.org\/{rel}","templated":true}]}}