{"id":67875,"date":"2025-10-27T10:01:43","date_gmt":"2025-10-27T08:01:43","guid":{"rendered":"https:\/\/elissa-yachting.fr\/produit\/elan-power-yacht-30-2016"},"modified":"2026-04-07T02:02:45","modified_gmt":"2026-04-07T00:02:45","slug":"elan-power-yacht-30-2016","status":"publish","type":"product","link":"https:\/\/elissa-yachting.fr\/en\/produit\/elan-power-yacht-30-2016","title":{"rendered":"ELAN POWER YACHT 30 <br>2016"},"content":{"rendered":"<h1>ELAN POWER YACHT 30 -2016<\/h1>\n<p>ELAN POWER YACHT 30<\/p>\n<p>Elan Power 30 de 2016 &#8211; 2 cabines doubles \/ 1 salle d\u2019eau \/ Cuisine int\u00e9rieure et wetbar ext\u00e9rieur &#8211; 2 x Volvo Penta D3 220cv en Z drive (~700h) et propulseur d&apos;\u00e9trave &#8211; Chauffage r\u00e9versible<\/p>\n<p>Con\u00e7u par Tony Castro, l\u2019Elan Power 30 allie avec brio \u00e9l\u00e9gance, performance et confort. Long de 9,90 m\u00e8tres pour 3,50 m\u00e8tres de large, il s\u00e9duit par son espace int\u00e9rieur g\u00e9n\u00e9reux et sa car\u00e8ne particuli\u00e8rement \u00e9quilibr\u00e9e. Ce mod\u00e8le a d\u2019ailleurs remport\u00e9 le European Powerboat of the Year Award 2014 dans sa cat\u00e9gorie.<\/p>\n<p>Mis \u00e0 l\u2019eau en 2016, il est \u00e9quip\u00e9 de deux moteurs Volvo Penta D3 de 220 chevaux en Z-drive, d\u2019un propulseur d\u2019\u00e9trave et d\u2019un chauffage r\u00e9versible, assurant aisance de man\u0153uvre et confort en toute saison. L\u2019\u00e9lectronique embarqu\u00e9e est sign\u00e9e Garmin.<\/p>\n<p>L\u2019int\u00e9rieur se distingue par une belle luminosit\u00e9 et une organisation optimale :<br \/>\n\u2013 Deux cabines doubles s\u00e9par\u00e9es,<br \/>\n\u2013 Une salle d\u2019eau fonctionnelle,<br \/>\n\u2013 Une cuisine int\u00e9rieure bien \u00e9quip\u00e9e, compl\u00e9t\u00e9e par un wetbar ext\u00e9rieur, parfait pour les moments de d\u00e9tente \u00e0 bord.<\/p>\n<p>Le bateau a \u00e9t\u00e9 stock\u00e9 \u00e0 sec depuis deux ans. Avant la vente, le propri\u00e9taire s\u2019engage \u00e0 effectuer l\u2019entretien des moteurs, le remplacement des batteries ainsi qu\u2019un polish de coque, afin de le remettre en parfait \u00e9tat de fonctionnement.<\/p>\n<p>Cet Elan Power 30 est une unit\u00e9 rare et recherch\u00e9e, id\u00e9ale pour ceux qui souhaitent profiter d\u2019un bateau polyvalent, \u00e9l\u00e9gant et agr\u00e9able \u00e0 vivre, aussi \u00e0 l\u2019aise en croisi\u00e8re qu\u2019en sortie sportive.<\/p>\n<p>Plus d\u2019information sur demande.<\/p>\n","protected":false},"excerpt":{"rendered":"<p>ELAN POWER YACHT 30 -2016 ELAN POWER YACHT 30 Elan Power 30 de 2016 &#8211; 2 cabines doubles \/ 1 [&hellip;]<\/p>\n","protected":false},"featured_media":67876,"template":"","meta":{"_acf_changed":false,"_uag_custom_page_level_css":"","site-sidebar-layout":"default","site-content-layout":"","ast-site-content-layout":"default","site-content-style":"default","site-sidebar-style":"default","ast-global-header-display":"","ast-banner-title-visibility":"","ast-main-header-display":"","ast-hfb-above-header-display":"","ast-hfb-below-header-display":"","ast-hfb-mobile-header-display":"","site-post-title":"","ast-breadcrumbs-content":"","ast-featured-img":"","footer-sml-layout":"","ast-disable-related-posts":"","theme-transparent-header-meta":"","adv-header-id-meta":"","stick-header-meta":"","header-above-stick-meta":"","header-main-stick-meta":"","header-below-stick-meta":"","astra-migrate-meta-layouts":"default","ast-page-background-enabled":"default","ast-page-background-meta":{"desktop":{"background-color":"var(--ast-global-color-5)","background-image":"","background-repeat":"repeat","background-position":"center center","background-size":"auto","background-attachment":"scroll","background-type":"","background-media":"","overlay-type":"","overlay-color":"","overlay-opacity":"","overlay-gradient":""},"tablet":{"background-color":"","background-image":"","background-repeat":"repeat","background-position":"center center","background-size":"auto","background-attachment":"scroll","background-type":"","background-media":"","overlay-type":"","overlay-color":"","overlay-opacity":"","overlay-gradient":""},"mobile":{"background-color":"","background-image":"","background-repeat":"repeat","background-position":"center center","background-size":"auto","background-attachment":"scroll","background-type":"","background-media":"","overlay-type":"","overlay-color":"","overlay-opacity":"","overlay-gradient":""}},"ast-content-background-meta":{"desktop":{"background-color":"var(--ast-global-color-4)","background-image":"","background-repeat":"repeat","background-position":"center center","background-size":"auto","background-attachment":"scroll","background-type":"","background-media":"","overlay-type":"","overlay-color":"","overlay-opacity":"","overlay-gradient":""},"tablet":{"background-color":"var(--ast-global-color-4)","background-image":"","background-repeat":"repeat","background-position":"center center","background-size":"auto","background-attachment":"scroll","background-type":"","background-media":"","overlay-type":"","overlay-color":"","overlay-opacity":"","overlay-gradient":""},"mobile":{"background-color":"var(--ast-global-color-4)","background-image":"","background-repeat":"repeat","background-position":"center center","background-size":"auto","background-attachment":"scroll","background-type":"","background-media":"","overlay-type":"","overlay-color":"","overlay-opacity":"","overlay-gradient":""}}},"product_brand":[114],"product_cat":[133,125],"product_tag":[],"broker":[110],"class_list":{"0":"post-67875","1":"product","2":"type-product","3":"status-publish","4":"has-post-thumbnail","6":"product_brand-elan-power-yacht","7":"product_cat-moteur","8":"product_cat-motor-yacht","9":"broker-victor","10":"desktop-align-left","11":"tablet-align-left","12":"mobile-align-left","13":"ast-product-gallery-layout-horizontal-slider","14":"ast-magnify-disabled","15":"ast-product-tabs-layout-horizontal","17":"first","18":"instock","19":"purchasable","20":"product-type-simple"},"acf":[],"spectra_custom_meta":{"total_sales":["0"],"_tax_status":["none"],"_tax_class":[""],"_manage_stock":["no"],"_backorders":["no"],"_sold_individually":["no"],"_virtual":["no"],"_downloadable":["no"],"_download_limit":["-1"],"_download_expiry":["-1"],"_stock":[null],"_stock_status":["instock"],"_thumbnail_id":["67876"],"_product_image_gallery":["67877,67878,67879,67880,67881,67882,67883,67884,67885,67886,67887,67888,67889,67890,67891,67892,67893,67894,67895,67896,"],"_wc_review_count":["0"],"_wc_rating_count":["0"],"_wc_average_rating":["0"],"_sku":["9989486"],"_regular_price":["110000"],"_product_version":["10.6.1"],"_price":["110000"],"_wc_gla_sync_status":["synced"],"loa":["9.9"],"lod":["9.66"],"lwl":["7.47"],"beam":["3.5"],"draft":["1"],"min_draft":[""],"air_draft":[""],"year":["2016"],"acf_manufacturer":["ELAN POWER YACHT"],"acf_model":["30"],"acf_boat_type":[""],"keel_type":[""],"displacement":[""],"ballast":[""],"designer":[""],"tank":["500"],"tank_unit":["Litres"],"freshwater_capacity":[""],"engine_quantity":["1"],"engin_type":[""],"engine_manufacturer":["Volvo Penta"],"engin_model":["2 x D3 220cv"],"drive_type":["Z-drive"],"horse_power":["220"],"engine_hours":["700"],"propeller_type":["3 pales"],"propeller_material":["Inox"],"joystick":["false"],"fuel":["Diesel"],"cabins":["2"],"berths":["4"],"toilet":["0"],"furling_mainsail":["false"],"genoa":["false"],"furling_genoa":["false"],"storm_jib":[""],"asymetric_spinnaker":[""],"gennaker":[""],"battened_mainsail":[""],"symetric_spinnaker_brand":[""],"depthounder":["Garmin, 2016"],"log_speedometer":[""],"wind_speed_direction":[""],"navigation_center":["Garmin, 2016"],"autopilot":["Garmin, 2016"],"compass":[""],"gps":[""],"ais":[""],"radar":["Garmin, 2016"],"radar_detector":[""],"radio":["Pioneer, 2016"],"repeater":[""],"flat_screen_tv":["Majestic, taille moyenne, 2016"],"cockpit_speaker":["Pioneer, 2016"],"plotter":["true"],"4_5_G":[""],"steering_wheel":[""],"tiller":[""],"spinnaker_pole":[""],"electric_winch":[""],"battery_charger":["false"],"deep_freezer":["false"],"refrigerator":["true"],"chemical_head":["false"],"marine_head":["false"],"electric_head":["false"],"fresh_water_maker":[""],"hot_water":[""],"bow_thruster":["Tunnel (0 Hp)"],"dishwasher":[""],"manual_bilge_pump":["true"],"washing_machine":[""],"microwave_oven":[""],"electric_bilge_pump":["true"],"oven":[""],"sea_water_pump":[""],"heating":["Webasto, 2016"],"air_compressor":[""],"air_conditioning":[""],"stern_thruster":[""],"bimini_top":["true"],"spray_hood":["true"],"cockpit_cover":["true"],"lazyjacks":["false"],"lazy_bag":[""],"genoa_cover":[""],"davits":["false"],"windlass":["true"],"solar_panel":[""],"swimming_ladder":["true"],"tender":[""],"gangway":[""],"teak_cockpit":["true"],"hydraulic_gangway":[""],"solar_panel_details":[""],"outboard_engine_brackets":[""],"wind_generator":[""],"inverter":[""],"generator":[""],"shore_power_inlet":["1 x 16A"],"forename":["Victor"],"surname":["L\u00e9v\u00eaque"],"phone":["+33 6 43 27 16 01","+33 6 43 27 16 01"],"liferaft":[""],"safety_equipment_firefigting":[""],"safety_equipment_pump":[""],"acf_new_or_used":["Used"],"acf_vessel_lying":["La-Seyne-sur-Mer"],"acf_vat_included":["true"],"acf_boat_category":[""],"pays_visible":["France"],"_yoast_wpseo_title":["A vendre ELAN POWER YACHT 30 <br>2016"],"_yoast_wpseo_focuskw":["motor occasion"],"_yoast_wpseo_metadesc":["ELAN POWER YACHT 30\n\nElan Power 30 de 2016 - 2 cabines doubles \/ 1 salle d\u2019eau \/ Cuisine int\u00e9rieure et wetbar ext\u00e9rieur - 2 x Volvo Penta D3 220cv en Z drive (~700h) et propulseur d&apos;\u00e9trave - Chauffage r\u00e9versible\n\nCon\u00e7u par Tony Castro, l\u2019Elan Power 30 allie avec brio \u00e9l\u00e9gance, performance et confort. Long de 9,90 m\u00e8tres pour 3,50 m\u00e8tres de large, il s\u00e9duit par son espace int\u00e9rieur g\u00e9n\u00e9reux et sa car\u00e8ne particuli\u00e8rement \u00e9quilibr\u00e9e. Ce mod\u00e8le a d\u2019ailleurs remport\u00e9 le European Powerboat of the Year Award 2014 dans sa cat\u00e9gorie.\n\nMis \u00e0 l\u2019eau en 2016, il est \u00e9quip\u00e9 de deux moteurs Volvo Penta D3 de 220 chevaux en Z-drive, d\u2019un propulseur d\u2019\u00e9trave et d\u2019un chauffage r\u00e9versible, assurant aisance de man\u0153uvre et confort en toute saison. L\u2019\u00e9lectronique embarqu\u00e9e est sign\u00e9e Garmin.\n\nL\u2019int\u00e9rieur se distingue par une belle luminosit\u00e9 et une organisation optimale :\n\u2013 Deux cabines doubles s\u00e9par\u00e9es,\n\u2013 Une salle d\u2019eau fonctionnelle,\n\u2013 Une cuisine int\u00e9rieure bien \u00e9quip\u00e9e, compl\u00e9t\u00e9e par un wetbar ext\u00e9rieur, parfait pour les moments de d\u00e9tente \u00e0 bord.\n\nLe bateau a \u00e9t\u00e9 stock\u00e9 \u00e0 sec depuis deux ans. Avant la vente, le propri\u00e9taire s\u2019engage \u00e0 effectuer l\u2019entretien des moteurs, le remplacement des batteries ainsi qu\u2019un polish de coque, afin de le remettre en parfait \u00e9tat de fonctionnement.\n\nCet Elan Power 30 est une unit\u00e9 rare et recherch\u00e9e, id\u00e9ale pour ceux qui souhaitent profiter d\u2019un bateau polyvalent, \u00e9l\u00e9gant et agr\u00e9able \u00e0 vivre, aussi \u00e0 l\u2019aise en croisi\u00e8re qu\u2019en sortie sportive.\n\nPlus d\u2019information sur demande."],"acf_description_en":["ELAN POWER YACHT 30\n\nElan Power 30 from 2016 - 2 double cabins \/ 1 bathroom \/ Interior galley and exterior wetbar - 2 x Volvo Penta D3 220hp in Z-drive (~700h) and bow thruster - Reversible heating\n\nDesigned by Tony Castro, the Elan Power 30 brilliantly combines elegance, performance and comfort. Measuring 9.90 meters in length and 3.50 meters in width, it seduces with its generous interior space and particularly balanced hull. This model has also won the European Powerboat of the Year Award 2014 in its category.\n\nLaunched in 2016, it is equipped with two Volvo Penta D3 220 horsepower engines in Z-drive, a bow thruster and a reversible heating system, ensuring ease of handling and year-round comfort. The onboard electronics are Garmin.\n\nThe interior is distinguished by beautiful luminosity and optimal organization:\n- Two separate double cabins,\n- A functional bathroom,\n- A well-equipped interior galley, complemented by an exterior wetbar, perfect for relaxing moments on board.\n\nThe boat has been dry-stored for two years. Prior to the sale, the owner undertakes to carry out engine maintenance, battery replacement and a hull polish, in order to restore it to perfect working order.\n\nThis Elan Power 30 is a rare and sought-after unit, ideal for those who wish to enjoy a versatile, elegant and comfortable boat, as comfortable for cruising as for sporty outings.\n\nMore information on request."],"_wp_page_template":["default"],"_alp_processed":["1775520165"],"_wc_gla_synced_at":["1775520176"],"_wc_gla_visibility":["sync-and-show"],"_wc_gla_google_ids":["a:1:{s:2:\"FR\";s:22:\"online:fr:FR:gla_67875\";}"],"_wpml_word_count":["271"],"_uag_page_assets":["a:9:{s:3:\"css\";s:263:\".uag-blocks-common-selector{z-index:var(--z-index-desktop) !important}@media (max-width: 976px){.uag-blocks-common-selector{z-index:var(--z-index-tablet) !important}}@media (max-width: 767px){.uag-blocks-common-selector{z-index:var(--z-index-mobile) !important}}\n\";s:2:\"js\";s:0:\"\";s:18:\"current_block_list\";a:11:{i:0;s:11:\"core\/search\";i:1;s:10:\"core\/group\";i:2;s:12:\"core\/heading\";i:3;s:17:\"core\/latest-posts\";i:4;s:20:\"core\/latest-comments\";i:5;s:13:\"core\/archives\";i:6;s:15:\"core\/categories\";i:7;s:27:\"woocommerce\/product-filters\";i:8;s:32:\"woocommerce\/product-filter-price\";i:9;s:39:\"woocommerce\/product-filter-price-slider\";i:10;s:11:\"core\/spacer\";}s:8:\"uag_flag\";b:0;s:11:\"uag_version\";s:10:\"1775520207\";s:6:\"gfonts\";a:1:{s:7:\"Default\";a:2:{s:10:\"fontfamily\";s:7:\"Default\";s:12:\"fontvariants\";a:0:{}}}s:10:\"gfonts_url\";s:77:\"https:\/\/fonts.googleapis.com\/css?family=Default&subset=latin&display=fallback\";s:12:\"gfonts_files\";a:0:{}s:14:\"uag_faq_layout\";b:0;}"],"_uag_css_file_name":["uag-css-67875.css"]},"uagb_featured_image_src":{"full":["https:\/\/elissa-yachting.fr\/wp-content\/uploads\/2025\/10\/2016-Elan-Power-Yacht-30-10_8S4iiWf.jpeg",1024,683,false],"thumbnail":["https:\/\/elissa-yachting.fr\/wp-content\/uploads\/2025\/10\/2016-Elan-Power-Yacht-30-10_8S4iiWf-150x150.jpeg",150,150,true],"medium":["https:\/\/elissa-yachting.fr\/wp-content\/uploads\/2025\/10\/2016-Elan-Power-Yacht-30-10_8S4iiWf-300x200.jpeg",300,200,true],"medium_large":["https:\/\/elissa-yachting.fr\/wp-content\/uploads\/2025\/10\/2016-Elan-Power-Yacht-30-10_8S4iiWf-768x512.jpeg",768,512,true],"large":["https:\/\/elissa-yachting.fr\/wp-content\/uploads\/2025\/10\/2016-Elan-Power-Yacht-30-10_8S4iiWf.jpeg",1024,683,false],"1536x1536":["https:\/\/elissa-yachting.fr\/wp-content\/uploads\/2025\/10\/2016-Elan-Power-Yacht-30-10_8S4iiWf.jpeg",1024,683,false],"2048x2048":["https:\/\/elissa-yachting.fr\/wp-content\/uploads\/2025\/10\/2016-Elan-Power-Yacht-30-10_8S4iiWf.jpeg",1024,683,false],"woocommerce_thumbnail":["https:\/\/elissa-yachting.fr\/wp-content\/uploads\/2025\/10\/2016-Elan-Power-Yacht-30-10_8S4iiWf-400x267.jpeg",400,267,true],"woocommerce_single":["https:\/\/elissa-yachting.fr\/wp-content\/uploads\/2025\/10\/2016-Elan-Power-Yacht-30-10_8S4iiWf-612x408.jpeg",612,408,true],"woocommerce_gallery_thumbnail":["https:\/\/elissa-yachting.fr\/wp-content\/uploads\/2025\/10\/2016-Elan-Power-Yacht-30-10_8S4iiWf-100x100.jpeg",100,100,true]},"uagb_author_info":{"display_name":"admin","author_link":"https:\/\/elissa-yachting.fr\/en\/author"},"uagb_comment_info":0,"uagb_excerpt":"ELAN POWER YACHT 30 -2016 ELAN POWER YACHT 30 Elan Power 30 de 2016 &#8211; 2 cabines doubles \/ 1 [&hellip;]","_links":{"self":[{"href":"https:\/\/elissa-yachting.fr\/en\/wp-json\/wp\/v2\/product\/67875","targetHints":{"allow":["GET"]}}],"collection":[{"href":"https:\/\/elissa-yachting.fr\/en\/wp-json\/wp\/v2\/product"}],"about":[{"href":"https:\/\/elissa-yachting.fr\/en\/wp-json\/wp\/v2\/types\/product"}],"wp:featuredmedia":[{"embeddable":true,"href":"https:\/\/elissa-yachting.fr\/en\/wp-json\/wp\/v2\/media\/67876"}],"wp:attachment":[{"href":"https:\/\/elissa-yachting.fr\/en\/wp-json\/wp\/v2\/media?parent=67875"}],"wp:term":[{"taxonomy":"product_brand","embeddable":true,"href":"https:\/\/elissa-yachting.fr\/en\/wp-json\/wp\/v2\/product_brand?post=67875"},{"taxonomy":"product_cat","embeddable":true,"href":"https:\/\/elissa-yachting.fr\/en\/wp-json\/wp\/v2\/product_cat?post=67875"},{"taxonomy":"product_tag","embeddable":true,"href":"https:\/\/elissa-yachting.fr\/en\/wp-json\/wp\/v2\/product_tag?post=67875"},{"taxonomy":"broker","embeddable":true,"href":"https:\/\/elissa-yachting.fr\/en\/wp-json\/wp\/v2\/broker?post=67875"}],"curies":[{"name":"wp","href":"https:\/\/api.w.org\/{rel}","templated":true}]}}