{"id":67931,"date":"2025-11-06T09:57:17","date_gmt":"2025-11-06T07:57:17","guid":{"rendered":"https:\/\/elissa-yachting.fr\/produit\/comar-yachts-c-cat-37-2021"},"modified":"2026-04-07T02:03:22","modified_gmt":"2026-04-07T00:03:22","slug":"comar-yachts-c-cat-37-2021","status":"publish","type":"product","link":"https:\/\/elissa-yachting.fr\/en\/produit\/comar-yachts-c-cat-37-2021","title":{"rendered":"Comar Yachts 37 <br>2021"},"content":{"rendered":"<h1>Comar Yachts 37 -2021<\/h1>\n<p>Comar Yachts 37<\/p>\n<p>Le C-CAT 37 est un catamaran moderne qui allie polyvalence, confort et s\u00e9curit\u00e9 pour les sorties familiales et les longues croisi\u00e8res. Sa car\u00e8ne fine lui conf\u00e8re une excellente performance sous voile et une grande maniabilit\u00e9 m\u00eame en \u00e9quipage r\u00e9duit.<\/p>\n<p>L\u2019int\u00e9rieur lumineux propose une circulation fluide, un cockpit spacieux, et des am\u00e9nagements adapt\u00e9s \u00e0 la vie familiale avec deux cabines \u00e9quip\u00e9es, WC et cuves \u00e0 eaux noires. L\u2019entretien du bateau est rigoureux, avec hivernage \u00e0 sec et r\u00e9vision professionnelle annuelle des moteurs.<\/p>\n<p>Ses \u00e9quipements complets (annexe alu, v\u00e9los \u00e9lectriques, dessalinisateur, panneaux solaires, \u00e9lectroniques Raymarine, etc.) garantissent autonomie, s\u00e9curit\u00e9 et confort au mouillage comme en navigation. Le C-CAT 37 se distingue enfin par la qualit\u00e9 de sa construction Comar et l\u2019architecture Marc Lombard, faisant de lui un choix id\u00e9al pour naviguer en M\u00e9diterran\u00e9e et au-del\u00e0.<\/p>\n","protected":false},"excerpt":{"rendered":"<p>Comar Yachts 37 -2021 Comar Yachts 37 Le C-CAT 37 est un catamaran moderne qui allie polyvalence, confort et s\u00e9curit\u00e9 [&hellip;]<\/p>\n","protected":false},"featured_media":67932,"template":"","meta":{"_acf_changed":false,"_uag_custom_page_level_css":"","site-sidebar-layout":"default","site-content-layout":"","ast-site-content-layout":"default","site-content-style":"default","site-sidebar-style":"default","ast-global-header-display":"","ast-banner-title-visibility":"","ast-main-header-display":"","ast-hfb-above-header-display":"","ast-hfb-below-header-display":"","ast-hfb-mobile-header-display":"","site-post-title":"","ast-breadcrumbs-content":"","ast-featured-img":"","footer-sml-layout":"","ast-disable-related-posts":"","theme-transparent-header-meta":"","adv-header-id-meta":"","stick-header-meta":"","header-above-stick-meta":"","header-main-stick-meta":"","header-below-stick-meta":"","astra-migrate-meta-layouts":"default","ast-page-background-enabled":"default","ast-page-background-meta":{"desktop":{"background-color":"var(--ast-global-color-5)","background-image":"","background-repeat":"repeat","background-position":"center center","background-size":"auto","background-attachment":"scroll","background-type":"","background-media":"","overlay-type":"","overlay-color":"","overlay-opacity":"","overlay-gradient":""},"tablet":{"background-color":"","background-image":"","background-repeat":"repeat","background-position":"center center","background-size":"auto","background-attachment":"scroll","background-type":"","background-media":"","overlay-type":"","overlay-color":"","overlay-opacity":"","overlay-gradient":""},"mobile":{"background-color":"","background-image":"","background-repeat":"repeat","background-position":"center center","background-size":"auto","background-attachment":"scroll","background-type":"","background-media":"","overlay-type":"","overlay-color":"","overlay-opacity":"","overlay-gradient":""}},"ast-content-background-meta":{"desktop":{"background-color":"var(--ast-global-color-4)","background-image":"","background-repeat":"repeat","background-position":"center center","background-size":"auto","background-attachment":"scroll","background-type":"","background-media":"","overlay-type":"","overlay-color":"","overlay-opacity":"","overlay-gradient":""},"tablet":{"background-color":"var(--ast-global-color-4)","background-image":"","background-repeat":"repeat","background-position":"center center","background-size":"auto","background-attachment":"scroll","background-type":"","background-media":"","overlay-type":"","overlay-color":"","overlay-opacity":"","overlay-gradient":""},"mobile":{"background-color":"var(--ast-global-color-4)","background-image":"","background-repeat":"repeat","background-position":"center center","background-size":"auto","background-attachment":"scroll","background-type":"","background-media":"","overlay-type":"","overlay-color":"","overlay-opacity":"","overlay-gradient":""}}},"product_brand":[115],"product_cat":[127,130],"product_tag":[],"broker":[109],"class_list":{"0":"post-67931","1":"product","2":"type-product","3":"status-publish","4":"has-post-thumbnail","6":"product_brand-comar-yachts","7":"product_cat-catamaran","8":"product_cat-multicoque","9":"broker-laurent","10":"desktop-align-left","11":"tablet-align-left","12":"mobile-align-left","13":"ast-product-gallery-layout-horizontal-slider","14":"ast-magnify-disabled","15":"ast-product-tabs-layout-horizontal","17":"first","18":"instock","19":"purchasable","20":"product-type-simple"},"acf":[],"spectra_custom_meta":{"total_sales":["0"],"_tax_status":["none"],"_tax_class":[""],"_manage_stock":["no"],"_backorders":["no"],"_sold_individually":["no"],"_virtual":["no"],"_downloadable":["no"],"_download_limit":["-1"],"_download_expiry":["-1"],"_stock":[null],"_stock_status":["instock"],"_thumbnail_id":["67932"],"_product_image_gallery":["67933,67934,67935,67936,67937,67938,67939,67940,67941,67942,67943,67944,67945,67946,67947,67948,"],"ggpkg_id":["68540"],"_wc_review_count":["0"],"_wc_rating_count":["0"],"_wc_average_rating":["0"],"_sku":["9999808"],"_regular_price":["315000"],"_product_version":["10.6.1"],"_price":["315000"],"_wc_gla_sync_status":["synced"],"loa":["10.99"],"lod":[""],"lwl":[""],"beam":["5.84"],"draft":["1.3"],"min_draft":[""],"air_draft":[""],"year":["2021"],"acf_manufacturer":["Comar Yachts"],"acf_model":["37"],"acf_boat_type":[""],"keel_type":[""],"displacement":[""],"ballast":[""],"designer":[""],"tank":["182"],"tank_unit":["Litres"],"freshwater_capacity":[""],"engine_quantity":["2"],"engin_type":[""],"engine_manufacturer":["Volvo Penta."],"engin_model":["D1 30"],"drive_type":["Sail-drive"],"horse_power":["30"],"engine_hours":["1700"],"propeller_type":["3 pales"],"propeller_material":["Bronze"],"joystick":["false"],"fuel":["Diesel"],"cabins":["3"],"berths":["6"],"toilet":["0"],"furling_mainsail":["true"],"genoa":["true"],"furling_genoa":["true"],"storm_jib":[""],"asymetric_spinnaker":[""],"gennaker":[""],"battened_mainsail":["true"],"symetric_spinnaker_brand":[""],"depthounder":["Raymarine"],"log_speedometer":["Raymarine"],"wind_speed_direction":["Raymarine"],"navigation_center":["RAYMARINE"],"autopilot":["Raymarine,"],"compass":["Raymarine"],"gps":["Raymarine"],"ais":["Raymarine"],"radar":[""],"radar_detector":[""],"radio":["SONY DZX"],"repeater":["RAYMARINE"],"flat_screen_tv":[""],"cockpit_speaker":["true"],"plotter":["true"],"4_5_G":[""],"steering_wheel":[""],"tiller":[""],"spinnaker_pole":[""],"electric_winch":["2"],"battery_charger":["true"],"deep_freezer":["true"],"refrigerator":["true"],"chemical_head":["false"],"marine_head":["false"],"electric_head":["false"],"fresh_water_maker":[""],"hot_water":[""],"bow_thruster":[""],"dishwasher":[""],"manual_bilge_pump":["true"],"washing_machine":[""],"microwave_oven":[""],"electric_bilge_pump":["true"],"oven":["2021"],"sea_water_pump":["true"],"heating":[""],"air_compressor":[""],"air_conditioning":[""],"stern_thruster":[""],"bimini_top":["true"],"spray_hood":["true"],"cockpit_cover":["true"],"lazyjacks":["true"],"lazy_bag":["true"],"genoa_cover":["true"],"davits":["true"],"windlass":["true"],"solar_panel":["2021"],"swimming_ladder":["true"],"tender":["Semi Rigide Coque Alu"],"gangway":["true"],"teak_cockpit":[""],"hydraulic_gangway":[""],"solar_panel_details":[""],"outboard_engine_brackets":[""],"wind_generator":[""],"inverter":["0 VA (Victron Multiplus 12|1200|50)"],"generator":[""],"shore_power_inlet":["1 rallonge"],"forename":["Laurent"],"surname":["Rouxel"],"phone":["+33 6 79 86 39 83","+33 6 79 86 39 83"],"liferaft":[""],"safety_equipment_firefigting":[""],"safety_equipment_pump":[""],"acf_new_or_used":["Used"],"acf_vessel_lying":["Marsala Sicile"],"acf_vat_included":["true"],"acf_boat_category":[""],"pays_visible":["Italie"],"_yoast_wpseo_title":["A vendre Comar Yachts 37 <br>2021"],"_yoast_wpseo_focuskw":["Catamaran Occasion"],"_yoast_wpseo_metadesc":["Comar Yachts 37\n\nLe C-CAT 37 est un catamaran moderne qui allie polyvalence, confort et s\u00e9curit\u00e9 pour les sorties familiales et les longues croisi\u00e8res. Sa car\u00e8ne fine lui conf\u00e8re une excellente performance sous voile et une grande maniabilit\u00e9 m\u00eame en \u00e9quipage r\u00e9duit.\n\nL\u2019int\u00e9rieur lumineux propose une circulation fluide, un cockpit spacieux, et des am\u00e9nagements adapt\u00e9s \u00e0 la vie familiale avec deux cabines \u00e9quip\u00e9es, WC et cuves \u00e0 eaux noires. L\u2019entretien du bateau est rigoureux, avec hivernage \u00e0 sec et r\u00e9vision professionnelle annuelle des moteurs.\n\nSes \u00e9quipements complets (annexe alu, v\u00e9los \u00e9lectriques, dessalinisateur, panneaux solaires, \u00e9lectroniques Raymarine, etc.) garantissent autonomie, s\u00e9curit\u00e9 et confort au mouillage comme en navigation. Le C-CAT 37 se distingue enfin par la qualit\u00e9 de sa construction Comar et l\u2019architecture Marc Lombard, faisant de lui un choix id\u00e9al pour naviguer en M\u00e9diterran\u00e9e et au-del\u00e0."],"acf_description_en":["Comar Yachts 37\n\nThe C-CAT 37 is a modern catamaran that combines versatility, comfort and safety for family outings and long cruises. Its slender hull gives it excellent sailing performance and great maneuverability even with a small crew.\n\nThe bright interior offers a fluid layout, a spacious cockpit, and accommodations adapted for family life with two equipped cabins, toilets and holding tanks. The boat&apos;s maintenance is rigorous, with dry storage and an annual professional engine service.\n\nIts comprehensive equipment (aluminum tender, electric bicycles, watermaker, solar panels, Raymarine electronics, etc.) ensures autonomy, safety and comfort at anchor as well as underway. The C-CAT 37 is finally distinguished by the quality of its Comar construction and the Marc Lombard architecture, making it an ideal choice for sailing in the Mediterranean and beyond."],"_wp_page_template":["default"],"_alp_processed":["1775520203"],"_wpml_word_count":["169"],"_wc_gla_synced_at":["1775520349"],"_wc_gla_visibility":["sync-and-show"],"_wc_gla_google_ids":["a:1:{s:2:\"FR\";s:22:\"online:fr:FR:gla_67931\";}"],"_uag_page_assets":["a:9:{s:3:\"css\";s:263:\".uag-blocks-common-selector{z-index:var(--z-index-desktop) !important}@media (max-width: 976px){.uag-blocks-common-selector{z-index:var(--z-index-tablet) !important}}@media (max-width: 767px){.uag-blocks-common-selector{z-index:var(--z-index-mobile) !important}}\n\";s:2:\"js\";s:0:\"\";s:18:\"current_block_list\";a:11:{i:0;s:11:\"core\/search\";i:1;s:10:\"core\/group\";i:2;s:12:\"core\/heading\";i:3;s:17:\"core\/latest-posts\";i:4;s:20:\"core\/latest-comments\";i:5;s:13:\"core\/archives\";i:6;s:15:\"core\/categories\";i:7;s:27:\"woocommerce\/product-filters\";i:8;s:32:\"woocommerce\/product-filter-price\";i:9;s:39:\"woocommerce\/product-filter-price-slider\";i:10;s:11:\"core\/spacer\";}s:8:\"uag_flag\";b:0;s:11:\"uag_version\";s:10:\"1775520207\";s:6:\"gfonts\";a:1:{s:7:\"Default\";a:2:{s:10:\"fontfamily\";s:7:\"Default\";s:12:\"fontvariants\";a:0:{}}}s:10:\"gfonts_url\";s:77:\"https:\/\/fonts.googleapis.com\/css?family=Default&subset=latin&display=fallback\";s:12:\"gfonts_files\";a:0:{}s:14:\"uag_faq_layout\";b:0;}"],"_uag_css_file_name":["uag-css-67931.css"]},"uagb_featured_image_src":{"full":["https:\/\/elissa-yachting.fr\/wp-content\/uploads\/2025\/11\/2021-C-CAT-37-10_85YQ5oD.jpeg",1024,683,false],"thumbnail":["https:\/\/elissa-yachting.fr\/wp-content\/uploads\/2025\/11\/2021-C-CAT-37-10_85YQ5oD-150x150.jpeg",150,150,true],"medium":["https:\/\/elissa-yachting.fr\/wp-content\/uploads\/2025\/11\/2021-C-CAT-37-10_85YQ5oD-300x200.jpeg",300,200,true],"medium_large":["https:\/\/elissa-yachting.fr\/wp-content\/uploads\/2025\/11\/2021-C-CAT-37-10_85YQ5oD-768x512.jpeg",768,512,true],"large":["https:\/\/elissa-yachting.fr\/wp-content\/uploads\/2025\/11\/2021-C-CAT-37-10_85YQ5oD.jpeg",1024,683,false],"1536x1536":["https:\/\/elissa-yachting.fr\/wp-content\/uploads\/2025\/11\/2021-C-CAT-37-10_85YQ5oD.jpeg",1024,683,false],"2048x2048":["https:\/\/elissa-yachting.fr\/wp-content\/uploads\/2025\/11\/2021-C-CAT-37-10_85YQ5oD.jpeg",1024,683,false],"woocommerce_thumbnail":["https:\/\/elissa-yachting.fr\/wp-content\/uploads\/2025\/11\/2021-C-CAT-37-10_85YQ5oD-400x267.jpeg",400,267,true],"woocommerce_single":["https:\/\/elissa-yachting.fr\/wp-content\/uploads\/2025\/11\/2021-C-CAT-37-10_85YQ5oD-612x408.jpeg",612,408,true],"woocommerce_gallery_thumbnail":["https:\/\/elissa-yachting.fr\/wp-content\/uploads\/2025\/11\/2021-C-CAT-37-10_85YQ5oD-100x100.jpeg",100,100,true]},"uagb_author_info":{"display_name":"admin","author_link":"https:\/\/elissa-yachting.fr\/en\/author"},"uagb_comment_info":0,"uagb_excerpt":"Comar Yachts 37 -2021 Comar Yachts 37 Le C-CAT 37 est un catamaran moderne qui allie polyvalence, confort et s\u00e9curit\u00e9 [&hellip;]","_links":{"self":[{"href":"https:\/\/elissa-yachting.fr\/en\/wp-json\/wp\/v2\/product\/67931","targetHints":{"allow":["GET"]}}],"collection":[{"href":"https:\/\/elissa-yachting.fr\/en\/wp-json\/wp\/v2\/product"}],"about":[{"href":"https:\/\/elissa-yachting.fr\/en\/wp-json\/wp\/v2\/types\/product"}],"wp:featuredmedia":[{"embeddable":true,"href":"https:\/\/elissa-yachting.fr\/en\/wp-json\/wp\/v2\/media\/67932"}],"wp:attachment":[{"href":"https:\/\/elissa-yachting.fr\/en\/wp-json\/wp\/v2\/media?parent=67931"}],"wp:term":[{"taxonomy":"product_brand","embeddable":true,"href":"https:\/\/elissa-yachting.fr\/en\/wp-json\/wp\/v2\/product_brand?post=67931"},{"taxonomy":"product_cat","embeddable":true,"href":"https:\/\/elissa-yachting.fr\/en\/wp-json\/wp\/v2\/product_cat?post=67931"},{"taxonomy":"product_tag","embeddable":true,"href":"https:\/\/elissa-yachting.fr\/en\/wp-json\/wp\/v2\/product_tag?post=67931"},{"taxonomy":"broker","embeddable":true,"href":"https:\/\/elissa-yachting.fr\/en\/wp-json\/wp\/v2\/broker?post=67931"}],"curies":[{"name":"wp","href":"https:\/\/api.w.org\/{rel}","templated":true}]}}