{"id":68271,"date":"2025-12-13T02:02:40","date_gmt":"2025-12-13T00:02:40","guid":{"rendered":"https:\/\/elissa-yachting.fr\/produit\/bateau-custom-yawl-classic-1965"},"modified":"2026-04-07T02:02:50","modified_gmt":"2026-04-07T00:02:50","slug":"bateau-custom-yawl-classic-1965","status":"publish","type":"product","link":"https:\/\/elissa-yachting.fr\/en\/produit\/bateau-custom-yawl-classic-1965","title":{"rendered":"Durand a marants Yawl classic <br>1965"},"content":{"rendered":"<h1>Durand a marants Yawl classic -1965<\/h1>\n<p>Durand a marants Yawl classic<\/p>\n<p>L\u00e9opard Normand ce superbe yawl classique de 15 m\u00e8tres dessin\u00e9e par Sparkman &amp; Stephens et construite par Durand en 1965. C&apos;est le sisterships d&apos;Anitra qui a gagn\u00e9 la Fasnet en 1959.<br \/>\nCe bateau prestigieux allie \u00e9l\u00e9gance intemporelle, excellente tenue en mer et confort pour la croisi\u00e8re\u202f; il offre un int\u00e9rieur chaleureux en boiseries, un cockpit profond propice \u00e0 une navigation s\u00fbre et agr\u00e9able, et b\u00e9n\u00e9ficie d\u2019un historique prestigieux sur le circuit classique fran\u00e7ais. L\u2019entretien a toujours \u00e9t\u00e9 suivi avec soin, et une documentation compl\u00e8te est disponible.<\/p>\n","protected":false},"excerpt":{"rendered":"<p>Durand a marants Yawl classic -1965 Durand a marants Yawl classic L\u00e9opard Normand ce superbe yawl classique de 15 m\u00e8tres [&hellip;]<\/p>\n","protected":false},"featured_media":68272,"template":"","meta":{"_acf_changed":false,"_uag_custom_page_level_css":"","site-sidebar-layout":"default","site-content-layout":"","ast-site-content-layout":"default","site-content-style":"default","site-sidebar-style":"default","ast-global-header-display":"","ast-banner-title-visibility":"","ast-main-header-display":"","ast-hfb-above-header-display":"","ast-hfb-below-header-display":"","ast-hfb-mobile-header-display":"","site-post-title":"","ast-breadcrumbs-content":"","ast-featured-img":"","footer-sml-layout":"","ast-disable-related-posts":"","theme-transparent-header-meta":"","adv-header-id-meta":"","stick-header-meta":"","header-above-stick-meta":"","header-main-stick-meta":"","header-below-stick-meta":"","astra-migrate-meta-layouts":"default","ast-page-background-enabled":"default","ast-page-background-meta":{"desktop":{"background-color":"var(--ast-global-color-5)","background-image":"","background-repeat":"repeat","background-position":"center center","background-size":"auto","background-attachment":"scroll","background-type":"","background-media":"","overlay-type":"","overlay-color":"","overlay-opacity":"","overlay-gradient":""},"tablet":{"background-color":"","background-image":"","background-repeat":"repeat","background-position":"center center","background-size":"auto","background-attachment":"scroll","background-type":"","background-media":"","overlay-type":"","overlay-color":"","overlay-opacity":"","overlay-gradient":""},"mobile":{"background-color":"","background-image":"","background-repeat":"repeat","background-position":"center center","background-size":"auto","background-attachment":"scroll","background-type":"","background-media":"","overlay-type":"","overlay-color":"","overlay-opacity":"","overlay-gradient":""}},"ast-content-background-meta":{"desktop":{"background-color":"var(--ast-global-color-4)","background-image":"","background-repeat":"repeat","background-position":"center center","background-size":"auto","background-attachment":"scroll","background-type":"","background-media":"","overlay-type":"","overlay-color":"","overlay-opacity":"","overlay-gradient":""},"tablet":{"background-color":"var(--ast-global-color-4)","background-image":"","background-repeat":"repeat","background-position":"center center","background-size":"auto","background-attachment":"scroll","background-type":"","background-media":"","overlay-type":"","overlay-color":"","overlay-opacity":"","overlay-gradient":""},"mobile":{"background-color":"var(--ast-global-color-4)","background-image":"","background-repeat":"repeat","background-position":"center center","background-size":"auto","background-attachment":"scroll","background-type":"","background-media":"","overlay-type":"","overlay-color":"","overlay-opacity":"","overlay-gradient":""}}},"product_brand":[183],"product_cat":[175],"product_tag":[],"broker":[109],"class_list":{"0":"post-68271","1":"product","2":"type-product","3":"status-publish","4":"has-post-thumbnail","6":"product_brand-durand-a-marants","7":"product_cat-traditional-sailing-yacht","8":"broker-laurent","9":"desktop-align-left","10":"tablet-align-left","11":"mobile-align-left","12":"ast-product-gallery-layout-horizontal-slider","13":"ast-magnify-disabled","14":"ast-product-tabs-layout-horizontal","16":"first","17":"instock","18":"purchasable","19":"product-type-simple"},"acf":[],"spectra_custom_meta":{"total_sales":["0"],"_tax_status":["none"],"_tax_class":[""],"_manage_stock":["no"],"_backorders":["no"],"_sold_individually":["no"],"_virtual":["no"],"_downloadable":["no"],"_download_limit":["-1"],"_download_expiry":["-1"],"_stock":[null],"_stock_status":["instock"],"_thumbnail_id":["68272"],"_product_image_gallery":["68273,68274,68275,68276,68277,68278,68279,68280,68281,68282,68283,68284,68285,68286,68287,68288,68289,68290,68291,68292,68293,68294,68295,68296,68297,68298,68299,68300,68301,68302,68303,68304,68305,68306,68307,68308,68309,68310,68311,68312,68313,"],"ggpkg_id":["68322"],"_wc_review_count":["0"],"_wc_rating_count":["0"],"_wc_average_rating":["0"],"_sku":["10015597"],"_regular_price":["180000"],"_product_version":["10.6.1"],"_price":["180000"],"_wc_gla_sync_status":["synced"],"loa":["14.98"],"lod":[""],"lwl":["12.26"],"beam":["3.79"],"draft":["2.05"],"min_draft":[""],"air_draft":[""],"year":["1965"],"acf_manufacturer":["Durand a marants"],"acf_model":["Yawl classic"],"acf_boat_type":[""],"keel_type":["Quille longue"],"displacement":[""],"ballast":["5000"],"designer":[""],"tank":["300"],"tank_unit":["Litres"],"freshwater_capacity":[""],"engine_quantity":["1"],"engin_type":[""],"engine_manufacturer":["Yanmar"],"engin_model":["4GH4Hte"],"drive_type":["Arbre d&apos;h\u00e9lice"],"horse_power":["110"],"engine_hours":["8000"],"propeller_type":["3 pales"],"propeller_material":["Bronze"],"joystick":["false"],"fuel":["Diesel"],"cabins":["2"],"berths":["9"],"toilet":["0"],"furling_mainsail":["false"],"genoa":["true"],"furling_genoa":["true"],"storm_jib":[""],"asymetric_spinnaker":[""],"gennaker":[""],"battened_mainsail":["true"],"symetric_spinnaker_brand":[""],"depthounder":["Ben, 1982"],"log_speedometer":["Ben 1982"],"wind_speed_direction":["Ben 1982"],"navigation_center":[""],"autopilot":["Simrad 1992"],"compass":["Henry brown and son"],"gps":["Furuno"],"ais":["Navicom rt550"],"radar":[""],"radar_detector":[""],"radio":["true"],"repeater":[""],"flat_screen_tv":[""],"cockpit_speaker":["true"],"plotter":["false"],"4_5_G":[""],"steering_wheel":[""],"tiller":[""],"spinnaker_pole":["true"],"electric_winch":[""],"battery_charger":["true"],"deep_freezer":["false"],"refrigerator":["true"],"chemical_head":["false"],"marine_head":["false"],"electric_head":["false"],"fresh_water_maker":[""],"hot_water":[""],"bow_thruster":[""],"dishwasher":[""],"manual_bilge_pump":["true"],"washing_machine":[""],"microwave_oven":[""],"electric_bilge_pump":["true"],"oven":["Enon"],"sea_water_pump":[""],"heating":[""],"air_compressor":[""],"air_conditioning":[""],"stern_thruster":[""],"bimini_top":["true"],"spray_hood":["true"],"cockpit_cover":["true"],"lazyjacks":["true"],"lazy_bag":["true"],"genoa_cover":["true"],"davits":["false"],"windlass":["true"],"solar_panel":[""],"swimming_ladder":["true"],"tender":[""],"gangway":["true"],"teak_cockpit":["true"],"hydraulic_gangway":[""],"solar_panel_details":[""],"outboard_engine_brackets":[""],"wind_generator":[""],"inverter":["0 VA (12 au 24 volt)"],"generator":[""],"shore_power_inlet":["true"],"forename":["Laurent"],"surname":["Rouxel"],"phone":["+33 6 79 86 39 83","+33 6 79 86 39 83"],"liferaft":[""],"safety_equipment_firefigting":[""],"safety_equipment_pump":[""],"acf_new_or_used":["Used"],"acf_vessel_lying":["Marseille"],"acf_vat_included":["true"],"acf_boat_category":[""],"pays_visible":["France"],"_yoast_wpseo_title":["A vendre Durand a marants Yawl classic <br>1965"],"_yoast_wpseo_focuskw":["sail occasion"],"_yoast_wpseo_metadesc":["Durand a marants Yawl classic\n\nL\u00e9opard Normand ce superbe yawl classique de 15 m\u00e8tres dessin\u00e9e par Sparkman &amp; Stephens et construite par Durand en 1965. C&apos;est le sisterships d&apos;Anitra qui a gagn\u00e9 la Fasnet en 1959.\nCe bateau prestigieux allie \u00e9l\u00e9gance intemporelle, excellente tenue en mer et confort pour la croisi\u00e8re\u202f; il offre un int\u00e9rieur chaleureux en boiseries, un cockpit profond propice \u00e0 une navigation s\u00fbre et agr\u00e9able, et b\u00e9n\u00e9ficie d\u2019un historique prestigieux sur le circuit classique fran\u00e7ais. L\u2019entretien a toujours \u00e9t\u00e9 suivi avec soin, et une documentation compl\u00e8te est disponible."],"acf_description_en":["Durand a marants Yawl classic\n\nNormand Leopard, this magnificent 15-meter classic yawl designed by Sparkman &amp; Stephens and built by Durand in 1965. It is the sistership of Anitra, which won the Fasnet in 1959.\n\nThis prestigious vessel combines timeless elegance, excellent seaworthiness, and comfort for cruising; it offers a warm interior with wood paneling, a deep cockpit conducive to safe and enjoyable sailing, and a prestigious history on the French classic circuit. The maintenance has always been followed with care, and a complete documentation is available."],"_wp_page_template":["default"],"_alp_processed":["1775520170"],"_wc_gla_synced_at":["1775520183"],"_wc_gla_visibility":["sync-and-show"],"_wc_gla_google_ids":["a:1:{s:2:\"FR\";s:22:\"online:fr:FR:gla_68271\";}"],"_wpml_word_count":["115"],"_uag_page_assets":["a:9:{s:3:\"css\";s:263:\".uag-blocks-common-selector{z-index:var(--z-index-desktop) !important}@media (max-width: 976px){.uag-blocks-common-selector{z-index:var(--z-index-tablet) !important}}@media (max-width: 767px){.uag-blocks-common-selector{z-index:var(--z-index-mobile) !important}}\n\";s:2:\"js\";s:0:\"\";s:18:\"current_block_list\";a:11:{i:0;s:11:\"core\/search\";i:1;s:10:\"core\/group\";i:2;s:12:\"core\/heading\";i:3;s:17:\"core\/latest-posts\";i:4;s:20:\"core\/latest-comments\";i:5;s:13:\"core\/archives\";i:6;s:15:\"core\/categories\";i:7;s:27:\"woocommerce\/product-filters\";i:8;s:32:\"woocommerce\/product-filter-price\";i:9;s:39:\"woocommerce\/product-filter-price-slider\";i:10;s:11:\"core\/spacer\";}s:8:\"uag_flag\";b:0;s:11:\"uag_version\";s:10:\"1775520207\";s:6:\"gfonts\";a:1:{s:7:\"Default\";a:2:{s:10:\"fontfamily\";s:7:\"Default\";s:12:\"fontvariants\";a:0:{}}}s:10:\"gfonts_url\";s:77:\"https:\/\/fonts.googleapis.com\/css?family=Default&subset=latin&display=fallback\";s:12:\"gfonts_files\";a:0:{}s:14:\"uag_faq_layout\";b:0;}"],"_uag_css_file_name":["uag-css-68271.css"]},"uagb_featured_image_src":{"full":["https:\/\/elissa-yachting.fr\/wp-content\/uploads\/2025\/12\/1965-Yawl-Classic-09_cLGJZWy.jpeg",1024,683,false],"thumbnail":["https:\/\/elissa-yachting.fr\/wp-content\/uploads\/2025\/12\/1965-Yawl-Classic-09_cLGJZWy-150x150.jpeg",150,150,true],"medium":["https:\/\/elissa-yachting.fr\/wp-content\/uploads\/2025\/12\/1965-Yawl-Classic-09_cLGJZWy-300x200.jpeg",300,200,true],"medium_large":["https:\/\/elissa-yachting.fr\/wp-content\/uploads\/2025\/12\/1965-Yawl-Classic-09_cLGJZWy-768x512.jpeg",768,512,true],"large":["https:\/\/elissa-yachting.fr\/wp-content\/uploads\/2025\/12\/1965-Yawl-Classic-09_cLGJZWy.jpeg",1024,683,false],"1536x1536":["https:\/\/elissa-yachting.fr\/wp-content\/uploads\/2025\/12\/1965-Yawl-Classic-09_cLGJZWy.jpeg",1024,683,false],"2048x2048":["https:\/\/elissa-yachting.fr\/wp-content\/uploads\/2025\/12\/1965-Yawl-Classic-09_cLGJZWy.jpeg",1024,683,false],"woocommerce_thumbnail":["https:\/\/elissa-yachting.fr\/wp-content\/uploads\/2025\/12\/1965-Yawl-Classic-09_cLGJZWy-400x267.jpeg",400,267,true],"woocommerce_single":["https:\/\/elissa-yachting.fr\/wp-content\/uploads\/2025\/12\/1965-Yawl-Classic-09_cLGJZWy-612x408.jpeg",612,408,true],"woocommerce_gallery_thumbnail":["https:\/\/elissa-yachting.fr\/wp-content\/uploads\/2025\/12\/1965-Yawl-Classic-09_cLGJZWy-100x100.jpeg",100,100,true]},"uagb_author_info":{"display_name":"admin","author_link":"https:\/\/elissa-yachting.fr\/en\/author"},"uagb_comment_info":0,"uagb_excerpt":"Durand a marants Yawl classic -1965 Durand a marants Yawl classic L\u00e9opard Normand ce superbe yawl classique de 15 m\u00e8tres [&hellip;]","_links":{"self":[{"href":"https:\/\/elissa-yachting.fr\/en\/wp-json\/wp\/v2\/product\/68271","targetHints":{"allow":["GET"]}}],"collection":[{"href":"https:\/\/elissa-yachting.fr\/en\/wp-json\/wp\/v2\/product"}],"about":[{"href":"https:\/\/elissa-yachting.fr\/en\/wp-json\/wp\/v2\/types\/product"}],"wp:featuredmedia":[{"embeddable":true,"href":"https:\/\/elissa-yachting.fr\/en\/wp-json\/wp\/v2\/media\/68272"}],"wp:attachment":[{"href":"https:\/\/elissa-yachting.fr\/en\/wp-json\/wp\/v2\/media?parent=68271"}],"wp:term":[{"taxonomy":"product_brand","embeddable":true,"href":"https:\/\/elissa-yachting.fr\/en\/wp-json\/wp\/v2\/product_brand?post=68271"},{"taxonomy":"product_cat","embeddable":true,"href":"https:\/\/elissa-yachting.fr\/en\/wp-json\/wp\/v2\/product_cat?post=68271"},{"taxonomy":"product_tag","embeddable":true,"href":"https:\/\/elissa-yachting.fr\/en\/wp-json\/wp\/v2\/product_tag?post=68271"},{"taxonomy":"broker","embeddable":true,"href":"https:\/\/elissa-yachting.fr\/en\/wp-json\/wp\/v2\/broker?post=68271"}],"curies":[{"name":"wp","href":"https:\/\/api.w.org\/{rel}","templated":true}]}}