{"id":68544,"date":"2026-01-31T02:03:34","date_gmt":"2026-01-31T00:03:34","guid":{"rendered":"https:\/\/elissa-yachting.fr\/produit\/custom-oneiros-43-1982"},"modified":"2026-04-09T02:02:43","modified_gmt":"2026-04-09T00:02:43","slug":"custom-oneiros-43-1982","status":"publish","type":"product","link":"https:\/\/elissa-yachting.fr\/en\/produit\/custom-oneiros-43-1982","title":{"rendered":"Custom Oneiros 43 <br>1982"},"content":{"rendered":"<h1>Custom Oneiros 43 -1982<\/h1>\n<p>Custom Oneiros 43<\/p>\n<p>ONEIROS 43 \u2013 Voilier acier de grand voyage, pr\u00eat pour les latitudes exigeantes<\/p>\n<p>Construit en acier sur les r\u00e9put\u00e9s plans Joubert, cet Oneiros 43 est un voilier pens\u00e9 pour aller loin, longtemps, et en toute confiance. Construction de tr\u00e8s haut niveau r\u00e9alis\u00e9e par un chaudronnier professionnel en 1982, elle se distingue par la qualit\u00e9 de son travail, sa coh\u00e9rence technique et sa robustesse \u00e9prouv\u00e9e. Gr\u00e9\u00e9 en cotre, ce bateau offre une polyvalence de voilure id\u00e9ale pour la navigation hauturi\u00e8re et les conditions engag\u00e9es. C\u2019est un bateau simple, fonctionnel et rassurant, con\u00e7u pour le marin qui privil\u00e9gie la s\u00e9curit\u00e9, l\u2019autonomie et la s\u00e9r\u00e9nit\u00e9 en mer. Parfaitement adapt\u00e9 \u00e0 un projet de grand voyage, il trouvera tout son sens pour des navigations vers les p\u00f4les, la Patagonie ou toute zone isol\u00e9e, o\u00f9 la solidit\u00e9 et la fiabilit\u00e9 priment sur le superflu.<\/p>\n<p>Caract\u00e9ristiques &amp; \u00e9quipements cl\u00e9s : Moteur Volvo TM22 avec 750 heures, r\u00e9gulateur d\u2019allure Windpilot de 2022, gr\u00e9ement dormant en bon \u00e9tat, jeu de voiles complet en bon \u00e9tat, \u00e9lectronique fonctionnelle, po\u00eale \u00e0 bord, groupe \u00e9lectrog\u00e8ne ATZ 8 000 W \u00e0 r\u00e9viser et de nombreux autres \u00e9l\u00e9ments \u00e0 d\u00e9couvrir. <\/p>\n<p>Cet Oneiros 43 n\u2019est pas un bateau de marina : c\u2019est un v\u00e9ritable voilier d\u2019exp\u00e9dition, fait pour ceux qui r\u00eavent d\u2019horizons lointains, de mers froides et de navigations engag\u00e9es, avec un bateau solide. Une unit\u00e9 rare et authentique, destin\u00e9e \u00e0 un marin ayant un vrai projet de voyage.<\/p>\n","protected":false},"excerpt":{"rendered":"<p>Custom Oneiros 43 -1982 Custom Oneiros 43 ONEIROS 43 \u2013 Voilier acier de grand voyage, pr\u00eat pour les latitudes exigeantes [&hellip;]<\/p>\n","protected":false},"featured_media":68545,"template":"","meta":{"_acf_changed":false,"_uag_custom_page_level_css":"","site-sidebar-layout":"default","site-content-layout":"","ast-site-content-layout":"default","site-content-style":"default","site-sidebar-style":"default","ast-global-header-display":"","ast-banner-title-visibility":"","ast-main-header-display":"","ast-hfb-above-header-display":"","ast-hfb-below-header-display":"","ast-hfb-mobile-header-display":"","site-post-title":"","ast-breadcrumbs-content":"","ast-featured-img":"","footer-sml-layout":"","ast-disable-related-posts":"","theme-transparent-header-meta":"","adv-header-id-meta":"","stick-header-meta":"","header-above-stick-meta":"","header-main-stick-meta":"","header-below-stick-meta":"","astra-migrate-meta-layouts":"default","ast-page-background-enabled":"default","ast-page-background-meta":{"desktop":{"background-color":"var(--ast-global-color-5)","background-image":"","background-repeat":"repeat","background-position":"center center","background-size":"auto","background-attachment":"scroll","background-type":"","background-media":"","overlay-type":"","overlay-color":"","overlay-opacity":"","overlay-gradient":""},"tablet":{"background-color":"","background-image":"","background-repeat":"repeat","background-position":"center center","background-size":"auto","background-attachment":"scroll","background-type":"","background-media":"","overlay-type":"","overlay-color":"","overlay-opacity":"","overlay-gradient":""},"mobile":{"background-color":"","background-image":"","background-repeat":"repeat","background-position":"center center","background-size":"auto","background-attachment":"scroll","background-type":"","background-media":"","overlay-type":"","overlay-color":"","overlay-opacity":"","overlay-gradient":""}},"ast-content-background-meta":{"desktop":{"background-color":"var(--ast-global-color-4)","background-image":"","background-repeat":"repeat","background-position":"center center","background-size":"auto","background-attachment":"scroll","background-type":"","background-media":"","overlay-type":"","overlay-color":"","overlay-opacity":"","overlay-gradient":""},"tablet":{"background-color":"var(--ast-global-color-4)","background-image":"","background-repeat":"repeat","background-position":"center center","background-size":"auto","background-attachment":"scroll","background-type":"","background-media":"","overlay-type":"","overlay-color":"","overlay-opacity":"","overlay-gradient":""},"mobile":{"background-color":"var(--ast-global-color-4)","background-image":"","background-repeat":"repeat","background-position":"center center","background-size":"auto","background-attachment":"scroll","background-type":"","background-media":"","overlay-type":"","overlay-color":"","overlay-opacity":"","overlay-gradient":""}}},"product_brand":[122],"product_cat":[124,134],"product_tag":[],"broker":[111],"class_list":{"0":"post-68544","1":"product","2":"type-product","3":"status-publish","4":"has-post-thumbnail","6":"product_brand-custom","7":"product_cat-sailing-yacht","8":"product_cat-voilier","9":"broker-vincent","10":"desktop-align-left","11":"tablet-align-left","12":"mobile-align-left","13":"ast-product-gallery-layout-horizontal-slider","14":"ast-magnify-disabled","15":"ast-product-tabs-layout-horizontal","17":"first","18":"instock","19":"purchasable","20":"product-type-simple"},"acf":[],"spectra_custom_meta":{"total_sales":["0"],"_tax_status":["none"],"_tax_class":[""],"_manage_stock":["no"],"_backorders":["no"],"_sold_individually":["no"],"_virtual":["no"],"_downloadable":["no"],"_download_limit":["-1"],"_download_expiry":["-1"],"_stock":[null],"_stock_status":["instock"],"_thumbnail_id":["68545"],"_product_image_gallery":["68546,68547,68548,68549,68550,68551,68552,68553,68554,68555,68556,68557,68558,68559,68560,68561,68562,68563,68564,68565,68566,68567,68568,68569,68570,68571,68572,68573,68574,"],"_wc_review_count":["0"],"_wc_rating_count":["0"],"_wc_average_rating":["0"],"_sku":["10069014"],"_regular_price":["49900"],"_product_version":["10.6.1"],"_price":["49900"],"_wc_gla_sync_status":["synced"],"loa":["13"],"lod":[""],"lwl":["11.94"],"beam":["4"],"draft":["2.2"],"min_draft":[""],"air_draft":[""],"year":["1982"],"acf_manufacturer":["Custom"],"acf_model":["Oneiros 43"],"acf_boat_type":[""],"keel_type":["Quille"],"displacement":[""],"ballast":[""],"designer":[""],"tank":["200"],"tank_unit":["Litres"],"freshwater_capacity":[""],"engine_quantity":["1"],"engin_type":[""],"engine_manufacturer":["Volvo Penta."],"engin_model":["TM 22"],"drive_type":["Arbre d&apos;h\u00e9lice"],"horse_power":["92"],"engine_hours":["750"],"propeller_type":["3 pales"],"propeller_material":["Bronze"],"joystick":["false"],"fuel":["Diesel"],"cabins":["2"],"berths":["5"],"toilet":["0"],"furling_mainsail":["false"],"genoa":["true"],"furling_genoa":["true"],"storm_jib":[""],"asymetric_spinnaker":[""],"gennaker":[""],"battened_mainsail":[""],"symetric_spinnaker_brand":[""],"depthounder":["Clipper"],"log_speedometer":[""],"wind_speed_direction":["Navman Wind 3150"],"navigation_center":[""],"autopilot":["Raymarine ST6001"],"compass":["Silva Type 100"],"gps":["Humminbird avec carte SSD"],"ais":[""],"radar":["Oui"],"radar_detector":[""],"radio":["Oui"],"repeater":[""],"flat_screen_tv":[""],"cockpit_speaker":[""],"plotter":["false"],"4_5_G":[""],"steering_wheel":[""],"tiller":[""],"spinnaker_pole":[""],"electric_winch":[""],"battery_charger":["true"],"deep_freezer":["false"],"refrigerator":["true"],"chemical_head":["false"],"marine_head":["false"],"electric_head":["false"],"fresh_water_maker":[""],"hot_water":[""],"bow_thruster":[""],"dishwasher":[""],"manual_bilge_pump":["true"],"washing_machine":[""],"microwave_oven":[""],"electric_bilge_pump":["true"],"oven":["Eno"],"sea_water_pump":[""],"heating":[""],"air_compressor":[""],"air_conditioning":[""],"stern_thruster":[""],"bimini_top":["true"],"spray_hood":["true"],"cockpit_cover":["true"],"lazyjacks":["true"],"lazy_bag":["true"],"genoa_cover":["true"],"davits":["false"],"windlass":["true"],"solar_panel":["4 x 50 W sur portique pour les batteries de services et 1 x 100 W sur tribord pour les batteries moteurs"],"swimming_ladder":["false"],"tender":["AB 8UL fond alu"],"gangway":[""],"teak_cockpit":[""],"hydraulic_gangway":[""],"solar_panel_details":[""],"outboard_engine_brackets":[""],"wind_generator":[""],"inverter":["1000 VA (Victron)"],"generator":["ATZ monocylindre \u00e0 r\u00e9viser (changer le piston) (1982) 8000 W"],"shore_power_inlet":["true"],"forename":["Vincent"],"surname":["Vall\u00e9e"],"phone":["+33 7 49 42 89 57","+33 7 49 42 89 57"],"liferaft":[""],"safety_equipment_firefigting":[""],"safety_equipment_pump":[""],"acf_new_or_used":["Used"],"acf_vessel_lying":["Martinique"],"acf_vat_included":["true"],"acf_boat_category":[""],"pays_visible":["mq"],"_yoast_wpseo_title":["A vendre Custom Oneiros 43 <br>1982"],"_yoast_wpseo_focuskw":["sail occasion"],"_yoast_wpseo_metadesc":["Custom Oneiros 43\n\nONEIROS 43 \u2013 Voilier acier de grand voyage, pr\u00eat pour les latitudes exigeantes\n\nConstruit en acier sur les r\u00e9put\u00e9s plans Joubert, cet Oneiros 43 est un voilier pens\u00e9 pour aller loin, longtemps, et en toute confiance. Construction de tr\u00e8s haut niveau r\u00e9alis\u00e9e par un chaudronnier professionnel en 1982, elle se distingue par la qualit\u00e9 de son travail, sa coh\u00e9rence technique et sa robustesse \u00e9prouv\u00e9e. Gr\u00e9\u00e9 en cotre, ce bateau offre une polyvalence de voilure id\u00e9ale pour la navigation hauturi\u00e8re et les conditions engag\u00e9es. C\u2019est un bateau simple, fonctionnel et rassurant, con\u00e7u pour le marin qui privil\u00e9gie la s\u00e9curit\u00e9, l\u2019autonomie et la s\u00e9r\u00e9nit\u00e9 en mer. Parfaitement adapt\u00e9 \u00e0 un projet de grand voyage, il trouvera tout son sens pour des navigations vers les p\u00f4les, la Patagonie ou toute zone isol\u00e9e, o\u00f9 la solidit\u00e9 et la fiabilit\u00e9 priment sur le superflu.\n\nCaract\u00e9ristiques &amp; \u00e9quipements cl\u00e9s : Moteur Volvo TM22 avec 750 heures, r\u00e9gulateur d\u2019allure Windpilot de 2022, gr\u00e9ement dormant en bon \u00e9tat, jeu de voiles complet en bon \u00e9tat, \u00e9lectronique fonctionnelle, po\u00eale \u00e0 bord, groupe \u00e9lectrog\u00e8ne ATZ 8 000 W \u00e0 r\u00e9viser et de nombreux autres \u00e9l\u00e9ments \u00e0 d\u00e9couvrir. \n\nCet Oneiros 43 n\u2019est pas un bateau de marina : c\u2019est un v\u00e9ritable voilier d\u2019exp\u00e9dition, fait pour ceux qui r\u00eavent d\u2019horizons lointains, de mers froides et de navigations engag\u00e9es, avec un bateau solide. Une unit\u00e9 rare et authentique, destin\u00e9e \u00e0 un marin ayant un vrai projet de voyage."],"acf_description_en":["Custom Oneiros 43\n\nONEIROS 43 - Steel long-distance sailing yacht, ready for demanding latitudes\n\nBuilt in steel based on the renowned Joubert designs, this Oneiros 43 is a yacht conceived to go far, for a long time, and with complete confidence. A very high-quality construction carried out by a professional boilermaker in 1982, it stands out for the quality of its workmanship, its technical consistency, and its proven robustness. Rigged as a ketch, this boat offers a versatile sail plan ideal for offshore navigation and demanding conditions. It is a simple, functional and reassuring boat, designed for the sailor who prioritizes safety, self-sufficiency and serenity at sea. Perfectly suited for a long-distance cruising project, it will find its true purpose in voyages to the poles, Patagonia or any remote area, where solidity and reliability take precedence over the superfluous.\n\nKey features &amp; equipment: Volvo TM22 engine with 750 hours, 2022 Windpilot wind vane, standing rigging in good condition, complete set of sails in good condition, functional electronics, on-board heater, ATZ 8,000W generator to be serviced, and many other elements to discover.\n\nThis Oneiros 43 is not a marina boat: it is a true expedition sailing yacht, made for those who dream of distant horizons, cold seas and committed voyages, with a solid boat. A rare and authentic unit, intended for a sailor with a genuine travel project."],"_wp_page_template":["default"],"_alp_processed":["1775692963"],"_wpml_word_count":["260"],"_wc_gla_synced_at":["1775693017"],"_wc_gla_visibility":["sync-and-show"],"_wc_gla_google_ids":["a:1:{s:2:\"FR\";s:22:\"online:fr:FR:gla_68544\";}"],"_uag_page_assets":["a:9:{s:3:\"css\";s:263:\".uag-blocks-common-selector{z-index:var(--z-index-desktop) !important}@media (max-width: 976px){.uag-blocks-common-selector{z-index:var(--z-index-tablet) !important}}@media (max-width: 767px){.uag-blocks-common-selector{z-index:var(--z-index-mobile) !important}}\n\";s:2:\"js\";s:0:\"\";s:18:\"current_block_list\";a:11:{i:0;s:11:\"core\/search\";i:1;s:10:\"core\/group\";i:2;s:12:\"core\/heading\";i:3;s:17:\"core\/latest-posts\";i:4;s:20:\"core\/latest-comments\";i:5;s:13:\"core\/archives\";i:6;s:15:\"core\/categories\";i:7;s:27:\"woocommerce\/product-filters\";i:8;s:32:\"woocommerce\/product-filter-price\";i:9;s:39:\"woocommerce\/product-filter-price-slider\";i:10;s:11:\"core\/spacer\";}s:8:\"uag_flag\";b:0;s:11:\"uag_version\";s:10:\"1775692999\";s:6:\"gfonts\";a:1:{s:7:\"Default\";a:2:{s:10:\"fontfamily\";s:7:\"Default\";s:12:\"fontvariants\";a:0:{}}}s:10:\"gfonts_url\";s:77:\"https:\/\/fonts.googleapis.com\/css?family=Default&subset=latin&display=fallback\";s:12:\"gfonts_files\";a:0:{}s:14:\"uag_faq_layout\";b:0;}"],"_uag_css_file_name":["uag-css-68544.css"]},"uagb_featured_image_src":{"full":["https:\/\/elissa-yachting.fr\/wp-content\/uploads\/2026\/01\/1982-Custom-Oneiros-43-10_AvQj4mS.jpeg",1024,683,false],"thumbnail":["https:\/\/elissa-yachting.fr\/wp-content\/uploads\/2026\/01\/1982-Custom-Oneiros-43-10_AvQj4mS-150x150.jpeg",150,150,true],"medium":["https:\/\/elissa-yachting.fr\/wp-content\/uploads\/2026\/01\/1982-Custom-Oneiros-43-10_AvQj4mS-300x200.jpeg",300,200,true],"medium_large":["https:\/\/elissa-yachting.fr\/wp-content\/uploads\/2026\/01\/1982-Custom-Oneiros-43-10_AvQj4mS-768x512.jpeg",768,512,true],"large":["https:\/\/elissa-yachting.fr\/wp-content\/uploads\/2026\/01\/1982-Custom-Oneiros-43-10_AvQj4mS.jpeg",1024,683,false],"1536x1536":["https:\/\/elissa-yachting.fr\/wp-content\/uploads\/2026\/01\/1982-Custom-Oneiros-43-10_AvQj4mS.jpeg",1024,683,false],"2048x2048":["https:\/\/elissa-yachting.fr\/wp-content\/uploads\/2026\/01\/1982-Custom-Oneiros-43-10_AvQj4mS.jpeg",1024,683,false],"woocommerce_thumbnail":["https:\/\/elissa-yachting.fr\/wp-content\/uploads\/2026\/01\/1982-Custom-Oneiros-43-10_AvQj4mS-400x267.jpeg",400,267,true],"woocommerce_single":["https:\/\/elissa-yachting.fr\/wp-content\/uploads\/2026\/01\/1982-Custom-Oneiros-43-10_AvQj4mS-612x408.jpeg",612,408,true],"woocommerce_gallery_thumbnail":["https:\/\/elissa-yachting.fr\/wp-content\/uploads\/2026\/01\/1982-Custom-Oneiros-43-10_AvQj4mS-100x100.jpeg",100,100,true]},"uagb_author_info":{"display_name":"","author_link":"https:\/\/elissa-yachting.fr\/en\/author"},"uagb_comment_info":0,"uagb_excerpt":"Custom Oneiros 43 -1982 Custom Oneiros 43 ONEIROS 43 \u2013 Voilier acier de grand voyage, pr\u00eat pour les latitudes exigeantes [&hellip;]","_links":{"self":[{"href":"https:\/\/elissa-yachting.fr\/en\/wp-json\/wp\/v2\/product\/68544","targetHints":{"allow":["GET"]}}],"collection":[{"href":"https:\/\/elissa-yachting.fr\/en\/wp-json\/wp\/v2\/product"}],"about":[{"href":"https:\/\/elissa-yachting.fr\/en\/wp-json\/wp\/v2\/types\/product"}],"wp:featuredmedia":[{"embeddable":true,"href":"https:\/\/elissa-yachting.fr\/en\/wp-json\/wp\/v2\/media\/68545"}],"wp:attachment":[{"href":"https:\/\/elissa-yachting.fr\/en\/wp-json\/wp\/v2\/media?parent=68544"}],"wp:term":[{"taxonomy":"product_brand","embeddable":true,"href":"https:\/\/elissa-yachting.fr\/en\/wp-json\/wp\/v2\/product_brand?post=68544"},{"taxonomy":"product_cat","embeddable":true,"href":"https:\/\/elissa-yachting.fr\/en\/wp-json\/wp\/v2\/product_cat?post=68544"},{"taxonomy":"product_tag","embeddable":true,"href":"https:\/\/elissa-yachting.fr\/en\/wp-json\/wp\/v2\/product_tag?post=68544"},{"taxonomy":"broker","embeddable":true,"href":"https:\/\/elissa-yachting.fr\/en\/wp-json\/wp\/v2\/broker?post=68544"}],"curies":[{"name":"wp","href":"https:\/\/api.w.org\/{rel}","templated":true}]}}