{"id":68785,"date":"2026-02-17T02:09:12","date_gmt":"2026-02-17T00:09:12","guid":{"rendered":"https:\/\/elissa-yachting.fr\/produit\/bali-4-6-open-space-2024"},"modified":"2026-04-29T02:03:20","modified_gmt":"2026-04-29T00:03:20","slug":"bali-4-6-open-space-2024","status":"publish","type":"product","link":"https:\/\/elissa-yachting.fr\/en\/produit\/bali-4-6-open-space-2024","title":{"rendered":"Bali 4.6 Open Space <br>2024"},"content":{"rendered":"<h1>Bali 4.6 Open Space -2024<\/h1>\n<p>Bali 4.6 Open Space<\/p>\n<p>BALI 4.6 OPEN SPACE \u2013 2024<\/p>\n<p>Superbe Bali 4.6 Open Space de 2024 en version propri\u00e9taire 4 cabines \u2013 3 salles de bains disponible aux Antilles.<\/p>\n<p>Ce bateau est propos\u00e9 par Vincent Vall\u00e9e, yacht broker professionnel bas\u00e9 en Martinique depuis 2022, votre interlocuteur privil\u00e9gi\u00e9 pour ELISSA Yachting dans les Cara\u00efbes. Les photos, vid\u00e9os et visite 3D ont \u00e9t\u00e9 r\u00e9alis\u00e9es \u00e0 bord en f\u00e9vrier 2026.<\/p>\n<p>Premi\u00e8re main, ce catamaran est enti\u00e8rement \u00e9quip\u00e9 et optimis\u00e9 pour la vie \u00e0 bord et le grand voyage. Il est disponible imm\u00e9diatement aux Antilles avec possibilit\u00e9 de livraison selon votre programme.<\/p>\n<p>Le Bali 4.6 Open Space est aujourd\u2019hui l\u2019un des catamarans de croisi\u00e8re les plus recherch\u00e9s dans sa cat\u00e9gorie pour ses volumes exceptionnels et son concept de vie \u00e0 bord unique. Cette unit\u00e9 se distingue par un niveau d\u2019\u00e9quipement particuli\u00e8rement complet, permettant une utilisation confortable aussi bien en navigation qu\u2019au mouillage, aux Antilles comme pour un projet de grande croisi\u00e8re.<\/p>\n<p>La propulsion a \u00e9t\u00e9 optimis\u00e9e avec deux moteurs Yanmar de 57 cv. L\u2019autonomie est un point fort majeur du bateau avec une capacit\u00e9 solaire d\u2019environ 2500 W, un g\u00e9n\u00e9rateur de 7,5 kW et un dessalinisateur de 105 L\/h, offrant une grande ind\u00e9pendance \u00e9nerg\u00e9tique et en eau.<\/p>\n<p>Apr\u00e8s des navigations en M\u00e9diterran\u00e9e suivies d\u2019une travers\u00e9e de l\u2019Atlantique, ce bateau est aujourd\u2019hui parfaitement fiabilis\u00e9 avec de nombreuses options et am\u00e9liorations. Les propri\u00e9taires vivent \u00e0 bord \u00e0 temps plein depuis ao\u00fbt 2024 et ont assur\u00e9 un entretien continu et rigoureux, permettant une prise en main imm\u00e9diate sans les contraintes habituelles d\u2019un bateau neuf.<\/p>\n<p>La version 4 cabines \u2013 3 salles de bains offre un excellent compromis entre confort propri\u00e9taire et capacit\u00e9 d\u2019accueil. Le concept Open Space, signature de Bali, cr\u00e9e un v\u00e9ritable espace de vie sans s\u00e9paration entre le carr\u00e9 et le cockpit, avec une circulation fluide vers le pont avant et le flybridge.<\/p>\n<p>Ce catamaran en \u00e9tat proche du neuf repr\u00e9sente une opportunit\u00e9 rare sur le march\u00e9, pr\u00eat \u00e0 naviguer imm\u00e9diatement, que ce soit pour un programme priv\u00e9 ou un investissement locatif avec un fort potentiel dans les Antilles.<\/p>\n<p>Le bateau peut \u00e9galement \u00eatre propos\u00e9 avec divers \u00e9quipements de loisirs nautiques en option, incluant notamment un FliteBoard (eFoil \u00e9lectrique), des v\u00e9los, un paddle gonflable et un v\u00e9lo aquatique.<\/p>\n<p>Un dossier tr\u00e8s complet est disponible comprenant plus de 300 photos, une visite 3D accessible en ligne sur notre site internet ainsi qu\u2019une vid\u00e9o d\u00e9taill\u00e9e de la visite compl\u00e8te sur demande.<\/p>\n","protected":false},"excerpt":{"rendered":"<p>Bali 4.6 Open Space -2024 Bali 4.6 Open Space BALI 4.6 OPEN SPACE \u2013 2024 Superbe Bali 4.6 Open Space [&hellip;]<\/p>\n","protected":false},"featured_media":68849,"template":"","meta":{"_acf_changed":false,"_uag_custom_page_level_css":"","site-sidebar-layout":"default","site-content-layout":"","ast-site-content-layout":"default","site-content-style":"default","site-sidebar-style":"default","ast-global-header-display":"","ast-banner-title-visibility":"","ast-main-header-display":"","ast-hfb-above-header-display":"","ast-hfb-below-header-display":"","ast-hfb-mobile-header-display":"","site-post-title":"","ast-breadcrumbs-content":"","ast-featured-img":"","footer-sml-layout":"","ast-disable-related-posts":"","theme-transparent-header-meta":"","adv-header-id-meta":"","stick-header-meta":"","header-above-stick-meta":"","header-main-stick-meta":"","header-below-stick-meta":"","astra-migrate-meta-layouts":"default","ast-page-background-enabled":"default","ast-page-background-meta":{"desktop":{"background-color":"var(--ast-global-color-5)","background-image":"","background-repeat":"repeat","background-position":"center center","background-size":"auto","background-attachment":"scroll","background-type":"","background-media":"","overlay-type":"","overlay-color":"","overlay-opacity":"","overlay-gradient":""},"tablet":{"background-color":"","background-image":"","background-repeat":"repeat","background-position":"center center","background-size":"auto","background-attachment":"scroll","background-type":"","background-media":"","overlay-type":"","overlay-color":"","overlay-opacity":"","overlay-gradient":""},"mobile":{"background-color":"","background-image":"","background-repeat":"repeat","background-position":"center center","background-size":"auto","background-attachment":"scroll","background-type":"","background-media":"","overlay-type":"","overlay-color":"","overlay-opacity":"","overlay-gradient":""}},"ast-content-background-meta":{"desktop":{"background-color":"var(--ast-global-color-4)","background-image":"","background-repeat":"repeat","background-position":"center center","background-size":"auto","background-attachment":"scroll","background-type":"","background-media":"","overlay-type":"","overlay-color":"","overlay-opacity":"","overlay-gradient":""},"tablet":{"background-color":"var(--ast-global-color-4)","background-image":"","background-repeat":"repeat","background-position":"center center","background-size":"auto","background-attachment":"scroll","background-type":"","background-media":"","overlay-type":"","overlay-color":"","overlay-opacity":"","overlay-gradient":""},"mobile":{"background-color":"var(--ast-global-color-4)","background-image":"","background-repeat":"repeat","background-position":"center center","background-size":"auto","background-attachment":"scroll","background-type":"","background-media":"","overlay-type":"","overlay-color":"","overlay-opacity":"","overlay-gradient":""}}},"product_brand":[185],"product_cat":[127,130],"product_tag":[],"broker":[111],"class_list":{"0":"post-68785","1":"product","2":"type-product","3":"status-publish","4":"has-post-thumbnail","6":"product_brand-bali","7":"product_cat-catamaran","8":"product_cat-multicoque","9":"broker-vincent","10":"desktop-align-left","11":"tablet-align-left","12":"mobile-align-left","13":"ast-product-gallery-layout-horizontal-slider","14":"ast-magnify-disabled","15":"ast-product-tabs-layout-horizontal","17":"first","18":"instock","19":"purchasable","20":"product-type-simple"},"acf":[],"spectra_custom_meta":{"total_sales":["0"],"_tax_status":["none"],"_tax_class":[""],"_manage_stock":["no"],"_backorders":["no"],"_sold_individually":["no"],"_virtual":["no"],"_downloadable":["no"],"_download_limit":["-1"],"_download_expiry":["-1"],"_stock":[null],"_stock_status":["instock"],"_product_image_gallery":["68850,68851,68852,68853,68854,68855,68856,68857,68858,68859,68860,68861,68862,68863,68864,68865,68866,68867,68868,68869,68870,68871,68872,68873,68874,68875,68876,68877,68878,68879,68880,68881,68882,68883"],"ggpkg_id":["68884"],"_thumbnail_id":["68849"],"_wc_review_count":["0"],"_wc_rating_count":["0"],"_wc_average_rating":["0"],"_sku":["10083756"],"_regular_price":["935000"],"_product_version":["10.7.0"],"_price":["935000"],"_wc_gla_sync_status":["synced"],"loa":["14.28"],"lod":["13.68"],"lwl":["13.56"],"beam":["7.66"],"draft":["1.2"],"min_draft":[""],"air_draft":[""],"year":["2024"],"acf_manufacturer":["Bali"],"acf_model":["4.6 Open Space"],"acf_boat_type":[""],"keel_type":["Quillons"],"displacement":["16000"],"ballast":[""],"designer":[""],"tank":["800"],"tank_unit":["Litres"],"freshwater_capacity":[""],"engine_quantity":["1"],"engin_type":[""],"engine_manufacturer":["Yanmar"],"engin_model":["4JH57"],"drive_type":["Sail-drive"],"horse_power":["57"],"engine_hours":["1080"],"propeller_type":["3 pales"],"propeller_material":["Bronze"],"joystick":["false"],"fuel":["Diesel"],"cabins":["4"],"berths":["8"],"toilet":["0"],"furling_mainsail":["false"],"genoa":["true"],"furling_genoa":["true"],"storm_jib":[""],"asymetric_spinnaker":[""],"gennaker":[""],"battened_mainsail":["true"],"symetric_spinnaker_brand":[""],"depthounder":["Raymarine Multi I70S"],"log_speedometer":["Raymarine Multi I70S"],"wind_speed_direction":["Raymarine Multi I70S"],"navigation_center":["Raymarine Axiom 12&quot; \u00e0 la barre \u00e0 roue"],"autopilot":["Raymarine P70S"],"compass":["Plastimo"],"gps":["Raymarine"],"ais":["\u00c9metteur et r\u00e9cepteur 700 Class B"],"radar":["Raymarine"],"radar_detector":[""],"radio":["Fusion MS-NRX 300 (table \u00e0 carte et barre \u00e0 roue)"],"repeater":["Raymarine Axiom 7&quot; \u00e0 la table \u00e0 carte"],"flat_screen_tv":[""],"cockpit_speaker":["Fusion"],"plotter":["true"],"4_5_G":[""],"steering_wheel":[""],"tiller":[""],"spinnaker_pole":[""],"electric_winch":["1"],"battery_charger":["true"],"deep_freezer":["true"],"refrigerator":["true"],"chemical_head":["false"],"marine_head":["false"],"electric_head":["false"],"fresh_water_maker":["Aqua Base"],"hot_water":["Aqua Base"],"bow_thruster":[""],"dishwasher":[""],"manual_bilge_pump":["true"],"washing_machine":["Candy"],"microwave_oven":["Samsung"],"electric_bilge_pump":["true"],"oven":["GlemGas"],"sea_water_pump":["true"],"heating":[""],"air_compressor":[""],"air_conditioning":[""],"stern_thruster":[""],"bimini_top":["true"],"spray_hood":["true"],"cockpit_cover":["true"],"lazyjacks":["true"],"lazy_bag":["true"],"genoa_cover":["true"],"davits":["true"],"windlass":["true"],"solar_panel":["2000 W sur le portique inox (5 x 400 W) et 500 W sur le roof (5 x 100 W)"],"swimming_ladder":["true"],"tender":["Highfield"],"gangway":["true"],"teak_cockpit":["true"],"hydraulic_gangway":[""],"solar_panel_details":[""],"outboard_engine_brackets":[""],"wind_generator":[""],"inverter":["2000 VA (Victron Energy MultiPlus Compact + Phoenix 1600 VA)"],"generator":["Nanni 7,5KW 50hz (2024) 7500 W"],"shore_power_inlet":["Oui"],"forename":["Vincent"],"surname":["Vall\u00e9e"],"phone":["+33 7 49 42 89 57","+33 7 49 42 89 57"],"liferaft":[""],"safety_equipment_firefigting":[""],"safety_equipment_pump":[""],"acf_new_or_used":["Used"],"acf_vessel_lying":["Martinique"],"acf_vat_included":["false"],"acf_boat_category":[""],"pays_visible":["mq"],"_yoast_wpseo_title":["A vendre Bali 4.6 Open Space <br>2024"],"_yoast_wpseo_focuskw":["sail occasion"],"_yoast_wpseo_metadesc":["Bali 4.6 Open Space\n\nBALI 4.6 OPEN SPACE \u2013 2024\n\nSuperbe Bali 4.6 Open Space de 2024 en version propri\u00e9taire 4 cabines \u2013 3 salles de bains disponible aux Antilles.\n\nCe bateau est propos\u00e9 par Vincent Vall\u00e9e, yacht broker professionnel bas\u00e9 en Martinique depuis 2022, votre interlocuteur privil\u00e9gi\u00e9 pour ELISSA Yachting dans les Cara\u00efbes. Les photos, vid\u00e9os et visite 3D ont \u00e9t\u00e9 r\u00e9alis\u00e9es \u00e0 bord en f\u00e9vrier 2026.\n\nPremi\u00e8re main, ce catamaran est enti\u00e8rement \u00e9quip\u00e9 et optimis\u00e9 pour la vie \u00e0 bord et le grand voyage. Il est disponible imm\u00e9diatement aux Antilles avec possibilit\u00e9 de livraison selon votre programme.\n\nLe Bali 4.6 Open Space est aujourd\u2019hui l\u2019un des catamarans de croisi\u00e8re les plus recherch\u00e9s dans sa cat\u00e9gorie pour ses volumes exceptionnels et son concept de vie \u00e0 bord unique. Cette unit\u00e9 se distingue par un niveau d\u2019\u00e9quipement particuli\u00e8rement complet, permettant une utilisation confortable aussi bien en navigation qu\u2019au mouillage, aux Antilles comme pour un projet de grande croisi\u00e8re.\n\nLa propulsion a \u00e9t\u00e9 optimis\u00e9e avec deux moteurs Yanmar de 57 cv. L\u2019autonomie est un point fort majeur du bateau avec une capacit\u00e9 solaire d\u2019environ 2500 W, un g\u00e9n\u00e9rateur de 7,5 kW et un dessalinisateur de 105 L\/h, offrant une grande ind\u00e9pendance \u00e9nerg\u00e9tique et en eau.\n\nApr\u00e8s des navigations en M\u00e9diterran\u00e9e suivies d\u2019une travers\u00e9e de l\u2019Atlantique, ce bateau est aujourd\u2019hui parfaitement fiabilis\u00e9 avec de nombreuses options et am\u00e9liorations. Les propri\u00e9taires vivent \u00e0 bord \u00e0 temps plein depuis ao\u00fbt 2024 et ont assur\u00e9 un entretien continu et rigoureux, permettant une prise en main imm\u00e9diate sans les contraintes habituelles d\u2019un bateau neuf.\n\nLa version 4 cabines \u2013 3 salles de bains offre un excellent compromis entre confort propri\u00e9taire et capacit\u00e9 d\u2019accueil. Le concept Open Space, signature de Bali, cr\u00e9e un v\u00e9ritable espace de vie sans s\u00e9paration entre le carr\u00e9 et le cockpit, avec une circulation fluide vers le pont avant et le flybridge.\n\nCe catamaran en \u00e9tat proche du neuf repr\u00e9sente une opportunit\u00e9 rare sur le march\u00e9, pr\u00eat \u00e0 naviguer imm\u00e9diatement, que ce soit pour un programme priv\u00e9 ou un investissement locatif avec un fort potentiel dans les Antilles.\n\nLe bateau peut \u00e9galement \u00eatre propos\u00e9 avec divers \u00e9quipements de loisirs nautiques en option, incluant notamment un FliteBoard (eFoil \u00e9lectrique), des v\u00e9los, un paddle gonflable et un v\u00e9lo aquatique.\n\nUn dossier tr\u00e8s complet est disponible comprenant plus de 300 photos, une visite 3D accessible en ligne sur notre site internet ainsi qu\u2019une vid\u00e9o d\u00e9taill\u00e9e de la visite compl\u00e8te sur demande."],"acf_description_en":["Bali 4.6 Open Space\n\nHere is the translation to English:\n\nBALI 4.6 OPEN SPACE \u2013 2024\n\nSuperb 2024 Bali 4.6 Open Space in 4-cabin - 3-bathroom owner&apos;s version available in the West Indies.\n\nThis boat is offered by Vincent Vall\u00e9e, a professional yacht broker based in Martinique since 2022, your dedicated contact for ELISSA Yachting in the Caribbean. The photos, videos, and 3D tour were taken on board in February 2026.\n\nFirst-hand, this catamaran is fully equipped and optimized for onboard living and long-distance cruising. It is available immediately in the West Indies with the possibility of delivery according to your schedule.\n\nThe Bali 4.6 Open Space is currently one of the most sought-after cruising catamarans in its category for its exceptional volumes and its unique onboard living concept. This unit stands out for its particularly comprehensive standard equipment, allowing comfortable use both under way and at anchor, in the West Indies as well as for a major cruising project.\n\nThe propulsion has been optimized with two Yanmar 57 hp engines. Autonomy is a major strong point of the boat with a solar capacity of around 2500 W, a 7.5 kW generator, and a 105 L\/h watermaker, offering great energy and water independence.\n\nAfter sailing in the Mediterranean followed by a transatlantic crossing, this boat is now perfectly reliable with numerous options and improvements. The owners have been living on board full-time since August 2024 and have ensured continuous and rigorous maintenance, allowing for immediate handover without the usual constraints of a new boat.\n\nThe 4-cabin - 3-bathroom version offers an excellent compromise between owner&apos;s comfort and guest capacity. The Open Space concept, a Bali signature, creates a true living space without separation between the saloon and the cockpit, with a fluid circulation to the foredeck and flybridge.\n\nThis catamaran in near-new condition represents a rare opportunity on the market, ready to sail immediately, whether for a private program or a rental investment with strong potential in the West Indies.\n\nThe boat can also be offered with various water sports equipment as options, including a FliteBoard (electric eFoil), bicycles, an inflatable paddle board, and an aqua bike.\n\nA very comprehensive dossier is available, including over 300 photos, an online 3D tour on our website, and a detailed video of the full visit on request."],"_wp_page_template":["default"],"_alp_processed":["1777421000"],"_wpml_word_count":["449"],"_wc_gla_synced_at":["1777421383"],"_wc_gla_visibility":["sync-and-show"],"_wc_gla_google_ids":["a:1:{s:2:\"FR\";s:22:\"online:fr:FR:gla_68785\";}"],"_uag_css_file_name":["uag-css-68785.css"],"_uag_page_assets":["a:9:{s:3:\"css\";s:260:\".uag-blocks-common-selector{z-index:var(--z-index-desktop) !important}@media(max-width: 976px){.uag-blocks-common-selector{z-index:var(--z-index-tablet) !important}}@media(max-width: 767px){.uag-blocks-common-selector{z-index:var(--z-index-mobile) !important}}\";s:2:\"js\";s:0:\"\";s:18:\"current_block_list\";a:11:{i:0;s:11:\"core\/search\";i:1;s:10:\"core\/group\";i:2;s:12:\"core\/heading\";i:3;s:17:\"core\/latest-posts\";i:4;s:20:\"core\/latest-comments\";i:5;s:13:\"core\/archives\";i:6;s:15:\"core\/categories\";i:7;s:27:\"woocommerce\/product-filters\";i:8;s:32:\"woocommerce\/product-filter-price\";i:9;s:39:\"woocommerce\/product-filter-price-slider\";i:10;s:11:\"core\/spacer\";}s:8:\"uag_flag\";b:0;s:11:\"uag_version\";s:10:\"1777489198\";s:6:\"gfonts\";a:1:{s:7:\"Default\";a:2:{s:10:\"fontfamily\";s:7:\"Default\";s:12:\"fontvariants\";a:0:{}}}s:10:\"gfonts_url\";s:77:\"https:\/\/fonts.googleapis.com\/css?family=Default&subset=latin&display=fallback\";s:12:\"gfonts_files\";a:0:{}s:14:\"uag_faq_layout\";b:0;}"],"_wc_gla_mc_status":["partially_approved"]},"uagb_featured_image_src":{"full":["https:\/\/elissa-yachting.fr\/wp-content\/uploads\/2026\/02\/2024-Bali-46-OS-10.jpg",1500,1000,false],"thumbnail":["https:\/\/elissa-yachting.fr\/wp-content\/uploads\/2026\/02\/2024-Bali-46-OS-10-150x150.jpg",150,150,true],"medium":["https:\/\/elissa-yachting.fr\/wp-content\/uploads\/2026\/02\/2024-Bali-46-OS-10-300x200.jpg",300,200,true],"medium_large":["https:\/\/elissa-yachting.fr\/wp-content\/uploads\/2026\/02\/2024-Bali-46-OS-10-768x512.jpg",768,512,true],"large":["https:\/\/elissa-yachting.fr\/wp-content\/uploads\/2026\/02\/2024-Bali-46-OS-10-1024x683.jpg",1024,683,true],"1536x1536":["https:\/\/elissa-yachting.fr\/wp-content\/uploads\/2026\/02\/2024-Bali-46-OS-10.jpg",1500,1000,false],"2048x2048":["https:\/\/elissa-yachting.fr\/wp-content\/uploads\/2026\/02\/2024-Bali-46-OS-10.jpg",1500,1000,false],"woocommerce_thumbnail":["https:\/\/elissa-yachting.fr\/wp-content\/uploads\/2026\/02\/2024-Bali-46-OS-10-400x267.jpg",400,267,true],"woocommerce_single":["https:\/\/elissa-yachting.fr\/wp-content\/uploads\/2026\/02\/2024-Bali-46-OS-10-612x408.jpg",612,408,true],"woocommerce_gallery_thumbnail":["https:\/\/elissa-yachting.fr\/wp-content\/uploads\/2026\/02\/2024-Bali-46-OS-10-100x100.jpg",100,100,true]},"uagb_author_info":{"display_name":"admin","author_link":"https:\/\/elissa-yachting.fr\/en\/author"},"uagb_comment_info":0,"uagb_excerpt":"Bali 4.6 Open Space -2024 Bali 4.6 Open Space BALI 4.6 OPEN SPACE \u2013 2024 Superbe Bali 4.6 Open Space [&hellip;]","_links":{"self":[{"href":"https:\/\/elissa-yachting.fr\/en\/wp-json\/wp\/v2\/product\/68785","targetHints":{"allow":["GET"]}}],"collection":[{"href":"https:\/\/elissa-yachting.fr\/en\/wp-json\/wp\/v2\/product"}],"about":[{"href":"https:\/\/elissa-yachting.fr\/en\/wp-json\/wp\/v2\/types\/product"}],"wp:featuredmedia":[{"embeddable":true,"href":"https:\/\/elissa-yachting.fr\/en\/wp-json\/wp\/v2\/media\/68849"}],"wp:attachment":[{"href":"https:\/\/elissa-yachting.fr\/en\/wp-json\/wp\/v2\/media?parent=68785"}],"wp:term":[{"taxonomy":"product_brand","embeddable":true,"href":"https:\/\/elissa-yachting.fr\/en\/wp-json\/wp\/v2\/product_brand?post=68785"},{"taxonomy":"product_cat","embeddable":true,"href":"https:\/\/elissa-yachting.fr\/en\/wp-json\/wp\/v2\/product_cat?post=68785"},{"taxonomy":"product_tag","embeddable":true,"href":"https:\/\/elissa-yachting.fr\/en\/wp-json\/wp\/v2\/product_tag?post=68785"},{"taxonomy":"broker","embeddable":true,"href":"https:\/\/elissa-yachting.fr\/en\/wp-json\/wp\/v2\/broker?post=68785"}],"curies":[{"name":"wp","href":"https:\/\/api.w.org\/{rel}","templated":true}]}}