{"id":68887,"date":"2026-02-25T02:24:57","date_gmt":"2026-02-25T00:24:57","guid":{"rendered":"https:\/\/elissa-yachting.fr\/produit\/lagoon-400-2010"},"modified":"2026-04-29T02:03:18","modified_gmt":"2026-04-29T00:03:18","slug":"lagoon-400-2010","status":"publish","type":"product","link":"https:\/\/elissa-yachting.fr\/en\/produit\/lagoon-400-2010","title":{"rendered":"Lagoon 400 <br>2010"},"content":{"rendered":"<h1>Lagoon 400 -2010<\/h1>\n<p>Lagoon 400<\/p>\n<p>Lagoon 400 \u2013 Version 4 Cabines \u2013 2010<\/p>\n<p>Superbe Lagoon 400 version 4 cabines, construit fin 2010 et mis \u00e0 l\u2019eau en 2011, disponible en Martinique et immatricul\u00e9 \u00e0 Fort-de-France avec TVA et octroi de mer pay\u00e9s.<\/p>\n<p>Ce catamaran reconnu pour sa fiabilit\u00e9 et son confort de vie \u00e0 bord offre une configuration id\u00e9ale pour un programme de croisi\u00e8re ou d\u2019investissement locatif. La version 4 cabines, toutes \u00e9quip\u00e9es de salles d\u2019eau privatives (douche et WC), est compl\u00e9t\u00e9e par 2 cabines \u00e9quipage dans les pointes avant, permettant une excellente capacit\u00e9 d\u2019accueil.<\/p>\n<p>Cette unit\u00e9 se distingue par un entretien r\u00e9cent et des am\u00e9liorations importantes r\u00e9alis\u00e9es en 2025, notamment le remplacement complet du gr\u00e9ement dormant (haubans, \u00e9tai, enrouleur, martingale, triangles, renfort du pied de m\u00e2t), ainsi qu\u2019un trampoline neuf, garantissant s\u00e9curit\u00e9 et s\u00e9r\u00e9nit\u00e9 pour les ann\u00e9es \u00e0 venir. A noter \u00e9galement que la cloison transversale principale a \u00e9t\u00e9 renforc\u00e9e en pr\u00e9vention de tout incident structurel. <\/p>\n<p>La propulsion est assur\u00e9e par deux moteurs Yanmar 3JH4E de 40 cv avec environ 2800 heures de fonctionnement. Le bateau dispose de deux jeux de voiles en bon \u00e9tat, avec g\u00e9nois sur enrouleur (x2), grand-voiles latt\u00e9es (x2) et un gennaker sur emmagasineur, permettant d\u2019optimiser les performances sous toutes les allures. L\u2019autonomie \u00e0 bord est renforc\u00e9e par une installation solaire de 520 W (4 panneaux), un dessalinisateur de 150 L\/h ainsi qu\u2019un groupe \u00e9lectrog\u00e8ne portable Yamaha 2000 W, offrant un excellent confort au mouillage. Le bateau est bien \u00e9quip\u00e9 pour la navigation avec instruments Raymarine ST70, pilote automatique ST6002, GPS lecteur de carte et VHF Ray 55E. Le confort \u00e0 bord est compl\u00e9t\u00e9 par une cuisine \u00e9quip\u00e9e (gaz 3 feux et four Eno), un syst\u00e8me audio, ainsi qu\u2019une t\u00e9l\u00e9vision avec antenne en t\u00eate de m\u00e2t.<\/p>\n<p>TVA et octroi de mer r\u00e9gl\u00e9s, ce Lagoon 400 repr\u00e9sente une opportunit\u00e9 particuli\u00e8rement int\u00e9ressante sur le march\u00e9 des catamarans aux Antilles. Fiable, bien entretenu et pr\u00eat \u00e0 naviguer imm\u00e9diatement, il conviendra aussi bien \u00e0 un projet de grande croisi\u00e8re qu\u2019\u00e0 une exploitation en location.<\/p>\n<p>Un dossier complet est disponible sur demande, incluant photos, vid\u00e9os, visite 3D et informations d\u00e9taill\u00e9es.<\/p>\n","protected":false},"excerpt":{"rendered":"<p>Lagoon 400 -2010 Lagoon 400 Lagoon 400 \u2013 Version 4 Cabines \u2013 2010 Superbe Lagoon 400 version 4 cabines, construit [&hellip;]<\/p>\n","protected":false},"featured_media":68888,"template":"","meta":{"_acf_changed":false,"_uag_custom_page_level_css":"","site-sidebar-layout":"default","site-content-layout":"","ast-site-content-layout":"default","site-content-style":"default","site-sidebar-style":"default","ast-global-header-display":"","ast-banner-title-visibility":"","ast-main-header-display":"","ast-hfb-above-header-display":"","ast-hfb-below-header-display":"","ast-hfb-mobile-header-display":"","site-post-title":"","ast-breadcrumbs-content":"","ast-featured-img":"","footer-sml-layout":"","ast-disable-related-posts":"","theme-transparent-header-meta":"","adv-header-id-meta":"","stick-header-meta":"","header-above-stick-meta":"","header-main-stick-meta":"","header-below-stick-meta":"","astra-migrate-meta-layouts":"default","ast-page-background-enabled":"default","ast-page-background-meta":{"desktop":{"background-color":"var(--ast-global-color-5)","background-image":"","background-repeat":"repeat","background-position":"center center","background-size":"auto","background-attachment":"scroll","background-type":"","background-media":"","overlay-type":"","overlay-color":"","overlay-opacity":"","overlay-gradient":""},"tablet":{"background-color":"","background-image":"","background-repeat":"repeat","background-position":"center center","background-size":"auto","background-attachment":"scroll","background-type":"","background-media":"","overlay-type":"","overlay-color":"","overlay-opacity":"","overlay-gradient":""},"mobile":{"background-color":"","background-image":"","background-repeat":"repeat","background-position":"center center","background-size":"auto","background-attachment":"scroll","background-type":"","background-media":"","overlay-type":"","overlay-color":"","overlay-opacity":"","overlay-gradient":""}},"ast-content-background-meta":{"desktop":{"background-color":"var(--ast-global-color-4)","background-image":"","background-repeat":"repeat","background-position":"center center","background-size":"auto","background-attachment":"scroll","background-type":"","background-media":"","overlay-type":"","overlay-color":"","overlay-opacity":"","overlay-gradient":""},"tablet":{"background-color":"var(--ast-global-color-4)","background-image":"","background-repeat":"repeat","background-position":"center center","background-size":"auto","background-attachment":"scroll","background-type":"","background-media":"","overlay-type":"","overlay-color":"","overlay-opacity":"","overlay-gradient":""},"mobile":{"background-color":"var(--ast-global-color-4)","background-image":"","background-repeat":"repeat","background-position":"center center","background-size":"auto","background-attachment":"scroll","background-type":"","background-media":"","overlay-type":"","overlay-color":"","overlay-opacity":"","overlay-gradient":""}}},"product_brand":[58],"product_cat":[127,130],"product_tag":[],"broker":[111],"class_list":{"0":"post-68887","1":"product","2":"type-product","3":"status-publish","4":"has-post-thumbnail","6":"product_brand-lagoon","7":"product_cat-catamaran","8":"product_cat-multicoque","9":"broker-vincent","10":"desktop-align-left","11":"tablet-align-left","12":"mobile-align-left","13":"ast-product-gallery-layout-horizontal-slider","14":"ast-magnify-disabled","15":"ast-product-tabs-layout-horizontal","17":"first","18":"instock","19":"purchasable","20":"product-type-simple"},"acf":[],"spectra_custom_meta":{"total_sales":["0"],"_tax_status":["none"],"_tax_class":[""],"_manage_stock":["no"],"_backorders":["no"],"_sold_individually":["no"],"_virtual":["no"],"_downloadable":["no"],"_download_limit":["-1"],"_download_expiry":["-1"],"_stock":[null],"_stock_status":["instock"],"_thumbnail_id":["68888"],"_product_image_gallery":["68889,68890,68891,68892,68893,68894,68895,68896,68897,68898,68899,68900,68901,68902,68903,68904,68905,68906,68907,68908,68909,68910,68911,68912,68913,68914,68915,68916,68917,"],"ggpkg_id":["68945"],"_wc_review_count":["0"],"_wc_rating_count":["0"],"_wc_average_rating":["0"],"_sku":["10092261"],"_regular_price":["265000"],"_product_version":["10.7.0"],"_price":["265000"],"_wc_gla_sync_status":["synced"],"loa":["11.97"],"lod":[""],"lwl":["11.45"],"beam":["7.25"],"draft":["1.2"],"min_draft":[""],"air_draft":[""],"year":["2010"],"acf_manufacturer":["Lagoon"],"acf_model":["400"],"acf_boat_type":[""],"keel_type":["Quillons"],"displacement":[""],"ballast":[""],"designer":[""],"tank":["400"],"tank_unit":["Litres"],"freshwater_capacity":[""],"engine_quantity":["1"],"engin_type":[""],"engine_manufacturer":["Yanmar"],"engin_model":["3JH4E"],"drive_type":["Sail-drive"],"horse_power":["40"],"engine_hours":["2800"],"propeller_type":["2 pales"],"propeller_material":["Bronze"],"joystick":["false"],"fuel":["Diesel"],"cabins":["4"],"berths":["8"],"toilet":["0"],"furling_mainsail":["false"],"genoa":["true"],"furling_genoa":["true"],"storm_jib":[""],"asymetric_spinnaker":[""],"gennaker":["Elvstr\u00f6m"],"battened_mainsail":["true"],"symetric_spinnaker_brand":[""],"depthounder":["Raymarine ST70"],"log_speedometer":["Raymarine ST70"],"wind_speed_direction":["Raymarine ST70"],"navigation_center":["Raymarine"],"autopilot":["Raymarine ST6002"],"compass":["Plastimo"],"gps":["int\u00e9gr\u00e9 au chart plotter"],"ais":[""],"radar":["Raymarine"],"radar_detector":[""],"radio":["Pioneer"],"repeater":[""],"flat_screen_tv":["true"],"cockpit_speaker":["true"],"plotter":["true"],"4_5_G":[""],"steering_wheel":[""],"tiller":[""],"spinnaker_pole":[""],"electric_winch":["1"],"battery_charger":["true"],"deep_freezer":["false"],"refrigerator":["true"],"chemical_head":["false"],"marine_head":["false"],"electric_head":["false"],"fresh_water_maker":["ECH2O Tec de 2016"],"hot_water":["ECH2O Tec de 2016"],"bow_thruster":[""],"dishwasher":[""],"manual_bilge_pump":["true"],"washing_machine":[""],"microwave_oven":[""],"electric_bilge_pump":["true"],"oven":["Eno"],"sea_water_pump":[""],"heating":[""],"air_compressor":[""],"air_conditioning":[""],"stern_thruster":[""],"bimini_top":["true"],"spray_hood":["true"],"cockpit_cover":["true"],"lazyjacks":["true"],"lazy_bag":["true"],"genoa_cover":["true"],"davits":["true"],"windlass":["true"],"solar_panel":["130 W"],"swimming_ladder":["true"],"tender":["Caribe 9UL"],"gangway":[""],"teak_cockpit":[""],"hydraulic_gangway":[""],"solar_panel_details":[""],"outboard_engine_brackets":[""],"wind_generator":[""],"inverter":["500 VA (Navicom)"],"generator":["Yamaha EF2000iS (2020) 2000 W"],"shore_power_inlet":["true"],"forename":["Vincent"],"surname":["Vall\u00e9e"],"phone":["+33 7 49 42 89 57","+33 7 49 42 89 57"],"liferaft":[""],"safety_equipment_firefigting":[""],"safety_equipment_pump":[""],"acf_new_or_used":["Used"],"acf_vessel_lying":["Martinique"],"acf_vat_included":["true"],"acf_boat_category":[""],"pays_visible":["mq"],"_yoast_wpseo_title":["A vendre Lagoon 400 <br>2010"],"_yoast_wpseo_focuskw":["Catamaran Occasion"],"_yoast_wpseo_metadesc":["Lagoon 400\n\nLagoon 400 \u2013 Version 4 Cabines \u2013 2010\n\nSuperbe Lagoon 400 version 4 cabines, construit fin 2010 et mis \u00e0 l\u2019eau en 2011, disponible en Martinique et immatricul\u00e9 \u00e0 Fort-de-France avec TVA et octroi de mer pay\u00e9s.\n\nCe catamaran reconnu pour sa fiabilit\u00e9 et son confort de vie \u00e0 bord offre une configuration id\u00e9ale pour un programme de croisi\u00e8re ou d\u2019investissement locatif. La version 4 cabines, toutes \u00e9quip\u00e9es de salles d\u2019eau privatives (douche et WC), est compl\u00e9t\u00e9e par 2 cabines \u00e9quipage dans les pointes avant, permettant une excellente capacit\u00e9 d\u2019accueil.\n\nCette unit\u00e9 se distingue par un entretien r\u00e9cent et des am\u00e9liorations importantes r\u00e9alis\u00e9es en 2025, notamment le remplacement complet du gr\u00e9ement dormant (haubans, \u00e9tai, enrouleur, martingale, triangles, renfort du pied de m\u00e2t), ainsi qu\u2019un trampoline neuf, garantissant s\u00e9curit\u00e9 et s\u00e9r\u00e9nit\u00e9 pour les ann\u00e9es \u00e0 venir. A noter \u00e9galement que la cloison transversale principale a \u00e9t\u00e9 renforc\u00e9e en pr\u00e9vention de tout incident structurel. \n\nLa propulsion est assur\u00e9e par deux moteurs Yanmar 3JH4E de 40 cv avec environ 2800 heures de fonctionnement. Le bateau dispose de deux jeux de voiles en bon \u00e9tat, avec g\u00e9nois sur enrouleur (x2), grand-voiles latt\u00e9es (x2) et un gennaker sur emmagasineur, permettant d\u2019optimiser les performances sous toutes les allures. L\u2019autonomie \u00e0 bord est renforc\u00e9e par une installation solaire de 520 W (4 panneaux), un dessalinisateur de 150 L\/h ainsi qu\u2019un groupe \u00e9lectrog\u00e8ne portable Yamaha 2000 W, offrant un excellent confort au mouillage. Le bateau est bien \u00e9quip\u00e9 pour la navigation avec instruments Raymarine ST70, pilote automatique ST6002, GPS lecteur de carte et VHF Ray 55E. Le confort \u00e0 bord est compl\u00e9t\u00e9 par une cuisine \u00e9quip\u00e9e (gaz 3 feux et four Eno), un syst\u00e8me audio, ainsi qu\u2019une t\u00e9l\u00e9vision avec antenne en t\u00eate de m\u00e2t.\n\nTVA et octroi de mer r\u00e9gl\u00e9s, ce Lagoon 400 repr\u00e9sente une opportunit\u00e9 particuli\u00e8rement int\u00e9ressante sur le march\u00e9 des catamarans aux Antilles. Fiable, bien entretenu et pr\u00eat \u00e0 naviguer imm\u00e9diatement, il conviendra aussi bien \u00e0 un projet de grande croisi\u00e8re qu\u2019\u00e0 une exploitation en location.\n\nUn dossier complet est disponible sur demande, incluant photos, vid\u00e9os, visite 3D et informations d\u00e9taill\u00e9es."],"acf_description_en":["Lagoon 400\n\nLagoon 400 - 4 Cabins Version - 2010\n\nSuperb Lagoon 400 in the 4 cabins version, built at the end of 2010 and launched in 2011, available in Martinique and registered in Fort-de-France with VAT and local taxes paid.\n\nThis catamaran, known for its reliability and comfort on board, offers an ideal configuration for a cruising program or rental investment. The 4 cabin version, all equipped with private bathrooms (shower and toilet), is complemented by 2 crew cabins in the forward peaks, allowing an excellent guest capacity.\n\nThis unit stands out for its recent maintenance and significant improvements made in 2025, including the complete replacement of the standing rigging (shrouds, forestay, furler, jumper strut, triangles, mast foot reinforcement), as well as a new trampoline, ensuring safety and serenity for the years to come. It is also worth noting that the main transverse bulkhead has been reinforced as a precaution against any structural incident.\n\nThe propulsion is provided by two Yanmar 3JH4E engines of 40 hp with approximately 2800 hours of operation. The boat has two sets of sails in good condition, with roller furling genoas (x2), mainsails with battens (x2) and a gennaker with a furling system, allowing to optimize the performance in all conditions. The on-board autonomy is reinforced by a 520 W solar installation (4 panels), a 150 L\/h watermaker as well as a portable Yamaha 2000 W generator, providing excellent comfort at anchor. The boat is well equipped for navigation with Raymarine ST70 instruments, an ST6002 autopilot, a chart plotter GPS and a Ray 55E VHF. The comfort on board is completed by an equipped galley (3-burner gas stove and Eno oven), an audio system, and a TV with an antenna at the top of the mast.\n\nWith VAT and local taxes paid, this Lagoon 400 represents a particularly interesting opportunity on the catamaran market in the West Indies. Reliable, well-maintained and ready to sail immediately, it will be suitable for both a long-distance cruising project and a rental operation.\n\nA complete file is available on request, including photos, videos, 3D tour and detailed information."],"_wp_page_template":["default"],"_alp_processed":["1777420998"],"_wpml_word_count":["385"],"_wc_gla_synced_at":["1777421380"],"_wc_gla_visibility":["sync-and-show"],"_wc_gla_google_ids":["a:1:{s:2:\"FR\";s:22:\"online:fr:FR:gla_68887\";}"],"_uag_css_file_name":["uag-css-68887.css"],"_uag_page_assets":["a:9:{s:3:\"css\";s:260:\".uag-blocks-common-selector{z-index:var(--z-index-desktop) !important}@media(max-width: 976px){.uag-blocks-common-selector{z-index:var(--z-index-tablet) !important}}@media(max-width: 767px){.uag-blocks-common-selector{z-index:var(--z-index-mobile) !important}}\";s:2:\"js\";s:0:\"\";s:18:\"current_block_list\";a:11:{i:0;s:11:\"core\/search\";i:1;s:10:\"core\/group\";i:2;s:12:\"core\/heading\";i:3;s:17:\"core\/latest-posts\";i:4;s:20:\"core\/latest-comments\";i:5;s:13:\"core\/archives\";i:6;s:15:\"core\/categories\";i:7;s:27:\"woocommerce\/product-filters\";i:8;s:32:\"woocommerce\/product-filter-price\";i:9;s:39:\"woocommerce\/product-filter-price-slider\";i:10;s:11:\"core\/spacer\";}s:8:\"uag_flag\";b:0;s:11:\"uag_version\";s:10:\"1777489198\";s:6:\"gfonts\";a:1:{s:7:\"Default\";a:2:{s:10:\"fontfamily\";s:7:\"Default\";s:12:\"fontvariants\";a:0:{}}}s:10:\"gfonts_url\";s:77:\"https:\/\/fonts.googleapis.com\/css?family=Default&subset=latin&display=fallback\";s:12:\"gfonts_files\";a:0:{}s:14:\"uag_faq_layout\";b:0;}"]},"uagb_featured_image_src":{"full":["https:\/\/elissa-yachting.fr\/wp-content\/uploads\/2026\/02\/2010-Lagoon-400-10_MdzZC1M.jpeg",1024,683,false],"thumbnail":["https:\/\/elissa-yachting.fr\/wp-content\/uploads\/2026\/02\/2010-Lagoon-400-10_MdzZC1M-150x150.jpeg",150,150,true],"medium":["https:\/\/elissa-yachting.fr\/wp-content\/uploads\/2026\/02\/2010-Lagoon-400-10_MdzZC1M-300x200.jpeg",300,200,true],"medium_large":["https:\/\/elissa-yachting.fr\/wp-content\/uploads\/2026\/02\/2010-Lagoon-400-10_MdzZC1M-768x512.jpeg",768,512,true],"large":["https:\/\/elissa-yachting.fr\/wp-content\/uploads\/2026\/02\/2010-Lagoon-400-10_MdzZC1M.jpeg",1024,683,false],"1536x1536":["https:\/\/elissa-yachting.fr\/wp-content\/uploads\/2026\/02\/2010-Lagoon-400-10_MdzZC1M.jpeg",1024,683,false],"2048x2048":["https:\/\/elissa-yachting.fr\/wp-content\/uploads\/2026\/02\/2010-Lagoon-400-10_MdzZC1M.jpeg",1024,683,false],"woocommerce_thumbnail":["https:\/\/elissa-yachting.fr\/wp-content\/uploads\/2026\/02\/2010-Lagoon-400-10_MdzZC1M-400x267.jpeg",400,267,true],"woocommerce_single":["https:\/\/elissa-yachting.fr\/wp-content\/uploads\/2026\/02\/2010-Lagoon-400-10_MdzZC1M-612x408.jpeg",612,408,true],"woocommerce_gallery_thumbnail":["https:\/\/elissa-yachting.fr\/wp-content\/uploads\/2026\/02\/2010-Lagoon-400-10_MdzZC1M-100x100.jpeg",100,100,true]},"uagb_author_info":{"display_name":"admin","author_link":"https:\/\/elissa-yachting.fr\/en\/author"},"uagb_comment_info":0,"uagb_excerpt":"Lagoon 400 -2010 Lagoon 400 Lagoon 400 \u2013 Version 4 Cabines \u2013 2010 Superbe Lagoon 400 version 4 cabines, construit [&hellip;]","_links":{"self":[{"href":"https:\/\/elissa-yachting.fr\/en\/wp-json\/wp\/v2\/product\/68887","targetHints":{"allow":["GET"]}}],"collection":[{"href":"https:\/\/elissa-yachting.fr\/en\/wp-json\/wp\/v2\/product"}],"about":[{"href":"https:\/\/elissa-yachting.fr\/en\/wp-json\/wp\/v2\/types\/product"}],"wp:featuredmedia":[{"embeddable":true,"href":"https:\/\/elissa-yachting.fr\/en\/wp-json\/wp\/v2\/media\/68888"}],"wp:attachment":[{"href":"https:\/\/elissa-yachting.fr\/en\/wp-json\/wp\/v2\/media?parent=68887"}],"wp:term":[{"taxonomy":"product_brand","embeddable":true,"href":"https:\/\/elissa-yachting.fr\/en\/wp-json\/wp\/v2\/product_brand?post=68887"},{"taxonomy":"product_cat","embeddable":true,"href":"https:\/\/elissa-yachting.fr\/en\/wp-json\/wp\/v2\/product_cat?post=68887"},{"taxonomy":"product_tag","embeddable":true,"href":"https:\/\/elissa-yachting.fr\/en\/wp-json\/wp\/v2\/product_tag?post=68887"},{"taxonomy":"broker","embeddable":true,"href":"https:\/\/elissa-yachting.fr\/en\/wp-json\/wp\/v2\/broker?post=68887"}],"curies":[{"name":"wp","href":"https:\/\/api.w.org\/{rel}","templated":true}]}}