{"id":68923,"date":"2026-03-03T02:03:04","date_gmt":"2026-03-03T00:03:04","guid":{"rendered":"https:\/\/elissa-yachting.fr\/produit\/fountaine-pajot-venezia-42-1993"},"modified":"2026-05-01T02:02:45","modified_gmt":"2026-05-01T00:02:45","slug":"fountaine-pajot-venezia-42-1993","status":"publish","type":"product","link":"https:\/\/elissa-yachting.fr\/en\/produit\/fountaine-pajot-venezia-42-1993","title":{"rendered":"FOUNTAINE PAJOT VENEZIA 42 <br>1993"},"content":{"rendered":"<h1>FOUNTAINE PAJOT VENEZIA 42 -1993<\/h1>\n<p>FOUNTAINE PAJOT VENEZIA 42<\/p>\n<p>Fountaine Pajot Venezia 42 actuellement en navigation dans les Cara\u00efbes, dont le retour en France est pr\u00e9vu prochainement.<\/p>\n<p>Ce catamaran de croisi\u00e8re hauturi\u00e8re dispose d\u2019un \u00e9quipement complet et d\u2019un gr\u00e9ement dormant remplac\u00e9 en 2024.<\/p>\n<p>Il s\u2019agit d\u2019une version 4 cabines, \u00e9quip\u00e9e d\u2019une grand-voile, d\u2019un foc et d\u2019un gennaker, offrant un jeu de voiles adapt\u00e9 aussi bien \u00e0 la croisi\u00e8re qu\u2019\u00e0 des navigations plus dynamiques.<\/p>\n<p>La motorisation se compose de deux moteurs Yanmar de 30 cv install\u00e9s en 2010 en sail drive, dont les joints ont \u00e9t\u00e9 remplac\u00e9s en 2024. Une expertise a \u00e9t\u00e9 r\u00e9alis\u00e9e fin 2023, attestant du suivi et de l\u2019entretien r\u00e9gulier du bateau.<\/p>\n<p>Concernant l\u2019autonomie pour la vie \u00e0 bord, il dispose d\u2019un lave-linge 4 kg, d\u2019un dessalinisateur produisant 50 litres par heure, de trois panneaux solaires totalisant 420 W, ainsi que d\u2019un syst\u00e8me Starlink permettant un acc\u00e8s Internet haut d\u00e9bit.<\/p>\n<p>L\u2019armement hauturier est complet, avec un radeau de survie 8 personnes r\u00e9vis\u00e9 en 2024 et une EPIRB.<\/p>\n<p>Dossier complet disponible sur demande, comprenant l\u2019inventaire d\u00e9taill\u00e9, des photos compl\u00e9mentaires, les factures et l\u2019expertise r\u00e9cente.<\/p>\n","protected":false},"excerpt":{"rendered":"<p>FOUNTAINE PAJOT VENEZIA 42 -1993 FOUNTAINE PAJOT VENEZIA 42 Fountaine Pajot Venezia 42 actuellement en navigation dans les Cara\u00efbes, dont [&hellip;]<\/p>\n","protected":false},"featured_media":68924,"template":"","meta":{"_acf_changed":false,"_uag_custom_page_level_css":"","site-sidebar-layout":"default","site-content-layout":"","ast-site-content-layout":"default","site-content-style":"default","site-sidebar-style":"default","ast-global-header-display":"","ast-banner-title-visibility":"","ast-main-header-display":"","ast-hfb-above-header-display":"","ast-hfb-below-header-display":"","ast-hfb-mobile-header-display":"","site-post-title":"","ast-breadcrumbs-content":"","ast-featured-img":"","footer-sml-layout":"","ast-disable-related-posts":"","theme-transparent-header-meta":"","adv-header-id-meta":"","stick-header-meta":"","header-above-stick-meta":"","header-main-stick-meta":"","header-below-stick-meta":"","astra-migrate-meta-layouts":"default","ast-page-background-enabled":"default","ast-page-background-meta":{"desktop":{"background-color":"var(--ast-global-color-5)","background-image":"","background-repeat":"repeat","background-position":"center center","background-size":"auto","background-attachment":"scroll","background-type":"","background-media":"","overlay-type":"","overlay-color":"","overlay-opacity":"","overlay-gradient":""},"tablet":{"background-color":"","background-image":"","background-repeat":"repeat","background-position":"center center","background-size":"auto","background-attachment":"scroll","background-type":"","background-media":"","overlay-type":"","overlay-color":"","overlay-opacity":"","overlay-gradient":""},"mobile":{"background-color":"","background-image":"","background-repeat":"repeat","background-position":"center center","background-size":"auto","background-attachment":"scroll","background-type":"","background-media":"","overlay-type":"","overlay-color":"","overlay-opacity":"","overlay-gradient":""}},"ast-content-background-meta":{"desktop":{"background-color":"var(--ast-global-color-4)","background-image":"","background-repeat":"repeat","background-position":"center center","background-size":"auto","background-attachment":"scroll","background-type":"","background-media":"","overlay-type":"","overlay-color":"","overlay-opacity":"","overlay-gradient":""},"tablet":{"background-color":"var(--ast-global-color-4)","background-image":"","background-repeat":"repeat","background-position":"center center","background-size":"auto","background-attachment":"scroll","background-type":"","background-media":"","overlay-type":"","overlay-color":"","overlay-opacity":"","overlay-gradient":""},"mobile":{"background-color":"var(--ast-global-color-4)","background-image":"","background-repeat":"repeat","background-position":"center center","background-size":"auto","background-attachment":"scroll","background-type":"","background-media":"","overlay-type":"","overlay-color":"","overlay-opacity":"","overlay-gradient":""}}},"product_brand":[45],"product_cat":[127,130],"product_tag":[],"broker":[110],"class_list":{"0":"post-68923","1":"product","2":"type-product","3":"status-publish","4":"has-post-thumbnail","6":"product_brand-fountaine-pajot","7":"product_cat-catamaran","8":"product_cat-multicoque","9":"broker-victor","10":"desktop-align-left","11":"tablet-align-left","12":"mobile-align-left","13":"ast-product-gallery-layout-horizontal-slider","14":"ast-magnify-disabled","15":"ast-product-tabs-layout-horizontal","17":"first","18":"instock","19":"purchasable","20":"product-type-simple"},"acf":[],"spectra_custom_meta":{"total_sales":["0"],"_tax_status":["none"],"_tax_class":[""],"_manage_stock":["no"],"_backorders":["no"],"_sold_individually":["no"],"_virtual":["no"],"_downloadable":["no"],"_download_limit":["-1"],"_download_expiry":["-1"],"_stock":[null],"_stock_status":["instock"],"_thumbnail_id":["68924"],"_product_image_gallery":["68925,68926,68927,68928,68929,68930,68931,68932,68933,68934,68935,68936,68937,68938,68939,68940,68941,68942,"],"_wc_review_count":["0"],"_wc_rating_count":["0"],"_wc_average_rating":["0"],"_sku":["10097992"],"_regular_price":["215000"],"_product_version":["10.7.0"],"_price":["215000"],"_wc_gla_sync_status":["synced"],"loa":["12.6"],"lod":[""],"lwl":[""],"beam":["6.95"],"draft":["1.2"],"min_draft":[""],"air_draft":[""],"year":["1993"],"acf_manufacturer":["FOUNTAINE PAJOT"],"acf_model":["VENEZIA 42"],"acf_boat_type":[""],"keel_type":[""],"displacement":[""],"ballast":[""],"designer":[""],"tank":["360"],"tank_unit":["Litres"],"freshwater_capacity":[""],"engine_quantity":["1"],"engin_type":[""],"engine_manufacturer":["Yanmar"],"engin_model":["3YM30"],"drive_type":["Sail-drive"],"horse_power":["30"],"engine_hours":[""],"propeller_type":["3 pales"],"propeller_material":["Autre"],"joystick":["false"],"fuel":["Diesel"],"cabins":["4"],"berths":["8"],"toilet":["0"],"furling_mainsail":["false"],"genoa":["false"],"furling_genoa":["false"],"storm_jib":[""],"asymetric_spinnaker":[""],"gennaker":["true"],"battened_mainsail":["true"],"symetric_spinnaker_brand":[""],"depthounder":["Raymarine"],"log_speedometer":[""],"wind_speed_direction":[""],"navigation_center":[""],"autopilot":["Raymarine ST6000+, sur verins"],"compass":[""],"gps":[""],"ais":["Simrad AI50"],"radar":["Lawrance"],"radar_detector":[""],"radio":["Autoradio"],"repeater":[""],"flat_screen_tv":[""],"cockpit_speaker":[""],"plotter":["false"],"4_5_G":[""],"steering_wheel":[""],"tiller":[""],"spinnaker_pole":[""],"electric_winch":[""],"battery_charger":["true"],"deep_freezer":["false"],"refrigerator":["true"],"chemical_head":["false"],"marine_head":["false"],"electric_head":["false"],"fresh_water_maker":["Aquabase"],"hot_water":["Aquabase"],"bow_thruster":[""],"dishwasher":[""],"manual_bilge_pump":["true"],"washing_machine":["Candy, 220V"],"microwave_oven":[""],"electric_bilge_pump":["true"],"oven":["Eno"],"sea_water_pump":[""],"heating":[""],"air_compressor":[""],"air_conditioning":[""],"stern_thruster":[""],"bimini_top":["true"],"spray_hood":["true"],"cockpit_cover":["true"],"lazyjacks":["false"],"lazy_bag":[""],"genoa_cover":["true"],"davits":["true"],"windlass":["true"],"solar_panel":["true"],"swimming_ladder":["true"],"tender":["AB aluminium"],"gangway":["true"],"teak_cockpit":[""],"hydraulic_gangway":[""],"solar_panel_details":[""],"outboard_engine_brackets":[""],"wind_generator":[""],"inverter":[""],"generator":[""],"shore_power_inlet":["true"],"forename":["Victor"],"surname":["L\u00e9v\u00eaque"],"phone":["+33 6 43 27 16 01","+33 6 43 27 16 01"],"liferaft":[""],"safety_equipment_firefigting":[""],"safety_equipment_pump":[""],"acf_new_or_used":["Used"],"acf_vessel_lying":["Martigues"],"acf_vat_included":["true"],"acf_boat_category":[""],"pays_visible":["France"],"_yoast_wpseo_title":["A vendre FOUNTAINE PAJOT VENEZIA 42 <br>1993"],"_yoast_wpseo_focuskw":["Catamaran Occasion"],"_yoast_wpseo_metadesc":["FOUNTAINE PAJOT VENEZIA 42\n\nFountaine Pajot Venezia 42 actuellement en navigation dans les Cara\u00efbes, dont le retour en France est pr\u00e9vu prochainement.\n\nCe catamaran de croisi\u00e8re hauturi\u00e8re dispose d\u2019un \u00e9quipement complet et d\u2019un gr\u00e9ement dormant remplac\u00e9 en 2024.\n\nIl s\u2019agit d\u2019une version 4 cabines, \u00e9quip\u00e9e d\u2019une grand-voile, d\u2019un foc et d\u2019un gennaker, offrant un jeu de voiles adapt\u00e9 aussi bien \u00e0 la croisi\u00e8re qu\u2019\u00e0 des navigations plus dynamiques.\n\nLa motorisation se compose de deux moteurs Yanmar de 30 cv install\u00e9s en 2010 en sail drive, dont les joints ont \u00e9t\u00e9 remplac\u00e9s en 2024. Une expertise a \u00e9t\u00e9 r\u00e9alis\u00e9e fin 2023, attestant du suivi et de l\u2019entretien r\u00e9gulier du bateau.\n\nConcernant l\u2019autonomie pour la vie \u00e0 bord, il dispose d\u2019un lave-linge 4 kg, d\u2019un dessalinisateur produisant 50 litres par heure, de trois panneaux solaires totalisant 420 W, ainsi que d\u2019un syst\u00e8me Starlink permettant un acc\u00e8s Internet haut d\u00e9bit.\n\nL\u2019armement hauturier est complet, avec un radeau de survie 8 personnes r\u00e9vis\u00e9 en 2024 et une EPIRB.\n\nDossier complet disponible sur demande, comprenant l\u2019inventaire d\u00e9taill\u00e9, des photos compl\u00e9mentaires, les factures et l\u2019expertise r\u00e9cente."],"acf_description_en":["FOUNTAINE PAJOT VENEZIA 42\n\nFountaine Pajot Venezia 42 currently navigating in the Caribbean, with a planned return to France in the near future.\n\nThis offshore cruising catamaran is equipped with a complete set of equipment and standing rigging that was replaced in 2024.\n\nIt is a 4-cabin version, fitted with a mainsail, jib and gennaker, offering a sail plan suitable for both cruising and more dynamic sailing.\n\nThe propulsion consists of two Yanmar 30 hp engines installed in 2010 in sail drive configuration, with the seals having been replaced in 2024. An inspection was carried out at the end of 2023, confirming the regular maintenance and upkeep of the boat.\n\nRegarding on-board living autonomy, it is equipped with a 4 kg washing machine, a watermaker producing 50 liters per hour, three solar panels totaling 420 W, as well as a Starlink system providing high-speed internet access.\n\nThe offshore equipment is complete, with an 8-person life raft serviced in 2024 and an EPIRB.\n\nFull dossier available on request, including a detailed inventory, additional photos, invoices and the recent inspection report."],"_wp_page_template":["default"],"_alp_processed":["1777593765"],"_wpml_word_count":["211"],"_wc_gla_synced_at":["1777594418"],"_wc_gla_visibility":["sync-and-show"],"_wc_gla_google_ids":["a:1:{s:2:\"FR\";s:22:\"online:fr:FR:gla_68923\";}"],"_uag_page_assets":["a:9:{s:3:\"css\";s:260:\".uag-blocks-common-selector{z-index:var(--z-index-desktop) !important}@media(max-width: 976px){.uag-blocks-common-selector{z-index:var(--z-index-tablet) !important}}@media(max-width: 767px){.uag-blocks-common-selector{z-index:var(--z-index-mobile) !important}}\";s:2:\"js\";s:0:\"\";s:18:\"current_block_list\";a:11:{i:0;s:11:\"core\/search\";i:1;s:10:\"core\/group\";i:2;s:12:\"core\/heading\";i:3;s:17:\"core\/latest-posts\";i:4;s:20:\"core\/latest-comments\";i:5;s:13:\"core\/archives\";i:6;s:15:\"core\/categories\";i:7;s:27:\"woocommerce\/product-filters\";i:8;s:32:\"woocommerce\/product-filter-price\";i:9;s:39:\"woocommerce\/product-filter-price-slider\";i:10;s:11:\"core\/spacer\";}s:8:\"uag_flag\";b:0;s:11:\"uag_version\";s:10:\"1777593799\";s:6:\"gfonts\";a:1:{s:7:\"Default\";a:2:{s:10:\"fontfamily\";s:7:\"Default\";s:12:\"fontvariants\";a:0:{}}}s:10:\"gfonts_url\";s:77:\"https:\/\/fonts.googleapis.com\/css?family=Default&subset=latin&display=fallback\";s:12:\"gfonts_files\";a:0:{}s:14:\"uag_faq_layout\";b:0;}"],"_uag_css_file_name":["uag-css-68923.css"]},"uagb_featured_image_src":{"full":["https:\/\/elissa-yachting.fr\/wp-content\/uploads\/2026\/03\/1993-Fountaine-Pajot-Venezia-42-10_KbHKc6F.jpeg",1024,683,false],"thumbnail":["https:\/\/elissa-yachting.fr\/wp-content\/uploads\/2026\/03\/1993-Fountaine-Pajot-Venezia-42-10_KbHKc6F-150x150.jpeg",150,150,true],"medium":["https:\/\/elissa-yachting.fr\/wp-content\/uploads\/2026\/03\/1993-Fountaine-Pajot-Venezia-42-10_KbHKc6F-300x200.jpeg",300,200,true],"medium_large":["https:\/\/elissa-yachting.fr\/wp-content\/uploads\/2026\/03\/1993-Fountaine-Pajot-Venezia-42-10_KbHKc6F-768x512.jpeg",768,512,true],"large":["https:\/\/elissa-yachting.fr\/wp-content\/uploads\/2026\/03\/1993-Fountaine-Pajot-Venezia-42-10_KbHKc6F.jpeg",1024,683,false],"1536x1536":["https:\/\/elissa-yachting.fr\/wp-content\/uploads\/2026\/03\/1993-Fountaine-Pajot-Venezia-42-10_KbHKc6F.jpeg",1024,683,false],"2048x2048":["https:\/\/elissa-yachting.fr\/wp-content\/uploads\/2026\/03\/1993-Fountaine-Pajot-Venezia-42-10_KbHKc6F.jpeg",1024,683,false],"woocommerce_thumbnail":["https:\/\/elissa-yachting.fr\/wp-content\/uploads\/2026\/03\/1993-Fountaine-Pajot-Venezia-42-10_KbHKc6F-400x267.jpeg",400,267,true],"woocommerce_single":["https:\/\/elissa-yachting.fr\/wp-content\/uploads\/2026\/03\/1993-Fountaine-Pajot-Venezia-42-10_KbHKc6F-612x408.jpeg",612,408,true],"woocommerce_gallery_thumbnail":["https:\/\/elissa-yachting.fr\/wp-content\/uploads\/2026\/03\/1993-Fountaine-Pajot-Venezia-42-10_KbHKc6F-100x100.jpeg",100,100,true]},"uagb_author_info":{"display_name":"","author_link":"https:\/\/elissa-yachting.fr\/en\/author"},"uagb_comment_info":0,"uagb_excerpt":"FOUNTAINE PAJOT VENEZIA 42 -1993 FOUNTAINE PAJOT VENEZIA 42 Fountaine Pajot Venezia 42 actuellement en navigation dans les Cara\u00efbes, dont [&hellip;]","_links":{"self":[{"href":"https:\/\/elissa-yachting.fr\/en\/wp-json\/wp\/v2\/product\/68923","targetHints":{"allow":["GET"]}}],"collection":[{"href":"https:\/\/elissa-yachting.fr\/en\/wp-json\/wp\/v2\/product"}],"about":[{"href":"https:\/\/elissa-yachting.fr\/en\/wp-json\/wp\/v2\/types\/product"}],"wp:featuredmedia":[{"embeddable":true,"href":"https:\/\/elissa-yachting.fr\/en\/wp-json\/wp\/v2\/media\/68924"}],"wp:attachment":[{"href":"https:\/\/elissa-yachting.fr\/en\/wp-json\/wp\/v2\/media?parent=68923"}],"wp:term":[{"taxonomy":"product_brand","embeddable":true,"href":"https:\/\/elissa-yachting.fr\/en\/wp-json\/wp\/v2\/product_brand?post=68923"},{"taxonomy":"product_cat","embeddable":true,"href":"https:\/\/elissa-yachting.fr\/en\/wp-json\/wp\/v2\/product_cat?post=68923"},{"taxonomy":"product_tag","embeddable":true,"href":"https:\/\/elissa-yachting.fr\/en\/wp-json\/wp\/v2\/product_tag?post=68923"},{"taxonomy":"broker","embeddable":true,"href":"https:\/\/elissa-yachting.fr\/en\/wp-json\/wp\/v2\/broker?post=68923"}],"curies":[{"name":"wp","href":"https:\/\/api.w.org\/{rel}","templated":true}]}}