{"id":69171,"date":"2026-04-08T02:05:17","date_gmt":"2026-04-08T00:05:17","guid":{"rendered":"https:\/\/elissa-yachting.fr\/produit\/beneteau-first-405-s-1987"},"modified":"2026-04-20T02:04:03","modified_gmt":"2026-04-20T00:04:03","slug":"beneteau-first-405-s-1987","status":"publish","type":"product","link":"https:\/\/elissa-yachting.fr\/en\/produit\/beneteau-first-405-s-1987","title":{"rendered":"Beneteau First 405 S <br>1987"},"content":{"rendered":"<h1>Beneteau First 405 S -1987<\/h1>\n<p>Beneteau First 405 S<\/p>\n<p>BENETEAU FIRST 405 S \u2013 Performance &amp; Fiabilit\u00e9 \u2013 Pr\u00eat \u00e0 Naviguer<\/p>\n<p>Le Beneteau First 405 version S de 1987 est un voilier reconnu pour la qualit\u00e9 de sa construction et ses excellentes performances au pr\u00e8s. Robuste et sain, il conserve une structure irr\u00e9prochable, sans d\u00e9formation m\u00eame sous forte contrainte en navigation. La version S se distingue par une configuration optimis\u00e9e pour la performance : quille all\u00e9g\u00e9e, tirant d\u2019eau de 2,17 m et gr\u00e9ement avec 3 barres de fl\u00e8che, offrant rigidit\u00e9 et efficacit\u00e9 accrues.<\/p>\n<p>L\u2019am\u00e9nagement int\u00e9rieur est particuli\u00e8rement fonctionnel et confortable pour la croisi\u00e8re en \u00e9quipage et \/ ou la vie \u00e0 bord avec 2 cabines doubles avec 2 salles d\u2019eau attenantes. <\/p>\n<p>&#8211; Moteur Yanmar 4JH57 de 57 CV install\u00e9 en 2022, avec seulement 400 heures<br \/>\n&#8211; \u00c9lectronique Raymarine moderne et fonctionnelle avec pilote automatique de 2022<br \/>\n&#8211; Grand-voile et g\u00e9nois en Hydranet de 2020 en bon \u00e9tat, spi inclus<br \/>\n&#8211; Gr\u00e9ement en bon \u00e9tat visuel et v\u00e9rifi\u00e9 r\u00e9guli\u00e8rement<br \/>\n&#8211; Passe-coques et boulons de quille remplac\u00e9s en 2019<\/p>\n<p>Ce bateau est tr\u00e8s propre, sain et parfaitement op\u00e9rationnel, pr\u00eat pour un programme de croisi\u00e8re c\u00f4ti\u00e8re ou hauturi\u00e8re. Une unit\u00e9 performante, fiable et bien \u00e9quip\u00e9e, offrant un excellent compromis entre confort et sensations sous voiles.<\/p>\n<p>Dossier complet et inventaire sur demande.<\/p>\n","protected":false},"excerpt":{"rendered":"<p>Beneteau First 405 S -1987 Beneteau First 405 S BENETEAU FIRST 405 S \u2013 Performance &amp; Fiabilit\u00e9 \u2013 Pr\u00eat \u00e0 [&hellip;]<\/p>\n","protected":false},"featured_media":69172,"template":"","meta":{"_acf_changed":false,"_uag_custom_page_level_css":"","site-sidebar-layout":"default","site-content-layout":"","ast-site-content-layout":"default","site-content-style":"default","site-sidebar-style":"default","ast-global-header-display":"","ast-banner-title-visibility":"","ast-main-header-display":"","ast-hfb-above-header-display":"","ast-hfb-below-header-display":"","ast-hfb-mobile-header-display":"","site-post-title":"","ast-breadcrumbs-content":"","ast-featured-img":"","footer-sml-layout":"","ast-disable-related-posts":"","theme-transparent-header-meta":"","adv-header-id-meta":"","stick-header-meta":"","header-above-stick-meta":"","header-main-stick-meta":"","header-below-stick-meta":"","astra-migrate-meta-layouts":"default","ast-page-background-enabled":"default","ast-page-background-meta":{"desktop":{"background-color":"var(--ast-global-color-5)","background-image":"","background-repeat":"repeat","background-position":"center center","background-size":"auto","background-attachment":"scroll","background-type":"","background-media":"","overlay-type":"","overlay-color":"","overlay-opacity":"","overlay-gradient":""},"tablet":{"background-color":"","background-image":"","background-repeat":"repeat","background-position":"center center","background-size":"auto","background-attachment":"scroll","background-type":"","background-media":"","overlay-type":"","overlay-color":"","overlay-opacity":"","overlay-gradient":""},"mobile":{"background-color":"","background-image":"","background-repeat":"repeat","background-position":"center center","background-size":"auto","background-attachment":"scroll","background-type":"","background-media":"","overlay-type":"","overlay-color":"","overlay-opacity":"","overlay-gradient":""}},"ast-content-background-meta":{"desktop":{"background-color":"var(--ast-global-color-4)","background-image":"","background-repeat":"repeat","background-position":"center center","background-size":"auto","background-attachment":"scroll","background-type":"","background-media":"","overlay-type":"","overlay-color":"","overlay-opacity":"","overlay-gradient":""},"tablet":{"background-color":"var(--ast-global-color-4)","background-image":"","background-repeat":"repeat","background-position":"center center","background-size":"auto","background-attachment":"scroll","background-type":"","background-media":"","overlay-type":"","overlay-color":"","overlay-opacity":"","overlay-gradient":""},"mobile":{"background-color":"var(--ast-global-color-4)","background-image":"","background-repeat":"repeat","background-position":"center center","background-size":"auto","background-attachment":"scroll","background-type":"","background-media":"","overlay-type":"","overlay-color":"","overlay-opacity":"","overlay-gradient":""}}},"product_brand":[54],"product_cat":[124,134],"product_tag":[],"broker":[111],"class_list":{"0":"post-69171","1":"product","2":"type-product","3":"status-publish","4":"has-post-thumbnail","6":"product_brand-beneteau","7":"product_cat-sailing-yacht","8":"product_cat-voilier","9":"broker-vincent","10":"desktop-align-left","11":"tablet-align-left","12":"mobile-align-left","13":"ast-product-gallery-layout-horizontal-slider","14":"ast-magnify-disabled","15":"ast-product-tabs-layout-horizontal","17":"first","18":"instock","19":"purchasable","20":"product-type-simple"},"acf":[],"spectra_custom_meta":{"total_sales":["0"],"_tax_status":["none"],"_tax_class":[""],"_manage_stock":["no"],"_backorders":["no"],"_sold_individually":["no"],"_virtual":["no"],"_downloadable":["no"],"_download_limit":["-1"],"_download_expiry":["-1"],"_stock":[null],"_stock_status":["instock"],"_thumbnail_id":["69172"],"_product_image_gallery":["69173,69174,69175,69176,69177,69178,69179,69180,69181,69182,69183,69184,69185,69186,69187,69188,69189,69190,69191,69192,69193,69194,69195,69196,69197,69198,69199,69200,69201,"],"_wc_review_count":["0"],"_wc_rating_count":["0"],"_wc_average_rating":["0"],"_sku":["10139781"],"_regular_price":["59900"],"_product_version":["10.7.0"],"_price":["59900"],"_wc_gla_sync_status":["synced"],"loa":["11.99"],"lod":[""],"lwl":["10.82"],"beam":["3.96"],"draft":["2.17"],"min_draft":[""],"air_draft":[""],"year":["1987"],"acf_manufacturer":["Beneteau"],"acf_model":["First 405 S"],"acf_boat_type":[""],"keel_type":["Quille"],"displacement":[""],"ballast":["3500"],"designer":[""],"tank":["120"],"tank_unit":["Litres"],"freshwater_capacity":[""],"engine_quantity":["1"],"engin_type":[""],"engine_manufacturer":["Yanmar"],"engin_model":["4JH57"],"drive_type":["Arbre d&apos;h\u00e9lice"],"horse_power":["57"],"engine_hours":["400"],"propeller_type":["3 pales"],"propeller_material":["Bronze"],"joystick":["false"],"fuel":["Diesel"],"cabins":["2"],"berths":["7"],"toilet":["0"],"furling_mainsail":["false"],"genoa":["true"],"furling_genoa":["true"],"storm_jib":[""],"asymetric_spinnaker":[""],"gennaker":[""],"battened_mainsail":["true"],"symetric_spinnaker_brand":[""],"depthounder":["Raymarine Tridata I50"],"log_speedometer":["Raymarine Tridata I50"],"wind_speed_direction":["Raymarine Tridata I50"],"navigation_center":["Raymarine 10&apos; de E90W"],"autopilot":["Raymarine de 2022"],"compass":["Plastimo"],"gps":["int\u00e9gr\u00e9 au chart plotter"],"ais":[""],"radar":[""],"radar_detector":[""],"radio":["AM\/FM"],"repeater":["Raymarine 7&apos; neuf pr\u00eat \u00e0 \u00eatre installer"],"flat_screen_tv":[""],"cockpit_speaker":["true"],"plotter":["true"],"4_5_G":[""],"steering_wheel":[""],"tiller":[""],"spinnaker_pole":["true"],"electric_winch":[""],"battery_charger":["true"],"deep_freezer":["false"],"refrigerator":["true"],"chemical_head":["false"],"marine_head":["false"],"electric_head":["false"],"fresh_water_maker":[""],"hot_water":[""],"bow_thruster":[""],"dishwasher":[""],"manual_bilge_pump":["true"],"washing_machine":[""],"microwave_oven":[""],"electric_bilge_pump":["true"],"oven":["Eno"],"sea_water_pump":[""],"heating":[""],"air_compressor":[""],"air_conditioning":[""],"stern_thruster":[""],"bimini_top":["true"],"spray_hood":["true"],"cockpit_cover":["true"],"lazyjacks":["true"],"lazy_bag":["true"],"genoa_cover":["true"],"davits":["true"],"windlass":["true"],"solar_panel":["105 W de 2022"],"swimming_ladder":["true"],"tender":["Zodiac fond gonflable"],"gangway":[""],"teak_cockpit":["true"],"hydraulic_gangway":[""],"solar_panel_details":[""],"outboard_engine_brackets":[""],"wind_generator":[""],"inverter":["1500 VA (Cotek Pure Sinus)"],"generator":[""],"shore_power_inlet":["true"],"forename":["Vincent"],"surname":["Vall\u00e9e"],"phone":["+33 7 49 42 89 57","+33 7 49 42 89 57"],"liferaft":[""],"safety_equipment_firefigting":[""],"safety_equipment_pump":[""],"acf_new_or_used":["Used"],"acf_vessel_lying":["Martinique"],"acf_vat_included":["true"],"acf_boat_category":[""],"pays_visible":["mq"],"_yoast_wpseo_title":["A vendre Beneteau First 405 S <br>1987"],"_yoast_wpseo_focuskw":["sail occasion"],"_yoast_wpseo_metadesc":["Beneteau First 405 S\n\nBENETEAU FIRST 405 S \u2013 Performance &amp; Fiabilit\u00e9 \u2013 Pr\u00eat \u00e0 Naviguer\n\nLe Beneteau First 405 version S de 1987 est un voilier reconnu pour la qualit\u00e9 de sa construction et ses excellentes performances au pr\u00e8s. Robuste et sain, il conserve une structure irr\u00e9prochable, sans d\u00e9formation m\u00eame sous forte contrainte en navigation. La version S se distingue par une configuration optimis\u00e9e pour la performance : quille all\u00e9g\u00e9e, tirant d\u2019eau de 2,17 m et gr\u00e9ement avec 3 barres de fl\u00e8che, offrant rigidit\u00e9 et efficacit\u00e9 accrues.\n\nL\u2019am\u00e9nagement int\u00e9rieur est particuli\u00e8rement fonctionnel et confortable pour la croisi\u00e8re en \u00e9quipage et \/ ou la vie \u00e0 bord avec 2 cabines doubles avec 2 salles d\u2019eau attenantes. \n\n- Moteur Yanmar 4JH57 de 57 CV install\u00e9 en 2022, avec seulement 400 heures\n- \u00c9lectronique Raymarine moderne et fonctionnelle avec pilote automatique de 2022\n- Grand-voile et g\u00e9nois en Hydranet de 2020 en bon \u00e9tat, spi inclus\n- Gr\u00e9ement en bon \u00e9tat visuel et v\u00e9rifi\u00e9 r\u00e9guli\u00e8rement\n- Passe-coques et boulons de quille remplac\u00e9s en 2019\n\nCe bateau est tr\u00e8s propre, sain et parfaitement op\u00e9rationnel, pr\u00eat pour un programme de croisi\u00e8re c\u00f4ti\u00e8re ou hauturi\u00e8re. Une unit\u00e9 performante, fiable et bien \u00e9quip\u00e9e, offrant un excellent compromis entre confort et sensations sous voiles.\n\nDossier complet et inventaire sur demande."],"acf_description_en":["Beneteau First 405 S\n\nBENETEAU FIRST 405 S \u2013 Performance &amp; Reliability \u2013 Ready to Sail\n\nThe 1987 Beneteau First 405 S version is a sailing yacht recognized for the quality of its construction and excellent close-hauled performance. Robust and sound, it maintains an impeccable structure with no deformation even under heavy sailing loads. The S version distinguishes itself through a performance-optimized configuration: lightweight keel, draft of 2.17 m and rigging with 3 spreaders, offering increased rigidity and efficiency.\n\nThe interior layout is particularly functional and comfortable for cruising with crew and\/or living aboard with 2 double cabins with 2 attached heads.\n\n- Yanmar 4JH57 engine, 57 HP installed in 2022, with only 400 hours\n- Modern and functional Raymarine electronics with 2022 autopilot\n- Mainsail and genoa in Hydranet from 2020 in good condition, spinnaker included\n- Rigging in good visual condition and regularly inspected\n- Through-hulls and keel bolts replaced in 2019\n\nThis boat is very clean, sound and fully operational, ready for a coastal or offshore cruising program. A high-performance unit, reliable and well-equipped, offering an excellent balance between comfort and the thrill of sailing.\n\nComplete file and inventory available upon request."],"_wp_page_template":["default"],"_alp_processed":["1776643443"],"_wpml_word_count":["232"],"_wc_gla_synced_at":["1776643472"],"_wc_gla_visibility":["sync-and-show"],"_wc_gla_google_ids":["a:1:{s:2:\"FR\";s:22:\"online:fr:FR:gla_69171\";}"],"_uag_page_assets":["a:9:{s:3:\"css\";s:263:\".uag-blocks-common-selector{z-index:var(--z-index-desktop) !important}@media (max-width: 976px){.uag-blocks-common-selector{z-index:var(--z-index-tablet) !important}}@media (max-width: 767px){.uag-blocks-common-selector{z-index:var(--z-index-mobile) !important}}\n\";s:2:\"js\";s:0:\"\";s:18:\"current_block_list\";a:11:{i:0;s:11:\"core\/search\";i:1;s:10:\"core\/group\";i:2;s:12:\"core\/heading\";i:3;s:17:\"core\/latest-posts\";i:4;s:20:\"core\/latest-comments\";i:5;s:13:\"core\/archives\";i:6;s:15:\"core\/categories\";i:7;s:27:\"woocommerce\/product-filters\";i:8;s:32:\"woocommerce\/product-filter-price\";i:9;s:39:\"woocommerce\/product-filter-price-slider\";i:10;s:11:\"core\/spacer\";}s:8:\"uag_flag\";b:0;s:11:\"uag_version\";s:10:\"1776643456\";s:6:\"gfonts\";a:1:{s:7:\"Default\";a:2:{s:10:\"fontfamily\";s:7:\"Default\";s:12:\"fontvariants\";a:0:{}}}s:10:\"gfonts_url\";s:77:\"https:\/\/fonts.googleapis.com\/css?family=Default&subset=latin&display=fallback\";s:12:\"gfonts_files\";a:0:{}s:14:\"uag_faq_layout\";b:0;}"],"_uag_css_file_name":["uag-css-69171.css"]},"uagb_featured_image_src":{"full":["https:\/\/elissa-yachting.fr\/wp-content\/uploads\/2026\/04\/1987-Beneteau-First-405-S-100_Gtmbxae.jpeg",1024,683,false],"thumbnail":["https:\/\/elissa-yachting.fr\/wp-content\/uploads\/2026\/04\/1987-Beneteau-First-405-S-100_Gtmbxae-150x150.jpeg",150,150,true],"medium":["https:\/\/elissa-yachting.fr\/wp-content\/uploads\/2026\/04\/1987-Beneteau-First-405-S-100_Gtmbxae-300x200.jpeg",300,200,true],"medium_large":["https:\/\/elissa-yachting.fr\/wp-content\/uploads\/2026\/04\/1987-Beneteau-First-405-S-100_Gtmbxae-768x512.jpeg",768,512,true],"large":["https:\/\/elissa-yachting.fr\/wp-content\/uploads\/2026\/04\/1987-Beneteau-First-405-S-100_Gtmbxae.jpeg",1024,683,false],"1536x1536":["https:\/\/elissa-yachting.fr\/wp-content\/uploads\/2026\/04\/1987-Beneteau-First-405-S-100_Gtmbxae.jpeg",1024,683,false],"2048x2048":["https:\/\/elissa-yachting.fr\/wp-content\/uploads\/2026\/04\/1987-Beneteau-First-405-S-100_Gtmbxae.jpeg",1024,683,false],"woocommerce_thumbnail":["https:\/\/elissa-yachting.fr\/wp-content\/uploads\/2026\/04\/1987-Beneteau-First-405-S-100_Gtmbxae-400x267.jpeg",400,267,true],"woocommerce_single":["https:\/\/elissa-yachting.fr\/wp-content\/uploads\/2026\/04\/1987-Beneteau-First-405-S-100_Gtmbxae-612x408.jpeg",612,408,true],"woocommerce_gallery_thumbnail":["https:\/\/elissa-yachting.fr\/wp-content\/uploads\/2026\/04\/1987-Beneteau-First-405-S-100_Gtmbxae-100x100.jpeg",100,100,true]},"uagb_author_info":{"display_name":"","author_link":"https:\/\/elissa-yachting.fr\/en\/author"},"uagb_comment_info":0,"uagb_excerpt":"Beneteau First 405 S -1987 Beneteau First 405 S BENETEAU FIRST 405 S \u2013 Performance &amp; Fiabilit\u00e9 \u2013 Pr\u00eat \u00e0 [&hellip;]","_links":{"self":[{"href":"https:\/\/elissa-yachting.fr\/en\/wp-json\/wp\/v2\/product\/69171","targetHints":{"allow":["GET"]}}],"collection":[{"href":"https:\/\/elissa-yachting.fr\/en\/wp-json\/wp\/v2\/product"}],"about":[{"href":"https:\/\/elissa-yachting.fr\/en\/wp-json\/wp\/v2\/types\/product"}],"wp:featuredmedia":[{"embeddable":true,"href":"https:\/\/elissa-yachting.fr\/en\/wp-json\/wp\/v2\/media\/69172"}],"wp:attachment":[{"href":"https:\/\/elissa-yachting.fr\/en\/wp-json\/wp\/v2\/media?parent=69171"}],"wp:term":[{"taxonomy":"product_brand","embeddable":true,"href":"https:\/\/elissa-yachting.fr\/en\/wp-json\/wp\/v2\/product_brand?post=69171"},{"taxonomy":"product_cat","embeddable":true,"href":"https:\/\/elissa-yachting.fr\/en\/wp-json\/wp\/v2\/product_cat?post=69171"},{"taxonomy":"product_tag","embeddable":true,"href":"https:\/\/elissa-yachting.fr\/en\/wp-json\/wp\/v2\/product_tag?post=69171"},{"taxonomy":"broker","embeddable":true,"href":"https:\/\/elissa-yachting.fr\/en\/wp-json\/wp\/v2\/broker?post=69171"}],"curies":[{"name":"wp","href":"https:\/\/api.w.org\/{rel}","templated":true}]}}