{"id":69216,"date":"2026-04-10T02:03:07","date_gmt":"2026-04-10T00:03:07","guid":{"rendered":"https:\/\/elissa-yachting.fr\/produit\/kirie-feeling-1350-1987"},"modified":"2026-04-20T02:04:06","modified_gmt":"2026-04-20T00:04:06","slug":"kirie-feeling-1350-1987","status":"publish","type":"product","link":"https:\/\/elissa-yachting.fr\/en\/produit\/kirie-feeling-1350-1987","title":{"rendered":"Kiri\u00e9 Feeling 1350 <br>1987"},"content":{"rendered":"<h1>Kiri\u00e9 Feeling 1350 -1987<\/h1>\n<p>Kiri\u00e9 Feeling 1350<\/p>\n<p>FEELING 1350 \u2013 Grand Voyage \u2013 \u00c9quip\u00e9 &amp; Pr\u00eat \u00e0 Partir<\/p>\n<p>Feeling 1350 version propri\u00e9taire, ce voilier de grande croisi\u00e8re r\u00e9put\u00e9 pour ses performances et sa robustesse est une excellente opportunit\u00e9 \u00e0 ce niveau de prix. Il est pr\u00eat \u00e0 repartir pour un programme hauturier ou vie \u00e0 bord.<br \/>\nRapide et marin, il affiche de tr\u00e8s belles moyennes, jusqu\u2019\u00e0 180\u2013200 NM\/24h au portant, tout en restant accessible gr\u00e2ce \u00e0 son tirant d\u2019eau r\u00e9duit de 1,60 m, id\u00e9al pour les mouillages tropicaux.<br \/>\nL\u2019int\u00e9rieur, chaleureux et fonctionnel, propose 3 cabines doubles, 2 salles d\u2019eau + un WC ind\u00e9pendant, ainsi qu\u2019un carr\u00e9 spacieux convertible. La cabine avant propri\u00e9taire dispose d\u2019un espace bureau, et les volumes sont particuli\u00e8rement confortables pour un bateau de cette taille.<\/p>\n<p>Tr\u00e8s bonne autonomie pour le large :<br \/>\nParc batteries r\u00e9cent<br \/>\nPanneaux solaires + \u00e9olienne<br \/>\nConvertisseur Victron<br \/>\nEau sous pression chaude\/froide (655 L d&apos;eau douce)<\/p>\n<p>\u00c9lectronique compl\u00e8te et modernis\u00e9e :<br \/>\nPilote automatique r\u00e9cent<br \/>\nAIS (\u00e9mission\/r\u00e9ception)<br \/>\nR\u00e9seau NMEA 2000 + PC navigation<br \/>\nInternet 4G et Starlink<br \/>\nEPIRB valide jusqu\u2019en 2032<\/p>\n<p>C\u00f4t\u00e9 navigation :<br \/>\nGr\u00e9ement dormant refait en 2021 (avec un autre gr\u00e9ement dormant neuf jamais utilis\u00e9 \u00e0 bord)<br \/>\nJeu de voiles complet en bon \u00e9tat (GV latt\u00e9e, g\u00e9nois, spi, foc, trinquette, tourmentin)<br \/>\nAccastillage complet avec 10 winchs au total<\/p>\n<p>Moteur BMW 50 CV avec 2850 heures, entretenu et tr\u00e8s fiable, alternateur r\u00e9cent de 2024.<\/p>\n<p>Bateau vendu cl\u00e9 en main avec annexe + hors-bord, \u00e9quipement de s\u00e9curit\u00e9 \u00e0 jour, nombreux spares et outillage, id\u00e9al pour d\u00e9part imm\u00e9diat de grand voyage.<\/p>\n<p>Une opportunit\u00e9 rare pour un 13,50 m de voyage \u00e9quip\u00e9 \u00e0 ce budget.<\/p>\n<p>Dossier complet disponible sur demande.<\/p>\n","protected":false},"excerpt":{"rendered":"<p>Kiri\u00e9 Feeling 1350 -1987 Kiri\u00e9 Feeling 1350 FEELING 1350 \u2013 Grand Voyage \u2013 \u00c9quip\u00e9 &amp; Pr\u00eat \u00e0 Partir Feeling 1350 [&hellip;]<\/p>\n","protected":false},"featured_media":69217,"template":"","meta":{"_acf_changed":false,"_uag_custom_page_level_css":"","site-sidebar-layout":"default","site-content-layout":"","ast-site-content-layout":"default","site-content-style":"default","site-sidebar-style":"default","ast-global-header-display":"","ast-banner-title-visibility":"","ast-main-header-display":"","ast-hfb-above-header-display":"","ast-hfb-below-header-display":"","ast-hfb-mobile-header-display":"","site-post-title":"","ast-breadcrumbs-content":"","ast-featured-img":"","footer-sml-layout":"","ast-disable-related-posts":"","theme-transparent-header-meta":"","adv-header-id-meta":"","stick-header-meta":"","header-above-stick-meta":"","header-main-stick-meta":"","header-below-stick-meta":"","astra-migrate-meta-layouts":"default","ast-page-background-enabled":"default","ast-page-background-meta":{"desktop":{"background-color":"var(--ast-global-color-5)","background-image":"","background-repeat":"repeat","background-position":"center center","background-size":"auto","background-attachment":"scroll","background-type":"","background-media":"","overlay-type":"","overlay-color":"","overlay-opacity":"","overlay-gradient":""},"tablet":{"background-color":"","background-image":"","background-repeat":"repeat","background-position":"center center","background-size":"auto","background-attachment":"scroll","background-type":"","background-media":"","overlay-type":"","overlay-color":"","overlay-opacity":"","overlay-gradient":""},"mobile":{"background-color":"","background-image":"","background-repeat":"repeat","background-position":"center center","background-size":"auto","background-attachment":"scroll","background-type":"","background-media":"","overlay-type":"","overlay-color":"","overlay-opacity":"","overlay-gradient":""}},"ast-content-background-meta":{"desktop":{"background-color":"var(--ast-global-color-4)","background-image":"","background-repeat":"repeat","background-position":"center center","background-size":"auto","background-attachment":"scroll","background-type":"","background-media":"","overlay-type":"","overlay-color":"","overlay-opacity":"","overlay-gradient":""},"tablet":{"background-color":"var(--ast-global-color-4)","background-image":"","background-repeat":"repeat","background-position":"center center","background-size":"auto","background-attachment":"scroll","background-type":"","background-media":"","overlay-type":"","overlay-color":"","overlay-opacity":"","overlay-gradient":""},"mobile":{"background-color":"var(--ast-global-color-4)","background-image":"","background-repeat":"repeat","background-position":"center center","background-size":"auto","background-attachment":"scroll","background-type":"","background-media":"","overlay-type":"","overlay-color":"","overlay-opacity":"","overlay-gradient":""}}},"product_brand":[198],"product_cat":[124,134],"product_tag":[],"broker":[111],"class_list":{"0":"post-69216","1":"product","2":"type-product","3":"status-publish","4":"has-post-thumbnail","6":"product_brand-kirie","7":"product_cat-sailing-yacht","8":"product_cat-voilier","9":"broker-vincent","10":"desktop-align-left","11":"tablet-align-left","12":"mobile-align-left","13":"ast-product-gallery-layout-horizontal-slider","14":"ast-magnify-disabled","15":"ast-product-tabs-layout-horizontal","17":"first","18":"instock","19":"purchasable","20":"product-type-simple"},"acf":[],"spectra_custom_meta":{"total_sales":["0"],"_tax_status":["none"],"_tax_class":[""],"_manage_stock":["no"],"_backorders":["no"],"_sold_individually":["no"],"_virtual":["no"],"_downloadable":["no"],"_download_limit":["-1"],"_download_expiry":["-1"],"_stock":[null],"_stock_status":["instock"],"_thumbnail_id":["69217"],"_product_image_gallery":["69218,69219,69220,69221,69222,69223,69224,69225,69226,69227,69228,69229,69230,69231,69232,69233,69234,69235,69236,69237,69238,69239,69240,69241,69242,69243,69244,69245,69246,"],"_wc_review_count":["0"],"_wc_rating_count":["0"],"_wc_average_rating":["0"],"_sku":["10143522"],"_regular_price":["59000"],"_product_version":["10.7.0"],"_price":["59000"],"_wc_gla_sync_status":["synced"],"loa":["13.62"],"lod":[""],"lwl":["11"],"beam":["4.28"],"draft":["1.6"],"min_draft":[""],"air_draft":[""],"year":["1987"],"acf_manufacturer":["Kiri\u00e9"],"acf_model":["Feeling 1350"],"acf_boat_type":[""],"keel_type":["Bulbe"],"displacement":[""],"ballast":["3800"],"designer":[""],"tank":["210"],"tank_unit":["Litres"],"freshwater_capacity":[""],"engine_quantity":["1"],"engin_type":[""],"engine_manufacturer":["BMW"],"engin_model":["D50"],"drive_type":["Arbre d&apos;h\u00e9lice"],"horse_power":["50"],"engine_hours":["2850"],"propeller_type":["3 pales"],"propeller_material":["Bronze"],"joystick":["false"],"fuel":["Diesel"],"cabins":["3"],"berths":["8"],"toilet":["0"],"furling_mainsail":["false"],"genoa":["true"],"furling_genoa":["true"],"storm_jib":["true"],"asymetric_spinnaker":[""],"gennaker":[""],"battened_mainsail":["true"],"symetric_spinnaker_brand":[""],"depthounder":["Clipper"],"log_speedometer":["Clipper"],"wind_speed_direction":[""],"navigation_center":["PC Industriel 12V d\u00e9di\u00e9 \u00e0 la navigation"],"autopilot":["Raymarine de 2022 (v\u00e9rin et calculateur) et r\u00e9p\u00e9titeur P70S de 2024"],"compass":["Plastimo"],"gps":["GPS portable Magellan"],"ais":["Transpondeur AIS \u00e9metteur et r\u00e9cepteur 5W avec antenne active GPS Furuno GPA 017"],"radar":[""],"radar_detector":[""],"radio":["Kenwood"],"repeater":["PC Portable durci Panasonic Toughbook"],"flat_screen_tv":["Schneider 60 cm"],"cockpit_speaker":["Fusion"],"plotter":["true"],"4_5_G":[""],"steering_wheel":[""],"tiller":[""],"spinnaker_pole":["true"],"electric_winch":[""],"battery_charger":["true"],"deep_freezer":["false"],"refrigerator":["true"],"chemical_head":["false"],"marine_head":["false"],"electric_head":["false"],"fresh_water_maker":[""],"hot_water":[""],"bow_thruster":[""],"dishwasher":[""],"manual_bilge_pump":["true"],"washing_machine":[""],"microwave_oven":[""],"electric_bilge_pump":["true"],"oven":["Alpes"],"sea_water_pump":[""],"heating":[""],"air_compressor":[""],"air_conditioning":[""],"stern_thruster":[""],"bimini_top":["true"],"spray_hood":["true"],"cockpit_cover":["true"],"lazyjacks":["true"],"lazy_bag":["true"],"genoa_cover":["true"],"davits":["true"],"windlass":["true"],"solar_panel":["175 W de 2022 avec contr\u00f4leur et r\u00e9partiteur de charge MPPT Victron"],"swimming_ladder":["true"],"tender":["Gonflable type X3"],"gangway":[""],"teak_cockpit":["true"],"hydraulic_gangway":[""],"solar_panel_details":[""],"outboard_engine_brackets":[""],"wind_generator":["Vevon"],"inverter":["250 VA (Victron Pure Sinewave 15\/250)"],"generator":["G\u00e9n\u00e9rateur portable (2021) 2000 W"],"shore_power_inlet":["true"],"forename":["Vincent"],"surname":["Vall\u00e9e"],"phone":["+33 7 49 42 89 57","+33 7 49 42 89 57"],"liferaft":[""],"safety_equipment_firefigting":[""],"safety_equipment_pump":[""],"acf_new_or_used":["Used"],"acf_vessel_lying":["Martinique"],"acf_vat_included":["true"],"acf_boat_category":[""],"pays_visible":["mq"],"_yoast_wpseo_title":["A vendre Kiri\u00e9 Feeling 1350 <br>1987"],"_yoast_wpseo_focuskw":["sail occasion"],"_yoast_wpseo_metadesc":["Kiri\u00e9 Feeling 1350\n\nFEELING 1350 \u2013 Grand Voyage \u2013 \u00c9quip\u00e9 &amp; Pr\u00eat \u00e0 Partir\n\nFeeling 1350 version propri\u00e9taire, ce voilier de grande croisi\u00e8re r\u00e9put\u00e9 pour ses performances et sa robustesse est une excellente opportunit\u00e9 \u00e0 ce niveau de prix. Il est pr\u00eat \u00e0 repartir pour un programme hauturier ou vie \u00e0 bord.\nRapide et marin, il affiche de tr\u00e8s belles moyennes, jusqu\u2019\u00e0 180\u2013200 NM\/24h au portant, tout en restant accessible gr\u00e2ce \u00e0 son tirant d\u2019eau r\u00e9duit de 1,60 m, id\u00e9al pour les mouillages tropicaux.\nL\u2019int\u00e9rieur, chaleureux et fonctionnel, propose 3 cabines doubles, 2 salles d\u2019eau + un WC ind\u00e9pendant, ainsi qu\u2019un carr\u00e9 spacieux convertible. La cabine avant propri\u00e9taire dispose d\u2019un espace bureau, et les volumes sont particuli\u00e8rement confortables pour un bateau de cette taille.\n\nTr\u00e8s bonne autonomie pour le large :\nParc batteries r\u00e9cent\nPanneaux solaires + \u00e9olienne\nConvertisseur Victron\nEau sous pression chaude\/froide (655 L d&apos;eau douce)\n\n\u00c9lectronique compl\u00e8te et modernis\u00e9e :\nPilote automatique r\u00e9cent\nAIS (\u00e9mission\/r\u00e9ception)\nR\u00e9seau NMEA 2000 + PC navigation\nInternet 4G et Starlink\nEPIRB valide jusqu\u2019en 2032\n\nC\u00f4t\u00e9 navigation :\nGr\u00e9ement dormant refait en 2021 (avec un autre gr\u00e9ement dormant neuf jamais utilis\u00e9 \u00e0 bord)\nJeu de voiles complet en bon \u00e9tat (GV latt\u00e9e, g\u00e9nois, spi, foc, trinquette, tourmentin)\nAccastillage complet avec 10 winchs au total\n\nMoteur BMW 50 CV avec 2850 heures, entretenu et tr\u00e8s fiable, alternateur r\u00e9cent de 2024.\n\nBateau vendu cl\u00e9 en main avec annexe + hors-bord, \u00e9quipement de s\u00e9curit\u00e9 \u00e0 jour, nombreux spares et outillage, id\u00e9al pour d\u00e9part imm\u00e9diat de grand voyage.\n\nUne opportunit\u00e9 rare pour un 13,50 m de voyage \u00e9quip\u00e9 \u00e0 ce budget.\n\nDossier complet disponible sur demande."],"acf_description_en":["Kiri\u00e9 Feeling 1350\n\nFEELING 1350 \u2013 Grand Voyage \u2013 Equipped &amp; Ready to Sail\n\nFeeling 1350 owner&apos;s version, this renowned long-range cruising sailboat, famous for its performance and robustness, is an excellent opportunity at this price point. It is ready to embark on an offshore cruising program or live-aboard lifestyle.\nFast and seaworthy, it delivers impressive speeds, up to 180\u2013200 NM\/24h on a broad reach, while remaining accessible thanks to its shallow draft of 1.60 m, ideal for tropical anchorages.\nThe interior, warm and functional, offers 3 double cabins, 2 heads + an independent WC, as well as a spacious convertible saloon. The forward owner&apos;s cabin features an office space, and the volumes are particularly comfortable for a boat of this size.\n\nExcellent range for offshore sailing:\nRecent battery bank\nSolar panels + wind generator\nVictron converter\nHot\/cold pressurized water (655 L freshwater capacity)\n\nComplete and modernized electronics:\nRecent autopilot\nAIS (transmit\/receive)\nNMEA 2000 network + navigation PC\n4G Internet and Starlink\nEPIRB valid until 2032\n\nNavigation equipment:\nStanding rigging refitted in 2021 (with an additional new standing rigging set never used onboard)\nComplete sail set in good condition (battened mainsail, genoa, spinnaker, foresail, inner forestaysail, storm jib)\nComplete deck hardware with 10 winches in total\n\nBMW 50 HP engine with 2,850 hours, well-maintained and very reliable, recent alternator from 2024.\n\nBoat sold turnkey with tender + outboard, up-to-date safety equipment, numerous spare parts and tools, ideal for immediate departure on a long voyage.\n\nA rare opportunity for a 13.50 m cruising yacht equipped at this budget.\n\nComplete documentation available upon request."],"_wp_page_template":["default"],"_alp_processed":["1776643446"],"_wpml_word_count":["298"],"_wc_gla_synced_at":["1776643476"],"_wc_gla_visibility":["sync-and-show"],"_wc_gla_google_ids":["a:1:{s:2:\"FR\";s:22:\"online:fr:FR:gla_69216\";}"],"_uag_page_assets":["a:9:{s:3:\"css\";s:263:\".uag-blocks-common-selector{z-index:var(--z-index-desktop) !important}@media (max-width: 976px){.uag-blocks-common-selector{z-index:var(--z-index-tablet) !important}}@media (max-width: 767px){.uag-blocks-common-selector{z-index:var(--z-index-mobile) !important}}\n\";s:2:\"js\";s:0:\"\";s:18:\"current_block_list\";a:11:{i:0;s:11:\"core\/search\";i:1;s:10:\"core\/group\";i:2;s:12:\"core\/heading\";i:3;s:17:\"core\/latest-posts\";i:4;s:20:\"core\/latest-comments\";i:5;s:13:\"core\/archives\";i:6;s:15:\"core\/categories\";i:7;s:27:\"woocommerce\/product-filters\";i:8;s:32:\"woocommerce\/product-filter-price\";i:9;s:39:\"woocommerce\/product-filter-price-slider\";i:10;s:11:\"core\/spacer\";}s:8:\"uag_flag\";b:0;s:11:\"uag_version\";s:10:\"1776643456\";s:6:\"gfonts\";a:1:{s:7:\"Default\";a:2:{s:10:\"fontfamily\";s:7:\"Default\";s:12:\"fontvariants\";a:0:{}}}s:10:\"gfonts_url\";s:77:\"https:\/\/fonts.googleapis.com\/css?family=Default&subset=latin&display=fallback\";s:12:\"gfonts_files\";a:0:{}s:14:\"uag_faq_layout\";b:0;}"],"_uag_css_file_name":["uag-css-69216.css"]},"uagb_featured_image_src":{"full":["https:\/\/elissa-yachting.fr\/wp-content\/uploads\/2026\/04\/1987-Kirie-Feeling-1350-0100_lHtUzgU.jpeg",1024,683,false],"thumbnail":["https:\/\/elissa-yachting.fr\/wp-content\/uploads\/2026\/04\/1987-Kirie-Feeling-1350-0100_lHtUzgU-150x150.jpeg",150,150,true],"medium":["https:\/\/elissa-yachting.fr\/wp-content\/uploads\/2026\/04\/1987-Kirie-Feeling-1350-0100_lHtUzgU-300x200.jpeg",300,200,true],"medium_large":["https:\/\/elissa-yachting.fr\/wp-content\/uploads\/2026\/04\/1987-Kirie-Feeling-1350-0100_lHtUzgU-768x512.jpeg",768,512,true],"large":["https:\/\/elissa-yachting.fr\/wp-content\/uploads\/2026\/04\/1987-Kirie-Feeling-1350-0100_lHtUzgU.jpeg",1024,683,false],"1536x1536":["https:\/\/elissa-yachting.fr\/wp-content\/uploads\/2026\/04\/1987-Kirie-Feeling-1350-0100_lHtUzgU.jpeg",1024,683,false],"2048x2048":["https:\/\/elissa-yachting.fr\/wp-content\/uploads\/2026\/04\/1987-Kirie-Feeling-1350-0100_lHtUzgU.jpeg",1024,683,false],"woocommerce_thumbnail":["https:\/\/elissa-yachting.fr\/wp-content\/uploads\/2026\/04\/1987-Kirie-Feeling-1350-0100_lHtUzgU-400x267.jpeg",400,267,true],"woocommerce_single":["https:\/\/elissa-yachting.fr\/wp-content\/uploads\/2026\/04\/1987-Kirie-Feeling-1350-0100_lHtUzgU-612x408.jpeg",612,408,true],"woocommerce_gallery_thumbnail":["https:\/\/elissa-yachting.fr\/wp-content\/uploads\/2026\/04\/1987-Kirie-Feeling-1350-0100_lHtUzgU-100x100.jpeg",100,100,true]},"uagb_author_info":{"display_name":"","author_link":"https:\/\/elissa-yachting.fr\/en\/author"},"uagb_comment_info":0,"uagb_excerpt":"Kiri\u00e9 Feeling 1350 -1987 Kiri\u00e9 Feeling 1350 FEELING 1350 \u2013 Grand Voyage \u2013 \u00c9quip\u00e9 &amp; Pr\u00eat \u00e0 Partir Feeling 1350 [&hellip;]","_links":{"self":[{"href":"https:\/\/elissa-yachting.fr\/en\/wp-json\/wp\/v2\/product\/69216","targetHints":{"allow":["GET"]}}],"collection":[{"href":"https:\/\/elissa-yachting.fr\/en\/wp-json\/wp\/v2\/product"}],"about":[{"href":"https:\/\/elissa-yachting.fr\/en\/wp-json\/wp\/v2\/types\/product"}],"wp:featuredmedia":[{"embeddable":true,"href":"https:\/\/elissa-yachting.fr\/en\/wp-json\/wp\/v2\/media\/69217"}],"wp:attachment":[{"href":"https:\/\/elissa-yachting.fr\/en\/wp-json\/wp\/v2\/media?parent=69216"}],"wp:term":[{"taxonomy":"product_brand","embeddable":true,"href":"https:\/\/elissa-yachting.fr\/en\/wp-json\/wp\/v2\/product_brand?post=69216"},{"taxonomy":"product_cat","embeddable":true,"href":"https:\/\/elissa-yachting.fr\/en\/wp-json\/wp\/v2\/product_cat?post=69216"},{"taxonomy":"product_tag","embeddable":true,"href":"https:\/\/elissa-yachting.fr\/en\/wp-json\/wp\/v2\/product_tag?post=69216"},{"taxonomy":"broker","embeddable":true,"href":"https:\/\/elissa-yachting.fr\/en\/wp-json\/wp\/v2\/broker?post=69216"}],"curies":[{"name":"wp","href":"https:\/\/api.w.org\/{rel}","templated":true}]}}