{"id":69492,"date":"2026-04-14T02:03:18","date_gmt":"2026-04-14T00:03:18","guid":{"rendered":"https:\/\/elissa-yachting.fr\/produit\/wauquiez-pilot-saloon-48-2022"},"modified":"2026-04-20T02:04:08","modified_gmt":"2026-04-20T00:04:08","slug":"wauquiez-pilot-saloon-48-2022","status":"publish","type":"product","link":"https:\/\/elissa-yachting.fr\/en\/produit\/wauquiez-pilot-saloon-48-2022","title":{"rendered":"Wauquiez Pilot Saloon 48 <br>2022"},"content":{"rendered":"<h1>Wauquiez Pilot Saloon 48 -2022<\/h1>\n<p>Wauquiez Pilot Saloon 48<\/p>\n<p>Pilot Saloon 48, le raffinement et la qualit\u00e9 de construction d\u2019un Wauquiez, propos\u00e9 dans une configuration propri\u00e9taire et dans un \u00e9tat irr\u00e9prochable.<\/p>\n<p>Cette unit\u00e9e de 2022 est une version trois cabines et deux salles de bain, offrant un confort remarquable \u00e0 bord. La cabine propri\u00e9taire, particuli\u00e8rement spacieuse, b\u00e9n\u00e9ficie d\u2019une belle hauteur sous plafond et d\u2019un am\u00e9nagement soign\u00e9, id\u00e9al pour les longues navigations comme pour la vie au mouillage. Les volumes int\u00e9rieurs sont lumineux et \u00e9l\u00e9gants, avec des finitions haut de gamme.<\/p>\n<p>Le bateau est enti\u00e8rement \u00e9quip\u00e9 pour le confort avec une climatisation r\u00e9versible dans toutes les cabines, un g\u00e9n\u00e9rateur, ainsi qu\u2019une t\u00e9l\u00e9vision \u00e9cran plat 32 pouces mont\u00e9e sur support \u00e9lectrique et d&apos;un un syst\u00e8me audio sign\u00e9 Bose.<\/p>\n<p>C\u00f4t\u00e9 navigation, ce Pilot Saloon 48 dispose d\u2019un \u00e9quipement complet et performant, un propulseur d\u2019\u00e9trave et une \u00e9lectronique Raymarine. Il est motoris\u00e9 par un Yanmar 110cv affichant seulement 145 heures de fonctionnement, coupl\u00e9 \u00e0 une transmission directe et une h\u00e9lice 5 pales assurant une excellente man\u0153uvrabilit\u00e9 dans les ports.<\/p>\n<p>Le gr\u00e9ement est optimis\u00e9 avec un jeu de voiles r\u00e9alis\u00e9 par Etorre, comprenant une grand-voile sur enrouleur de m\u00e2t, un g\u00e9nois et un Code 0, ainsi que des winchs \u00e9lectriques.<\/p>\n<p>\u00c0 l\u2019ext\u00e9rieur, le pont en teck apporte \u00e9l\u00e9gance et confort, tandis que le cockpit accueille des coussins d\u2019assise et un bimini pour profiter pleinement de chaque instant en mer. Le bateau dispose \u00e9galement d\u2019un garage \u00e0 annexe int\u00e9gr\u00e9 ainsi que d\u2019une plateforme de bain sur v\u00e9rins \u00e9lectriques.<\/p>\n<p>Ce voilier de propri\u00e9taire, soigneusement entretenu, repr\u00e9sente une opportunit\u00e9 rare d\u2019acqu\u00e9rir une unit\u00e9 r\u00e9cente, parfaitement \u00e9quip\u00e9e et pr\u00eate \u00e0 naviguer.<\/p>\n<p>Pour plus d\u2019informations, merci de nous contacter.<\/p>\n","protected":false},"excerpt":{"rendered":"<p>Wauquiez Pilot Saloon 48 -2022 Wauquiez Pilot Saloon 48 Pilot Saloon 48, le raffinement et la qualit\u00e9 de construction d\u2019un [&hellip;]<\/p>\n","protected":false},"featured_media":69493,"template":"","meta":{"_acf_changed":false,"_uag_custom_page_level_css":"","site-sidebar-layout":"default","site-content-layout":"","ast-site-content-layout":"default","site-content-style":"default","site-sidebar-style":"default","ast-global-header-display":"","ast-banner-title-visibility":"","ast-main-header-display":"","ast-hfb-above-header-display":"","ast-hfb-below-header-display":"","ast-hfb-mobile-header-display":"","site-post-title":"","ast-breadcrumbs-content":"","ast-featured-img":"","footer-sml-layout":"","ast-disable-related-posts":"","theme-transparent-header-meta":"","adv-header-id-meta":"","stick-header-meta":"","header-above-stick-meta":"","header-main-stick-meta":"","header-below-stick-meta":"","astra-migrate-meta-layouts":"default","ast-page-background-enabled":"default","ast-page-background-meta":{"desktop":{"background-color":"var(--ast-global-color-5)","background-image":"","background-repeat":"repeat","background-position":"center center","background-size":"auto","background-attachment":"scroll","background-type":"","background-media":"","overlay-type":"","overlay-color":"","overlay-opacity":"","overlay-gradient":""},"tablet":{"background-color":"","background-image":"","background-repeat":"repeat","background-position":"center center","background-size":"auto","background-attachment":"scroll","background-type":"","background-media":"","overlay-type":"","overlay-color":"","overlay-opacity":"","overlay-gradient":""},"mobile":{"background-color":"","background-image":"","background-repeat":"repeat","background-position":"center center","background-size":"auto","background-attachment":"scroll","background-type":"","background-media":"","overlay-type":"","overlay-color":"","overlay-opacity":"","overlay-gradient":""}},"ast-content-background-meta":{"desktop":{"background-color":"var(--ast-global-color-4)","background-image":"","background-repeat":"repeat","background-position":"center center","background-size":"auto","background-attachment":"scroll","background-type":"","background-media":"","overlay-type":"","overlay-color":"","overlay-opacity":"","overlay-gradient":""},"tablet":{"background-color":"var(--ast-global-color-4)","background-image":"","background-repeat":"repeat","background-position":"center center","background-size":"auto","background-attachment":"scroll","background-type":"","background-media":"","overlay-type":"","overlay-color":"","overlay-opacity":"","overlay-gradient":""},"mobile":{"background-color":"var(--ast-global-color-4)","background-image":"","background-repeat":"repeat","background-position":"center center","background-size":"auto","background-attachment":"scroll","background-type":"","background-media":"","overlay-type":"","overlay-color":"","overlay-opacity":"","overlay-gradient":""}}},"product_brand":[51],"product_cat":[124,134],"product_tag":[],"broker":[110],"class_list":{"0":"post-69492","1":"product","2":"type-product","3":"status-publish","4":"has-post-thumbnail","6":"product_brand-wauquiez","7":"product_cat-sailing-yacht","8":"product_cat-voilier","9":"broker-victor","10":"desktop-align-left","11":"tablet-align-left","12":"mobile-align-left","13":"ast-product-gallery-layout-horizontal-slider","14":"ast-magnify-disabled","15":"ast-product-tabs-layout-horizontal","17":"first","18":"instock","19":"purchasable","20":"product-type-simple"},"acf":[],"spectra_custom_meta":{"total_sales":["0"],"_tax_status":["none"],"_tax_class":[""],"_manage_stock":["no"],"_backorders":["no"],"_sold_individually":["no"],"_virtual":["no"],"_downloadable":["no"],"_download_limit":["-1"],"_download_expiry":["-1"],"_stock":[null],"_stock_status":["instock"],"_thumbnail_id":["69493"],"_product_image_gallery":["69494,69495,69496,69497,69498,69499,69500,69501,69502,69503,69504,69505,69506,69507,69508,69509,69510,69511,69512,69513,69514,69515,69516,69517,"],"_wc_review_count":["0"],"_wc_rating_count":["0"],"_wc_average_rating":["0"],"_sku":["10145296"],"_regular_price":["700000"],"_product_version":["10.7.0"],"_price":["700000"],"_wc_gla_sync_status":["synced"],"loa":["14.77"],"lod":["14.35"],"lwl":["12.75"],"beam":["4.61"],"draft":["2.1"],"min_draft":[""],"air_draft":[""],"year":["2022"],"acf_manufacturer":["Wauquiez"],"acf_model":["Pilot Saloon 48"],"acf_boat_type":[""],"keel_type":["Bulbe"],"displacement":[""],"ballast":[""],"designer":[""],"tank":["650"],"tank_unit":["Litres"],"freshwater_capacity":[""],"engine_quantity":["1"],"engin_type":[""],"engine_manufacturer":["Yanmar"],"engin_model":["4JH3 HTE"],"drive_type":["Prise directe"],"horse_power":["110"],"engine_hours":["145"],"propeller_type":["5 pales"],"propeller_material":["Bronze"],"joystick":["false"],"fuel":["Diesel"],"cabins":["3"],"berths":["6"],"toilet":["0"],"furling_mainsail":["true"],"genoa":["true"],"furling_genoa":["true"],"storm_jib":[""],"asymetric_spinnaker":[""],"gennaker":[""],"battened_mainsail":[""],"symetric_spinnaker_brand":[""],"depthounder":[""],"log_speedometer":["Capteur tri fonctions DST 800"],"wind_speed_direction":[""],"navigation_center":["Ecran Multifonction tactile ES 127 + Un afficheur I 70S"],"autopilot":[""],"compass":["Gyro AV1"],"gps":[""],"ais":["AIS-650 ClassB"],"radar":["Raymarine 4 KW"],"radar_detector":[""],"radio":["Radio CD MP3"],"repeater":[""],"flat_screen_tv":["32&quot; sur \u00e9l\u00e9vateur \u00e9lectrique"],"cockpit_speaker":["Bose, 2022"],"plotter":["true"],"4_5_G":[""],"steering_wheel":[""],"tiller":[""],"spinnaker_pole":[""],"electric_winch":[""],"battery_charger":["true"],"deep_freezer":["true"],"refrigerator":["true"],"chemical_head":["false"],"marine_head":["false"],"electric_head":["false"],"fresh_water_maker":[""],"hot_water":[""],"bow_thruster":["Tunnel (0 Hp)"],"dishwasher":["true"],"manual_bilge_pump":["true"],"washing_machine":["Brandt"],"microwave_oven":["Sharp"],"electric_bilge_pump":["true"],"oven":["Force 10"],"sea_water_pump":[""],"heating":[""],"air_compressor":[""],"air_conditioning":["Webasto"],"stern_thruster":[""],"bimini_top":["true"],"spray_hood":["true"],"cockpit_cover":["true"],"lazyjacks":["false"],"lazy_bag":[""],"genoa_cover":["true"],"davits":["false"],"windlass":["true"],"solar_panel":[""],"swimming_ladder":["true"],"tender":["Osculati"],"gangway":[""],"teak_cockpit":["true"],"hydraulic_gangway":[""],"solar_panel_details":[""],"outboard_engine_brackets":[""],"wind_generator":[""],"inverter":["2000 VA (Mastervolt, 12\/220V - 2000W)"],"generator":["Fisher Panda (2022) 7000 W"],"shore_power_inlet":[""],"forename":["Victor"],"surname":["L\u00e9v\u00eaque"],"phone":["+33 6 43 27 16 01","+33 6 43 27 16 01"],"liferaft":[""],"safety_equipment_firefigting":[""],"safety_equipment_pump":[""],"acf_new_or_used":["Used"],"acf_vessel_lying":["Marseille"],"acf_vat_included":["false"],"acf_boat_category":[""],"pays_visible":["France"],"_yoast_wpseo_title":["A vendre Wauquiez Pilot Saloon 48 <br>2022"],"_yoast_wpseo_focuskw":["sail occasion"],"_yoast_wpseo_metadesc":["Wauquiez Pilot Saloon 48\n\nPilot Saloon 48, le raffinement et la qualit\u00e9 de construction d\u2019un Wauquiez, propos\u00e9 dans une configuration propri\u00e9taire et dans un \u00e9tat irr\u00e9prochable.\n\nCette unit\u00e9e de 2022 est une version trois cabines et deux salles de bain, offrant un confort remarquable \u00e0 bord. La cabine propri\u00e9taire, particuli\u00e8rement spacieuse, b\u00e9n\u00e9ficie d\u2019une belle hauteur sous plafond et d\u2019un am\u00e9nagement soign\u00e9, id\u00e9al pour les longues navigations comme pour la vie au mouillage. Les volumes int\u00e9rieurs sont lumineux et \u00e9l\u00e9gants, avec des finitions haut de gamme.\n\nLe bateau est enti\u00e8rement \u00e9quip\u00e9 pour le confort avec une climatisation r\u00e9versible dans toutes les cabines, un g\u00e9n\u00e9rateur, ainsi qu\u2019une t\u00e9l\u00e9vision \u00e9cran plat 32 pouces mont\u00e9e sur support \u00e9lectrique et d&apos;un un syst\u00e8me audio sign\u00e9 Bose.\n\nC\u00f4t\u00e9 navigation, ce Pilot Saloon 48 dispose d\u2019un \u00e9quipement complet et performant, un propulseur d\u2019\u00e9trave et une \u00e9lectronique Raymarine. Il est motoris\u00e9 par un Yanmar 110cv affichant seulement 145 heures de fonctionnement, coupl\u00e9 \u00e0 une transmission directe et une h\u00e9lice 5 pales assurant une excellente man\u0153uvrabilit\u00e9 dans les ports.\n\nLe gr\u00e9ement est optimis\u00e9 avec un jeu de voiles r\u00e9alis\u00e9 par Etorre, comprenant une grand-voile sur enrouleur de m\u00e2t, un g\u00e9nois et un Code 0, ainsi que des winchs \u00e9lectriques.\n\n\u00c0 l\u2019ext\u00e9rieur, le pont en teck apporte \u00e9l\u00e9gance et confort, tandis que le cockpit accueille des coussins d\u2019assise et un bimini pour profiter pleinement de chaque instant en mer. Le bateau dispose \u00e9galement d\u2019un garage \u00e0 annexe int\u00e9gr\u00e9 ainsi que d\u2019une plateforme de bain sur v\u00e9rins \u00e9lectriques.\n\nCe voilier de propri\u00e9taire, soigneusement entretenu, repr\u00e9sente une opportunit\u00e9 rare d\u2019acqu\u00e9rir une unit\u00e9 r\u00e9cente, parfaitement \u00e9quip\u00e9e et pr\u00eate \u00e0 naviguer.\n\nPour plus d\u2019informations, merci de nous contacter."],"acf_description_en":["Wauquiez Pilot Saloon 48\n\nPilot Saloon 48, the refinement and construction quality of a Wauquiez, offered in an owner&apos;s configuration and in impeccable condition.\n\nThis 2022 unit is a three-cabin, two-bathroom version, offering remarkable comfort on board. The owner&apos;s cabin, particularly spacious, benefits from excellent headroom and careful layout, ideal for long passages as well as anchorage living. The interior volumes are bright and elegant, with high-end finishes.\n\nThe boat is fully equipped for comfort with reversible air conditioning in all cabins, a generator, as well as a 32-inch flat-screen television mounted on an electric bracket and a Bose audio system.\n\nOn the navigation side, this Pilot Saloon 48 features complete and high-performance equipment, a bow thruster and Raymarine electronics. It is powered by a Yanmar 110hp engine showing only 145 hours of operation, coupled with direct transmission and a 5-blade propeller ensuring excellent maneuverability in ports.\n\nThe rigging is optimized with a sail set made by Etorre, comprising a mainsail on a mast roller furler, a genoa and a Code 0, as well as electric winches.\n\nExternally, the teak deck provides elegance and comfort, while the cockpit features seat cushions and a bimini to fully enjoy every moment at sea. The boat also has an integrated tender garage as well as a swim platform on electric rams.\n\nThis owner&apos;s sailboat, carefully maintained, represents a rare opportunity to acquire a recent unit, perfectly equipped and ready to sail.\n\nFor more information, please contact us."],"_wp_page_template":["default"],"_alp_processed":["1776643448"],"_wpml_word_count":["330"],"_wc_gla_synced_at":["1776643480"],"_wc_gla_visibility":["sync-and-show"],"_wc_gla_google_ids":["a:1:{s:2:\"FR\";s:22:\"online:fr:FR:gla_69492\";}"],"_uag_page_assets":["a:9:{s:3:\"css\";s:263:\".uag-blocks-common-selector{z-index:var(--z-index-desktop) !important}@media (max-width: 976px){.uag-blocks-common-selector{z-index:var(--z-index-tablet) !important}}@media (max-width: 767px){.uag-blocks-common-selector{z-index:var(--z-index-mobile) !important}}\n\";s:2:\"js\";s:0:\"\";s:18:\"current_block_list\";a:11:{i:0;s:11:\"core\/search\";i:1;s:10:\"core\/group\";i:2;s:12:\"core\/heading\";i:3;s:17:\"core\/latest-posts\";i:4;s:20:\"core\/latest-comments\";i:5;s:13:\"core\/archives\";i:6;s:15:\"core\/categories\";i:7;s:27:\"woocommerce\/product-filters\";i:8;s:32:\"woocommerce\/product-filter-price\";i:9;s:39:\"woocommerce\/product-filter-price-slider\";i:10;s:11:\"core\/spacer\";}s:8:\"uag_flag\";b:0;s:11:\"uag_version\";s:10:\"1776643456\";s:6:\"gfonts\";a:1:{s:7:\"Default\";a:2:{s:10:\"fontfamily\";s:7:\"Default\";s:12:\"fontvariants\";a:0:{}}}s:10:\"gfonts_url\";s:77:\"https:\/\/fonts.googleapis.com\/css?family=Default&subset=latin&display=fallback\";s:12:\"gfonts_files\";a:0:{}s:14:\"uag_faq_layout\";b:0;}"],"_uag_css_file_name":["uag-css-69492.css"]},"uagb_featured_image_src":{"full":["https:\/\/elissa-yachting.fr\/wp-content\/uploads\/2026\/04\/2022_Wauquiez_Pilot_Saloon_48-101_pLyg9W9.jpeg",1024,683,false],"thumbnail":["https:\/\/elissa-yachting.fr\/wp-content\/uploads\/2026\/04\/2022_Wauquiez_Pilot_Saloon_48-101_pLyg9W9-150x150.jpeg",150,150,true],"medium":["https:\/\/elissa-yachting.fr\/wp-content\/uploads\/2026\/04\/2022_Wauquiez_Pilot_Saloon_48-101_pLyg9W9-300x200.jpeg",300,200,true],"medium_large":["https:\/\/elissa-yachting.fr\/wp-content\/uploads\/2026\/04\/2022_Wauquiez_Pilot_Saloon_48-101_pLyg9W9-768x512.jpeg",768,512,true],"large":["https:\/\/elissa-yachting.fr\/wp-content\/uploads\/2026\/04\/2022_Wauquiez_Pilot_Saloon_48-101_pLyg9W9.jpeg",1024,683,false],"1536x1536":["https:\/\/elissa-yachting.fr\/wp-content\/uploads\/2026\/04\/2022_Wauquiez_Pilot_Saloon_48-101_pLyg9W9.jpeg",1024,683,false],"2048x2048":["https:\/\/elissa-yachting.fr\/wp-content\/uploads\/2026\/04\/2022_Wauquiez_Pilot_Saloon_48-101_pLyg9W9.jpeg",1024,683,false],"woocommerce_thumbnail":["https:\/\/elissa-yachting.fr\/wp-content\/uploads\/2026\/04\/2022_Wauquiez_Pilot_Saloon_48-101_pLyg9W9-400x267.jpeg",400,267,true],"woocommerce_single":["https:\/\/elissa-yachting.fr\/wp-content\/uploads\/2026\/04\/2022_Wauquiez_Pilot_Saloon_48-101_pLyg9W9-612x408.jpeg",612,408,true],"woocommerce_gallery_thumbnail":["https:\/\/elissa-yachting.fr\/wp-content\/uploads\/2026\/04\/2022_Wauquiez_Pilot_Saloon_48-101_pLyg9W9-100x100.jpeg",100,100,true]},"uagb_author_info":{"display_name":"","author_link":"https:\/\/elissa-yachting.fr\/en\/author"},"uagb_comment_info":0,"uagb_excerpt":"Wauquiez Pilot Saloon 48 -2022 Wauquiez Pilot Saloon 48 Pilot Saloon 48, le raffinement et la qualit\u00e9 de construction d\u2019un [&hellip;]","_links":{"self":[{"href":"https:\/\/elissa-yachting.fr\/en\/wp-json\/wp\/v2\/product\/69492","targetHints":{"allow":["GET"]}}],"collection":[{"href":"https:\/\/elissa-yachting.fr\/en\/wp-json\/wp\/v2\/product"}],"about":[{"href":"https:\/\/elissa-yachting.fr\/en\/wp-json\/wp\/v2\/types\/product"}],"wp:featuredmedia":[{"embeddable":true,"href":"https:\/\/elissa-yachting.fr\/en\/wp-json\/wp\/v2\/media\/69493"}],"wp:attachment":[{"href":"https:\/\/elissa-yachting.fr\/en\/wp-json\/wp\/v2\/media?parent=69492"}],"wp:term":[{"taxonomy":"product_brand","embeddable":true,"href":"https:\/\/elissa-yachting.fr\/en\/wp-json\/wp\/v2\/product_brand?post=69492"},{"taxonomy":"product_cat","embeddable":true,"href":"https:\/\/elissa-yachting.fr\/en\/wp-json\/wp\/v2\/product_cat?post=69492"},{"taxonomy":"product_tag","embeddable":true,"href":"https:\/\/elissa-yachting.fr\/en\/wp-json\/wp\/v2\/product_tag?post=69492"},{"taxonomy":"broker","embeddable":true,"href":"https:\/\/elissa-yachting.fr\/en\/wp-json\/wp\/v2\/broker?post=69492"}],"curies":[{"name":"wp","href":"https:\/\/api.w.org\/{rel}","templated":true}]}}