{"id":69532,"date":"2026-04-24T02:03:16","date_gmt":"2026-04-24T00:03:16","guid":{"rendered":"https:\/\/elissa-yachting.fr\/produit\/beneteau-monte-carlo-37-2007"},"modified":"2026-05-02T02:03:03","modified_gmt":"2026-05-02T00:03:03","slug":"beneteau-monte-carlo-37-2007","status":"publish","type":"product","link":"https:\/\/elissa-yachting.fr\/en\/produit\/beneteau-monte-carlo-37-2007","title":{"rendered":"BENETEAU MONTE CARLO 37 <br>2007"},"content":{"rendered":"<h1>BENETEAU MONTE CARLO 37 -2007<\/h1>\n<p>BENETEAU MONTE CARLO 37<\/p>\n<p>Superbe Monte Carlo 37 de 2007<\/p>\n<p>\u00c0 l\u2019int\u00e9rieur, vous d\u00e9couvrirez deux cabines confortables : une cabine double et une cabine avec deux lits simples, ainsi qu\u2019une salle d\u2019eau et une cuisine enti\u00e8rement \u00e9quip\u00e9e.<\/p>\n<p>Ce bateau est propuls\u00e9 par deux moteurs Volvo Penta D4 260cv en Z-drive, totalisant 720 heures d\u2019utilisation, et dispose \u00e9galement d\u2019un propulseur d\u2019\u00e9trave. La consommation reste raisonnable \u00e0 vitesse de croisi\u00e8re, avec environ 25 L\/h par moteur \u00e0 18 n\u0153uds. Les moteurs ont toujours \u00e9t\u00e9 entretenus par des professionnels, et les \u00e9changeurs ont \u00e9t\u00e9 r\u00e9vis\u00e9s en 2024.<\/p>\n<p>La sellerie et le taud sont r\u00e9cents et en excellent \u00e9tat. En 2026, un polish de coque a \u00e9t\u00e9 effectu\u00e9 et un covering neuf a \u00e9t\u00e9 pos\u00e9. Les quatre batteries de servitude ont \u00e9t\u00e9 remplac\u00e9es en 2025.<\/p>\n<p>Le bateau est actuellement stock\u00e9 \u00e0 sec.<\/p>\n<p>N\u2019h\u00e9sitez pas \u00e0 nous contacter pour obtenir l\u2019inventaire complet, des photos suppl\u00e9mentaires ou pour organiser une visite.<\/p>\n","protected":false},"excerpt":{"rendered":"<p>BENETEAU MONTE CARLO 37 -2007 BENETEAU MONTE CARLO 37 Superbe Monte Carlo 37 de 2007 \u00c0 l\u2019int\u00e9rieur, vous d\u00e9couvrirez deux [&hellip;]<\/p>\n","protected":false},"featured_media":69533,"template":"","meta":{"_acf_changed":false,"_uag_custom_page_level_css":"","site-sidebar-layout":"default","site-content-layout":"","ast-site-content-layout":"default","site-content-style":"default","site-sidebar-style":"default","ast-global-header-display":"","ast-banner-title-visibility":"","ast-main-header-display":"","ast-hfb-above-header-display":"","ast-hfb-below-header-display":"","ast-hfb-mobile-header-display":"","site-post-title":"","ast-breadcrumbs-content":"","ast-featured-img":"","footer-sml-layout":"","ast-disable-related-posts":"","theme-transparent-header-meta":"","adv-header-id-meta":"","stick-header-meta":"","header-above-stick-meta":"","header-main-stick-meta":"","header-below-stick-meta":"","astra-migrate-meta-layouts":"default","ast-page-background-enabled":"default","ast-page-background-meta":{"desktop":{"background-color":"var(--ast-global-color-5)","background-image":"","background-repeat":"repeat","background-position":"center center","background-size":"auto","background-attachment":"scroll","background-type":"","background-media":"","overlay-type":"","overlay-color":"","overlay-opacity":"","overlay-gradient":""},"tablet":{"background-color":"","background-image":"","background-repeat":"repeat","background-position":"center center","background-size":"auto","background-attachment":"scroll","background-type":"","background-media":"","overlay-type":"","overlay-color":"","overlay-opacity":"","overlay-gradient":""},"mobile":{"background-color":"","background-image":"","background-repeat":"repeat","background-position":"center center","background-size":"auto","background-attachment":"scroll","background-type":"","background-media":"","overlay-type":"","overlay-color":"","overlay-opacity":"","overlay-gradient":""}},"ast-content-background-meta":{"desktop":{"background-color":"var(--ast-global-color-4)","background-image":"","background-repeat":"repeat","background-position":"center center","background-size":"auto","background-attachment":"scroll","background-type":"","background-media":"","overlay-type":"","overlay-color":"","overlay-opacity":"","overlay-gradient":""},"tablet":{"background-color":"var(--ast-global-color-4)","background-image":"","background-repeat":"repeat","background-position":"center center","background-size":"auto","background-attachment":"scroll","background-type":"","background-media":"","overlay-type":"","overlay-color":"","overlay-opacity":"","overlay-gradient":""},"mobile":{"background-color":"var(--ast-global-color-4)","background-image":"","background-repeat":"repeat","background-position":"center center","background-size":"auto","background-attachment":"scroll","background-type":"","background-media":"","overlay-type":"","overlay-color":"","overlay-opacity":"","overlay-gradient":""}}},"product_brand":[54],"product_cat":[133,125],"product_tag":[],"broker":[110],"class_list":{"0":"post-69532","1":"product","2":"type-product","3":"status-publish","4":"has-post-thumbnail","6":"product_brand-beneteau","7":"product_cat-moteur","8":"product_cat-motor-yacht","9":"broker-victor","10":"desktop-align-left","11":"tablet-align-left","12":"mobile-align-left","13":"ast-product-gallery-layout-horizontal-slider","14":"ast-magnify-disabled","15":"ast-product-tabs-layout-horizontal","17":"first","18":"instock","19":"purchasable","20":"product-type-simple"},"acf":[],"spectra_custom_meta":{"total_sales":["0"],"_tax_status":["none"],"_tax_class":[""],"_manage_stock":["no"],"_backorders":["no"],"_sold_individually":["no"],"_virtual":["no"],"_downloadable":["no"],"_download_limit":["-1"],"_download_expiry":["-1"],"_stock":[null],"_stock_status":["instock"],"_thumbnail_id":["69533"],"_product_image_gallery":["69534,69535,69536,69537,69538,69539,69540,69541,69542,69543,69544,69545,69546,69547,69548,69549,"],"_wc_review_count":["0"],"_wc_rating_count":["0"],"_wc_average_rating":["0"],"_sku":["af723520-7c45-4cb2-b18f-57eeae70f1f4"],"_regular_price":["115000"],"_product_version":["10.7.0"],"_price":["115000"],"_wc_gla_sync_status":["synced"],"loa":["12.12"],"lod":["11.31"],"lwl":[""],"beam":["3.77"],"draft":["1.1"],"min_draft":[""],"air_draft":[""],"year":["2007"],"acf_manufacturer":["BENETEAU"],"acf_model":["MONTE CARLO 37"],"acf_boat_type":[""],"keel_type":[""],"displacement":[""],"ballast":[""],"designer":[""],"tank":["600"],"tank_unit":["Litres"],"freshwater_capacity":[""],"engine_quantity":["2"],"engin_type":[""],"engine_manufacturer":["Volvo Penta"],"engin_model":["D4"],"drive_type":["Z-drive"],"horse_power":["260"],"engine_hours":["720"],"propeller_type":[""],"propeller_material":[""],"joystick":["false"],"fuel":["Diesel"],"cabins":["2"],"berths":["4"],"toilet":["0"],"furling_mainsail":["false"],"genoa":["false"],"furling_genoa":["false"],"storm_jib":[""],"asymetric_spinnaker":[""],"gennaker":[""],"battened_mainsail":[""],"symetric_spinnaker_brand":[""],"depthounder":["Raymarine"],"log_speedometer":[""],"wind_speed_direction":[""],"navigation_center":["Raymarine E120"],"autopilot":["Raymarine, ST6002"],"compass":["Plastimo Offshore 75"],"gps":[""],"ais":[""],"radar":[""],"radar_detector":[""],"radio":[""],"repeater":[""],"flat_screen_tv":["2 x Sony taille moyenne"],"cockpit_speaker":["Fusion, 2023"],"plotter":["true"],"4_5_G":[""],"steering_wheel":[""],"tiller":[""],"spinnaker_pole":[""],"electric_winch":[""],"battery_charger":["true"],"deep_freezer":["false"],"refrigerator":["true"],"chemical_head":["false"],"marine_head":["false"],"electric_head":["false"],"fresh_water_maker":[""],"hot_water":[""],"bow_thruster":["Tunnel (0 Hp)"],"dishwasher":[""],"manual_bilge_pump":["true"],"washing_machine":[""],"microwave_oven":["Sharp R-26ST"],"electric_bilge_pump":["true"],"oven":[""],"sea_water_pump":[""],"heating":[""],"air_compressor":[""],"air_conditioning":[""],"stern_thruster":[""],"bimini_top":["true"],"spray_hood":["true"],"cockpit_cover":["true"],"lazyjacks":["false"],"lazy_bag":[""],"genoa_cover":[""],"davits":["false"],"windlass":["true"],"solar_panel":[""],"swimming_ladder":["true"],"tender":[""],"gangway":[""],"teak_cockpit":[""],"hydraulic_gangway":["true"],"solar_panel_details":[""],"outboard_engine_brackets":[""],"wind_generator":[""],"inverter":[""],"generator":[""],"shore_power_inlet":["30A"],"forename":["Victor"],"surname":["L\u00e9v\u00eaque"],"phone":["+33 6 43 27 16 01","+33 6 43 27 16 01"],"liferaft":[""],"safety_equipment_firefigting":[""],"safety_equipment_pump":[""],"acf_new_or_used":["Used"],"acf_vessel_lying":["Marseille"],"acf_vat_included":["true"],"acf_boat_category":[""],"pays_visible":["France"],"_yoast_wpseo_title":["A vendre BENETEAU MONTE CARLO 37 <br>2007"],"_yoast_wpseo_focuskw":["motor occasion"],"_yoast_wpseo_metadesc":["BENETEAU MONTE CARLO 37\n\nSuperbe Monte Carlo 37 de 2007\n\n\u00c0 l\u2019int\u00e9rieur, vous d\u00e9couvrirez deux cabines confortables : une cabine double et une cabine avec deux lits simples, ainsi qu\u2019une salle d\u2019eau et une cuisine enti\u00e8rement \u00e9quip\u00e9e.\n\nCe bateau est propuls\u00e9 par deux moteurs Volvo Penta D4 260cv en Z-drive, totalisant 720 heures d\u2019utilisation, et dispose \u00e9galement d\u2019un propulseur d\u2019\u00e9trave. La consommation reste raisonnable \u00e0 vitesse de croisi\u00e8re, avec environ 25 L\/h par moteur \u00e0 18 n\u0153uds. Les moteurs ont toujours \u00e9t\u00e9 entretenus par des professionnels, et les \u00e9changeurs ont \u00e9t\u00e9 r\u00e9vis\u00e9s en 2024.\n\nLa sellerie et le taud sont r\u00e9cents et en excellent \u00e9tat. En 2026, un polish de coque a \u00e9t\u00e9 effectu\u00e9 et un covering neuf a \u00e9t\u00e9 pos\u00e9. Les quatre batteries de servitude ont \u00e9t\u00e9 remplac\u00e9es en 2025.\n\nLe bateau est actuellement stock\u00e9 \u00e0 sec.\n\nN\u2019h\u00e9sitez pas \u00e0 nous contacter pour obtenir l\u2019inventaire complet, des photos suppl\u00e9mentaires ou pour organiser une visite."],"acf_description_en":["BENETEAU MONTE CARLO 37\n\nSuperb Monte Carlo 37 from 2007\n\nInside, you will discover two comfortable cabins: a master cabin and a cabin with two single beds, as well as a head and a fully equipped galley.\n\nThis vessel is powered by two Volvo Penta D4 260hp engines with Z-drive, totaling 720 hours of operation, and also features a bow thruster. Fuel consumption remains reasonable at cruising speed, with approximately 25 L\/h per engine at 18 knots. The engines have always been serviced by professionals, and the heat exchangers were overhauled in 2024.\n\nThe upholstery and bimini top are recent and in excellent condition. In 2026, a hull polish was performed and new covering was applied. The four service batteries were replaced in 2025.\n\nThe vessel is currently stored ashore.\n\nFeel free to contact us to obtain the complete inventory, additional photos, or to arrange a viewing."],"_wp_page_template":["default"],"_alp_processed":["1777680183"],"_wpml_word_count":["172"],"_wc_gla_synced_at":["1777680239"],"_wc_gla_visibility":["sync-and-show"],"_wc_gla_google_ids":["a:1:{s:2:\"FR\";s:22:\"online:fr:FR:gla_69532\";}"],"_uag_page_assets":["a:9:{s:3:\"css\";s:260:\".uag-blocks-common-selector{z-index:var(--z-index-desktop) !important}@media(max-width: 976px){.uag-blocks-common-selector{z-index:var(--z-index-tablet) !important}}@media(max-width: 767px){.uag-blocks-common-selector{z-index:var(--z-index-mobile) !important}}\";s:2:\"js\";s:0:\"\";s:18:\"current_block_list\";a:11:{i:0;s:11:\"core\/search\";i:1;s:10:\"core\/group\";i:2;s:12:\"core\/heading\";i:3;s:17:\"core\/latest-posts\";i:4;s:20:\"core\/latest-comments\";i:5;s:13:\"core\/archives\";i:6;s:15:\"core\/categories\";i:7;s:27:\"woocommerce\/product-filters\";i:8;s:32:\"woocommerce\/product-filter-price\";i:9;s:39:\"woocommerce\/product-filter-price-slider\";i:10;s:11:\"core\/spacer\";}s:8:\"uag_flag\";b:0;s:11:\"uag_version\";s:10:\"1777680214\";s:6:\"gfonts\";a:1:{s:7:\"Default\";a:2:{s:10:\"fontfamily\";s:7:\"Default\";s:12:\"fontvariants\";a:0:{}}}s:10:\"gfonts_url\";s:77:\"https:\/\/fonts.googleapis.com\/css?family=Default&subset=latin&display=fallback\";s:12:\"gfonts_files\";a:0:{}s:14:\"uag_faq_layout\";b:0;}"],"_uag_css_file_name":["uag-css-69532.css"]},"uagb_featured_image_src":{"full":["https:\/\/elissa-yachting.fr\/wp-content\/uploads\/2026\/04\/2007-Monte-Carlo-37-10_3PSo4PR.jpeg",1024,683,false],"thumbnail":["https:\/\/elissa-yachting.fr\/wp-content\/uploads\/2026\/04\/2007-Monte-Carlo-37-10_3PSo4PR-150x150.jpeg",150,150,true],"medium":["https:\/\/elissa-yachting.fr\/wp-content\/uploads\/2026\/04\/2007-Monte-Carlo-37-10_3PSo4PR-300x200.jpeg",300,200,true],"medium_large":["https:\/\/elissa-yachting.fr\/wp-content\/uploads\/2026\/04\/2007-Monte-Carlo-37-10_3PSo4PR-768x512.jpeg",768,512,true],"large":["https:\/\/elissa-yachting.fr\/wp-content\/uploads\/2026\/04\/2007-Monte-Carlo-37-10_3PSo4PR.jpeg",1024,683,false],"1536x1536":["https:\/\/elissa-yachting.fr\/wp-content\/uploads\/2026\/04\/2007-Monte-Carlo-37-10_3PSo4PR.jpeg",1024,683,false],"2048x2048":["https:\/\/elissa-yachting.fr\/wp-content\/uploads\/2026\/04\/2007-Monte-Carlo-37-10_3PSo4PR.jpeg",1024,683,false],"woocommerce_thumbnail":["https:\/\/elissa-yachting.fr\/wp-content\/uploads\/2026\/04\/2007-Monte-Carlo-37-10_3PSo4PR-400x267.jpeg",400,267,true],"woocommerce_single":["https:\/\/elissa-yachting.fr\/wp-content\/uploads\/2026\/04\/2007-Monte-Carlo-37-10_3PSo4PR-612x408.jpeg",612,408,true],"woocommerce_gallery_thumbnail":["https:\/\/elissa-yachting.fr\/wp-content\/uploads\/2026\/04\/2007-Monte-Carlo-37-10_3PSo4PR-100x100.jpeg",100,100,true]},"uagb_author_info":{"display_name":"","author_link":"https:\/\/elissa-yachting.fr\/en\/author"},"uagb_comment_info":0,"uagb_excerpt":"BENETEAU MONTE CARLO 37 -2007 BENETEAU MONTE CARLO 37 Superbe Monte Carlo 37 de 2007 \u00c0 l\u2019int\u00e9rieur, vous d\u00e9couvrirez deux [&hellip;]","_links":{"self":[{"href":"https:\/\/elissa-yachting.fr\/en\/wp-json\/wp\/v2\/product\/69532","targetHints":{"allow":["GET"]}}],"collection":[{"href":"https:\/\/elissa-yachting.fr\/en\/wp-json\/wp\/v2\/product"}],"about":[{"href":"https:\/\/elissa-yachting.fr\/en\/wp-json\/wp\/v2\/types\/product"}],"wp:featuredmedia":[{"embeddable":true,"href":"https:\/\/elissa-yachting.fr\/en\/wp-json\/wp\/v2\/media\/69533"}],"wp:attachment":[{"href":"https:\/\/elissa-yachting.fr\/en\/wp-json\/wp\/v2\/media?parent=69532"}],"wp:term":[{"taxonomy":"product_brand","embeddable":true,"href":"https:\/\/elissa-yachting.fr\/en\/wp-json\/wp\/v2\/product_brand?post=69532"},{"taxonomy":"product_cat","embeddable":true,"href":"https:\/\/elissa-yachting.fr\/en\/wp-json\/wp\/v2\/product_cat?post=69532"},{"taxonomy":"product_tag","embeddable":true,"href":"https:\/\/elissa-yachting.fr\/en\/wp-json\/wp\/v2\/product_tag?post=69532"},{"taxonomy":"broker","embeddable":true,"href":"https:\/\/elissa-yachting.fr\/en\/wp-json\/wp\/v2\/broker?post=69532"}],"curies":[{"name":"wp","href":"https:\/\/api.w.org\/{rel}","templated":true}]}}