{"id":70041,"date":"2026-05-09T02:02:54","date_gmt":"2026-05-09T00:02:54","guid":{"rendered":"https:\/\/elissa-yachting.fr\/produit\/excess-11-2021"},"modified":"2026-05-11T02:02:55","modified_gmt":"2026-05-11T00:02:55","slug":"excess-11-2021","status":"publish","type":"product","link":"https:\/\/elissa-yachting.fr\/en\/produit\/excess-11-2021","title":{"rendered":"Excess 11 <br>2021"},"content":{"rendered":"<h1>Excess 11 -2021<\/h1>\n<p>Excess 11<\/p>\n<p>Catamaran Excess 11 \u2013 2022 \u2013 Version 4 cabines \/ 2 salles d\u2019eau \u2013 Disponible en Martinique<\/p>\n<p>Superbe Excess 11 construit en 2021, mod\u00e8le 2022, disponible imm\u00e9diatement en Martinique. Reprise de LOA possible pour un citoyen europ\u00e9en. Bateau sous pavillon fran\u00e7ais avec TVA europ\u00e9enne pay\u00e9e (si reprise de LOA).<\/p>\n<p>L\u2019Excess 11 est aujourd\u2019hui l\u2019un des rares catamarans de moins de 12 m\u00e8tres \u00e0 offrir un v\u00e9ritable programme hauturier avec un excellent compromis entre sensations de navigation, simplicit\u00e9 de man\u0153uvre et confort de vie \u00e0 bord. Cette version 4 cabines \u2013 2 salles d\u2019eau propose une configuration particuli\u00e8rement recherch\u00e9e pour un usage familial, la grande croisi\u00e8re ou un programme de location aux Antilles. Les deux pointes avant am\u00e9nag\u00e9es avec matelas offrent des couchages ou espaces de rangement suppl\u00e9mentaires tr\u00e8s appr\u00e9ciables \u00e0 bord.<\/p>\n<p>Le cockpit et le carr\u00e9 b\u00e9n\u00e9ficient d\u2019une circulation fluide et conviviale avec une cuisine en L ouverte sur l\u2019ext\u00e9rieur, une table de carr\u00e9 confortable ainsi qu\u2019une excellente ventilation naturelle gr\u00e2ce aux nombreux panneaux ouvrants. Les ventilateurs 12V install\u00e9s dans les cabines et le carr\u00e9 renforcent le confort sous climat tropical. Le bateau dispose d\u2019un \u00e9quipement particuli\u00e8rement coh\u00e9rent pour la navigation autonome avec un parc solaire orientable de 480 W, un parc batteries AGM remplac\u00e9 en avril 2026, un pilote automatique et un \u00e9quipement \u00e9lectronique Raymarine complet et moderne comprenant AIS, VHF ASN et \u00e9cran Axiom au poste de barre tribord.<\/p>\n<p>Sous voiles, cet Excess 11 offre un comportement marin tr\u00e8s appr\u00e9ci\u00e9 avec une grand-voile full batten, un foc auto-vireur et un gennaker sur chaussette permettant d\u2019optimiser les performances dans le petit temps tout en conservant des man\u0153uvres simples en \u00e9quipage r\u00e9duit. Le double poste de barre signature de la gamme procure d\u2019excellentes sensations \u00e0 la barre et une visibilit\u00e9 directe sur les voiles et la mer. Les nombreuses options de confort \u00e0 bord incluent notamment les biminis aux deux postes de barre, les coussins de cockpit, le pack audio Fusion Apollo, l&apos;annexe \u00e9quip\u00e9e de son moteur Mercury 6 cv ainsi qu\u2019un \u00e9quipement de s\u00e9curit\u00e9 complet.<\/p>\n<p>Ce catamaran pr\u00eat \u00e0 naviguer repr\u00e9sente une excellente opportunit\u00e9 pour un programme de croisi\u00e8re imm\u00e9diat aux Antilles ou un d\u00e9part pour un grand voyage.<\/p>\n<p>Un dossier complet comprenant photos, vid\u00e9os, visite 3D et inventaire d\u00e9taill\u00e9 est disponible sur demande.<\/p>\n","protected":false},"excerpt":{"rendered":"<p>Excess 11 -2021 Excess 11 Catamaran Excess 11 \u2013 2022 \u2013 Version 4 cabines \/ 2 salles d\u2019eau \u2013 Disponible [&hellip;]<\/p>\n","protected":false},"featured_media":70042,"template":"","meta":{"_acf_changed":false,"_uag_custom_page_level_css":"","site-sidebar-layout":"default","site-content-layout":"","ast-site-content-layout":"default","site-content-style":"default","site-sidebar-style":"default","ast-global-header-display":"","ast-banner-title-visibility":"","ast-main-header-display":"","ast-hfb-above-header-display":"","ast-hfb-below-header-display":"","ast-hfb-mobile-header-display":"","site-post-title":"","ast-breadcrumbs-content":"","ast-featured-img":"","footer-sml-layout":"","ast-disable-related-posts":"","theme-transparent-header-meta":"","adv-header-id-meta":"","stick-header-meta":"","header-above-stick-meta":"","header-main-stick-meta":"","header-below-stick-meta":"","astra-migrate-meta-layouts":"default","ast-page-background-enabled":"default","ast-page-background-meta":{"desktop":{"background-color":"var(--ast-global-color-5)","background-image":"","background-repeat":"repeat","background-position":"center center","background-size":"auto","background-attachment":"scroll","background-type":"","background-media":"","overlay-type":"","overlay-color":"","overlay-opacity":"","overlay-gradient":""},"tablet":{"background-color":"","background-image":"","background-repeat":"repeat","background-position":"center center","background-size":"auto","background-attachment":"scroll","background-type":"","background-media":"","overlay-type":"","overlay-color":"","overlay-opacity":"","overlay-gradient":""},"mobile":{"background-color":"","background-image":"","background-repeat":"repeat","background-position":"center center","background-size":"auto","background-attachment":"scroll","background-type":"","background-media":"","overlay-type":"","overlay-color":"","overlay-opacity":"","overlay-gradient":""}},"ast-content-background-meta":{"desktop":{"background-color":"var(--ast-global-color-4)","background-image":"","background-repeat":"repeat","background-position":"center center","background-size":"auto","background-attachment":"scroll","background-type":"","background-media":"","overlay-type":"","overlay-color":"","overlay-opacity":"","overlay-gradient":""},"tablet":{"background-color":"var(--ast-global-color-4)","background-image":"","background-repeat":"repeat","background-position":"center center","background-size":"auto","background-attachment":"scroll","background-type":"","background-media":"","overlay-type":"","overlay-color":"","overlay-opacity":"","overlay-gradient":""},"mobile":{"background-color":"var(--ast-global-color-4)","background-image":"","background-repeat":"repeat","background-position":"center center","background-size":"auto","background-attachment":"scroll","background-type":"","background-media":"","overlay-type":"","overlay-color":"","overlay-opacity":"","overlay-gradient":""}}},"product_brand":[92],"product_cat":[127,130],"product_tag":[],"broker":[111],"class_list":{"0":"post-70041","1":"product","2":"type-product","3":"status-publish","4":"has-post-thumbnail","6":"product_brand-excess","7":"product_cat-catamaran","8":"product_cat-multicoque","9":"broker-vincent","10":"desktop-align-left","11":"tablet-align-left","12":"mobile-align-left","13":"ast-product-gallery-layout-horizontal-slider","14":"ast-magnify-disabled","15":"ast-product-tabs-layout-horizontal","17":"first","18":"instock","19":"purchasable","20":"product-type-simple"},"acf":[],"spectra_custom_meta":{"total_sales":["0"],"_regular_price":["318000"],"_tax_status":["none"],"_tax_class":[""],"_manage_stock":["no"],"_backorders":["no"],"_sold_individually":["no"],"_virtual":["no"],"_downloadable":["no"],"_download_limit":["-1"],"_download_expiry":["-1"],"_stock":[null],"_stock_status":["instock"],"_thumbnail_id":["70042"],"_product_image_gallery":["70043,70044,70045,70046,70047,70048,70049,70050,70051,70052,70053,70054,70055,70056,70057,70058,70059,70060,70061,70062,70063,70064,70065,70066,70067,70068,70069,70070,70071,"],"_wc_review_count":["0"],"_wc_rating_count":["0"],"_wc_average_rating":["0"],"_sku":["10177117"],"_sale_price":[""],"_product_version":["10.7.0"],"_last_change_time":["1778457775"],"_price":["318000"],"_wc_gla_sync_status":["synced"],"loa":["11.42"],"lod":["11.33"],"lwl":[""],"beam":["6.59"],"draft":["1.15"],"min_draft":[""],"air_draft":[""],"year":["2021"],"acf_manufacturer":["Excess"],"acf_model":["11"],"acf_boat_type":[""],"keel_type":["Quille"],"displacement":["11000"],"ballast":[""],"designer":[""],"tank":["400"],"tank_unit":["Litres"],"freshwater_capacity":[""],"engine_quantity":["1"],"engin_type":[""],"engine_manufacturer":["Yanmar"],"engin_model":["3YM30A"],"drive_type":["Sail-drive"],"horse_power":["29"],"engine_hours":["1485"],"propeller_type":["2 pales"],"propeller_material":["Aluminium"],"joystick":["false"],"fuel":["Diesel"],"cabins":["4"],"berths":["10"],"toilet":["0"],"furling_mainsail":["false"],"genoa":["false"],"furling_genoa":["false"],"storm_jib":[""],"asymetric_spinnaker":[""],"gennaker":["Stormlite 2.1 OZ"],"battened_mainsail":["true"],"symetric_spinnaker_brand":[""],"depthounder":["Raymarine"],"log_speedometer":["Raymarine"],"wind_speed_direction":["Raymarine"],"navigation_center":["Axiom 7&quot; au poste de barre tribord"],"autopilot":["Raymarine I70S P70"],"compass":[""],"gps":["Raymarine"],"ais":["\u00e9metteur \/ r\u00e9cepteur EM Track 900"],"radar":[""],"radar_detector":[""],"radio":["Pack Fusion Apollo RA670"],"repeater":[""],"flat_screen_tv":[""],"cockpit_speaker":["Pack Fusion Apollo RA670"],"plotter":["true"],"4_5_G":[""],"steering_wheel":[""],"tiller":[""],"spinnaker_pole":[""],"electric_winch":[""],"battery_charger":["true"],"deep_freezer":["true"],"refrigerator":["true"],"chemical_head":["false"],"marine_head":["false"],"electric_head":["false"],"fresh_water_maker":[""],"hot_water":[""],"bow_thruster":[""],"dishwasher":[""],"manual_bilge_pump":["true"],"washing_machine":[""],"microwave_oven":[""],"electric_bilge_pump":["true"],"oven":["Eno"],"sea_water_pump":[""],"heating":[""],"air_compressor":[""],"air_conditioning":[""],"stern_thruster":[""],"bimini_top":["true"],"spray_hood":["true"],"cockpit_cover":["true"],"lazyjacks":["true"],"lazy_bag":["true"],"genoa_cover":["true"],"davits":["true"],"windlass":["true"],"solar_panel":["120 W orientables sur bossoirs en inox"],"swimming_ladder":["true"],"tender":["Hercules 310"],"gangway":[""],"teak_cockpit":[""],"hydraulic_gangway":[""],"solar_panel_details":[""],"outboard_engine_brackets":[""],"wind_generator":[""],"inverter":[""],"generator":[""],"shore_power_inlet":["true"],"forename":["Vincent"],"surname":["Vall\u00e9e"],"phone":["+33 7 49 42 89 57","+33 7 49 42 89 57"],"liferaft":[""],"safety_equipment_firefigting":[""],"safety_equipment_pump":[""],"acf_new_or_used":["Used"],"acf_vessel_lying":["Le Marin, Martinique"],"acf_vat_included":["true"],"acf_boat_category":[""],"pays_visible":["mq"],"_yoast_wpseo_title":["A vendre Excess 11 <br>2021"],"_yoast_wpseo_focuskw":["sail occasion"],"_yoast_wpseo_metadesc":["Excess 11\n\nCatamaran Excess 11 \u2013 2022 \u2013 Version 4 cabines \/ 2 salles d\u2019eau \u2013 Disponible en Martinique\n\nSuperbe Excess 11 construit en 2021, mod\u00e8le 2022, disponible imm\u00e9diatement en Martinique. Reprise de LOA possible pour un citoyen europ\u00e9en. Bateau sous pavillon fran\u00e7ais avec TVA europ\u00e9enne pay\u00e9e (si reprise de LOA).\n\nL\u2019Excess 11 est aujourd\u2019hui l\u2019un des rares catamarans de moins de 12 m\u00e8tres \u00e0 offrir un v\u00e9ritable programme hauturier avec un excellent compromis entre sensations de navigation, simplicit\u00e9 de man\u0153uvre et confort de vie \u00e0 bord. Cette version 4 cabines \u2013 2 salles d\u2019eau propose une configuration particuli\u00e8rement recherch\u00e9e pour un usage familial, la grande croisi\u00e8re ou un programme de location aux Antilles. Les deux pointes avant am\u00e9nag\u00e9es avec matelas offrent des couchages ou espaces de rangement suppl\u00e9mentaires tr\u00e8s appr\u00e9ciables \u00e0 bord.\n\nLe cockpit et le carr\u00e9 b\u00e9n\u00e9ficient d\u2019une circulation fluide et conviviale avec une cuisine en L ouverte sur l\u2019ext\u00e9rieur, une table de carr\u00e9 confortable ainsi qu\u2019une excellente ventilation naturelle gr\u00e2ce aux nombreux panneaux ouvrants. Les ventilateurs 12V install\u00e9s dans les cabines et le carr\u00e9 renforcent le confort sous climat tropical. Le bateau dispose d\u2019un \u00e9quipement particuli\u00e8rement coh\u00e9rent pour la navigation autonome avec un parc solaire orientable de 480 W, un parc batteries AGM remplac\u00e9 en avril 2026, un pilote automatique et un \u00e9quipement \u00e9lectronique Raymarine complet et moderne comprenant AIS, VHF ASN et \u00e9cran Axiom au poste de barre tribord.\n\nSous voiles, cet Excess 11 offre un comportement marin tr\u00e8s appr\u00e9ci\u00e9 avec une grand-voile full batten, un foc auto-vireur et un gennaker sur chaussette permettant d\u2019optimiser les performances dans le petit temps tout en conservant des man\u0153uvres simples en \u00e9quipage r\u00e9duit. Le double poste de barre signature de la gamme procure d\u2019excellentes sensations \u00e0 la barre et une visibilit\u00e9 directe sur les voiles et la mer. Les nombreuses options de confort \u00e0 bord incluent notamment les biminis aux deux postes de barre, les coussins de cockpit, le pack audio Fusion Apollo, l&apos;annexe \u00e9quip\u00e9e de son moteur Mercury 6 cv ainsi qu\u2019un \u00e9quipement de s\u00e9curit\u00e9 complet.\n\nCe catamaran pr\u00eat \u00e0 naviguer repr\u00e9sente une excellente opportunit\u00e9 pour un programme de croisi\u00e8re imm\u00e9diat aux Antilles ou un d\u00e9part pour un grand voyage.\n\nUn dossier complet comprenant photos, vid\u00e9os, visite 3D et inventaire d\u00e9taill\u00e9 est disponible sur demande."],"acf_description_en":["Excess 11\n\nCatamaran Excess 11 \u2013 2022 \u2013 4 Cabin \/ 2 Head Version \u2013 Available in Martinique\n\nSuperb Excess 11 built in 2021, 2022 model, immediately available in Martinique. Bareboat charter takeover possible for a European citizen. Vessel under French flag with European VAT paid (if bareboat charter takeover).\n\nThe Excess 11 is today one of the rare catamarans under 12 meters offering a genuine offshore cruising program with an excellent compromise between sailing performance, ease of handling and onboard comfort. This 4 cabin \u2013 2 head version offers a particularly sought-after configuration for family use, cruising or a charter program in the Caribbean. The two forward cabins fitted with mattresses provide additional berths or storage spaces that are highly appreciated onboard.\n\nThe cockpit and saloon benefit from fluid and convivial circulation with an L-shaped galley opening to the exterior, a comfortable saloon table as well as excellent natural ventilation thanks to numerous opening ports. 12V fans installed in the cabins and saloon enhance comfort in tropical climates. The vessel is equipped with particularly coherent equipment for autonomous sailing with an adjustable solar panel array of 480 W, an AGM battery bank replaced in April 2026, an autopilot and complete modern Raymarine electronic equipment including AIS, VHF ASN and Axiom display at the starboard helm station.\n\nUnder sail, this Excess 11 offers highly appreciated seaworthiness with a full batten mainsail, self-tacking jib and gennaker on roller furling allowing performance optimization in light wind while maintaining simple handling with reduced crew. The signature double helm station of the range provides excellent sailing feel and direct visibility of the sails and sea. The numerous onboard comfort options include notably the biminis at both helm stations, cockpit cushions, Fusion Apollo audio package, the tender equipped with its Mercury 6 hp outboard and complete safety equipment.\n\nThis ready-to-sail catamaran represents an excellent opportunity for an immediate cruising program in the Caribbean or departure for a long voyage.\n\nA complete file including photos, videos, 3D tour and detailed inventory is available upon request."],"_wp_page_template":["default"],"_alp_processed":["1778457775"],"_wpml_word_count":["427"],"_wc_gla_synced_at":["1778457936"],"_wc_gla_visibility":["sync-and-show"],"_wc_gla_google_ids":["a:1:{s:2:\"FR\";s:22:\"online:fr:FR:gla_70041\";}"],"_uag_css_file_name":["uag-css-70041.css"],"_uag_page_assets":["a:9:{s:3:\"css\";s:0:\"\";s:2:\"js\";s:0:\"\";s:18:\"current_block_list\";a:11:{i:0;s:11:\"core\/search\";i:1;s:10:\"core\/group\";i:2;s:12:\"core\/heading\";i:3;s:17:\"core\/latest-posts\";i:4;s:20:\"core\/latest-comments\";i:5;s:13:\"core\/archives\";i:6;s:15:\"core\/categories\";i:7;s:27:\"woocommerce\/product-filters\";i:8;s:32:\"woocommerce\/product-filter-price\";i:9;s:39:\"woocommerce\/product-filter-price-slider\";i:10;s:11:\"core\/spacer\";}s:8:\"uag_flag\";b:0;s:11:\"uag_version\";s:10:\"1778515715\";s:6:\"gfonts\";a:1:{s:7:\"Default\";a:2:{s:10:\"fontfamily\";s:7:\"Default\";s:12:\"fontvariants\";a:0:{}}}s:10:\"gfonts_url\";s:77:\"https:\/\/fonts.googleapis.com\/css?family=Default&subset=latin&display=fallback\";s:12:\"gfonts_files\";a:0:{}s:14:\"uag_faq_layout\";b:0;}"]},"uagb_featured_image_src":{"full":["https:\/\/elissa-yachting.fr\/wp-content\/uploads\/2026\/05\/2021-Excess-11-10_oJtJmwc.jpeg",1024,683,false],"thumbnail":["https:\/\/elissa-yachting.fr\/wp-content\/uploads\/2026\/05\/2021-Excess-11-10_oJtJmwc-150x150.jpeg",150,150,true],"medium":["https:\/\/elissa-yachting.fr\/wp-content\/uploads\/2026\/05\/2021-Excess-11-10_oJtJmwc-300x200.jpeg",300,200,true],"medium_large":["https:\/\/elissa-yachting.fr\/wp-content\/uploads\/2026\/05\/2021-Excess-11-10_oJtJmwc-768x512.jpeg",768,512,true],"large":["https:\/\/elissa-yachting.fr\/wp-content\/uploads\/2026\/05\/2021-Excess-11-10_oJtJmwc.jpeg",1024,683,false],"1536x1536":["https:\/\/elissa-yachting.fr\/wp-content\/uploads\/2026\/05\/2021-Excess-11-10_oJtJmwc.jpeg",1024,683,false],"2048x2048":["https:\/\/elissa-yachting.fr\/wp-content\/uploads\/2026\/05\/2021-Excess-11-10_oJtJmwc.jpeg",1024,683,false],"woocommerce_thumbnail":["https:\/\/elissa-yachting.fr\/wp-content\/uploads\/2026\/05\/2021-Excess-11-10_oJtJmwc-400x267.jpeg",400,267,true],"woocommerce_single":["https:\/\/elissa-yachting.fr\/wp-content\/uploads\/2026\/05\/2021-Excess-11-10_oJtJmwc-612x408.jpeg",612,408,true],"woocommerce_gallery_thumbnail":["https:\/\/elissa-yachting.fr\/wp-content\/uploads\/2026\/05\/2021-Excess-11-10_oJtJmwc-100x100.jpeg",100,100,true]},"uagb_author_info":{"display_name":"","author_link":"https:\/\/elissa-yachting.fr\/en\/author"},"uagb_comment_info":0,"uagb_excerpt":"Excess 11 -2021 Excess 11 Catamaran Excess 11 \u2013 2022 \u2013 Version 4 cabines \/ 2 salles d\u2019eau \u2013 Disponible [&hellip;]","_links":{"self":[{"href":"https:\/\/elissa-yachting.fr\/en\/wp-json\/wp\/v2\/product\/70041","targetHints":{"allow":["GET"]}}],"collection":[{"href":"https:\/\/elissa-yachting.fr\/en\/wp-json\/wp\/v2\/product"}],"about":[{"href":"https:\/\/elissa-yachting.fr\/en\/wp-json\/wp\/v2\/types\/product"}],"wp:featuredmedia":[{"embeddable":true,"href":"https:\/\/elissa-yachting.fr\/en\/wp-json\/wp\/v2\/media\/70042"}],"wp:attachment":[{"href":"https:\/\/elissa-yachting.fr\/en\/wp-json\/wp\/v2\/media?parent=70041"}],"wp:term":[{"taxonomy":"product_brand","embeddable":true,"href":"https:\/\/elissa-yachting.fr\/en\/wp-json\/wp\/v2\/product_brand?post=70041"},{"taxonomy":"product_cat","embeddable":true,"href":"https:\/\/elissa-yachting.fr\/en\/wp-json\/wp\/v2\/product_cat?post=70041"},{"taxonomy":"product_tag","embeddable":true,"href":"https:\/\/elissa-yachting.fr\/en\/wp-json\/wp\/v2\/product_tag?post=70041"},{"taxonomy":"broker","embeddable":true,"href":"https:\/\/elissa-yachting.fr\/en\/wp-json\/wp\/v2\/broker?post=70041"}],"curies":[{"name":"wp","href":"https:\/\/api.w.org\/{rel}","templated":true}]}}